{"id":720,"date":"2021-12-05T16:51:31","date_gmt":"2021-12-05T21:51:31","guid":{"rendered":"https:\/\/www.emecmt.com\/learning-centre\/video-library\/"},"modified":"2025-07-28T10:17:03","modified_gmt":"2025-07-28T14:17:03","slug":"videotheque","status":"publish","type":"page","link":"https:\/\/www.emecmt.com\/fr\/centre-dapprentissage\/videotheque\/","title":{"rendered":"Video Library (FR)"},"content":{"rendered":"<section class=\"wpb-content-wrapper\"><p>[vc_row][vc_column]\n    <div class='tabs-container ' id=''>\n      <div class='tabs-nav'>\n        <div class='tabs-list d-none' id='nav-tab' role='tablist'>\n          <a href='#tabid-D\u00c9MO-MACHINE' class='tab-link' id='tab-D\u00c9MO-MACHINE' aria-controls='tabid-D\u00c9MO-MACHINE' data-toggle='tab' role='tab' aria-selected='false'>D\u00c9MO MACHINE<\/a><a href='#tabid-APPRENEZ-AVEC-EMEC-Section-OKUMA' class='tab-link' id='tab-APPRENEZ-AVEC-EMEC-Section-OKUMA' aria-controls='tabid-APPRENEZ-AVEC-EMEC-Section-OKUMA' data-toggle='tab' role='tab' aria-selected='false'>APPRENEZ AVEC EMEC: Section OKUMA<\/a><a href='#tabid-\u00c9V\u00c9NEMENTS' class='tab-link' id='tab-\u00c9V\u00c9NEMENTS' aria-controls='tabid-\u00c9V\u00c9NEMENTS' data-toggle='tab' role='tab' aria-selected='false'>\u00c9V\u00c9NEMENTS<\/a>\n        <\/div>\n        <div class='tabs-list tabs-list-mobile position-relative d-block'>\n          <span class='tab-label'>Category<\/span>\n          <button class='nav-link dropdown-toggle' id='tab-dropdown' role='button' data-toggle='dropdown' aria-haspopup='true' aria-expanded='false'>\n          <\/button>\n          <div class='dropdown-menu' aria-labelledby='tab-dropdown'>\n            <a href='#tabid-D\u00c9MO-MACHINE' class='tab-link' id='tab-D\u00c9MO-MACHINE' aria-controls='tabid-D\u00c9MO-MACHINE' data-toggle='tab' role='tab' aria-selected='false'>D\u00c9MO MACHINE<\/a><a href='#tabid-APPRENEZ-AVEC-EMEC-Section-OKUMA' class='tab-link' id='tab-APPRENEZ-AVEC-EMEC-Section-OKUMA' aria-controls='tabid-APPRENEZ-AVEC-EMEC-Section-OKUMA' data-toggle='tab' role='tab' aria-selected='false'>APPRENEZ AVEC EMEC: Section OKUMA<\/a><a href='#tabid-\u00c9V\u00c9NEMENTS' class='tab-link' id='tab-\u00c9V\u00c9NEMENTS' aria-controls='tabid-\u00c9V\u00c9NEMENTS' data-toggle='tab' role='tab' aria-selected='false'>\u00c9V\u00c9NEMENTS<\/a>\n          <\/div>\n        <\/div>\n      <\/div>\n\n      <div class='tab-content tabs-inner-container' id='nav-tabContent'>\n      <div class='tab-pane fade ' id='tabid-D\u00c9MO-MACHINE' aria-labelledby='tab-D\u00c9MO-MACHINE' role='tabpanel'>\n      <div class='section-content wpb_text_column wpb_content_element align-left Select txt-black  '><div class='wpb_wrapper'><h3>OKUMA<\/h3>\n<\/div><\/div>[vc_row_inner][vc_column_inner width=&#8221;1\/3&#8243;][vc_video link=&#8221;https:\/\/www.youtube.com\/embed\/JsSUl2Q85cQ&#8221; align=&#8221;center&#8221; title=&#8221;Tour horizontal LB3000EXII-MYW&#8221;][\/vc_column_inner][vc_column_inner width=&#8221;1\/3&#8243;][vc_video link=&#8221;https:\/\/youtu.be\/gDZz0CRsETM&#8221; align=&#8221;center&#8221; title=&#8221;Tour multit\u00e2che GENOS L300E-MY&#8221;][\/vc_column_inner][vc_column_inner width=&#8221;1\/3&#8243;][vc_video link=&#8221;https:\/\/youtu.be\/g63PqHrPELQ&#8221; align=&#8221;center&#8221; title=&#8221;Tour multit\u00e2che MULTUS B250 II&#8221;][\/vc_column_inner][\/vc_row_inner][vc_row_inner][vc_column_inner width=&#8221;1\/3&#8243;][vc_video link=&#8221;https:\/\/youtu.be\/38uSmlpXQ1U&#8221; align=&#8221;center&#8221; title=&#8221;LB3000 EX II Pr\u00e9sentation de l&#8217;unit\u00e9 de brochage pilot\u00e9e par l&#8217;OMC&#8221;][\/vc_column_inner][vc_column_inner width=&#8221;1\/3&#8243;][vc_video link=&#8221;https:\/\/youtu.be\/RvKX9lvklXw&#8221; align=&#8221;center&#8221; title=&#8221;GENOS L3000 expose Sandviks Prime&amp; Primeturning&#8221;][\/vc_column_inner][vc_column_inner width=&#8221;1\/3&#8243;][\/vc_column_inner][\/vc_row_inner][vc_row_inner][vc_column_inner width=&#8221;1\/3&#8243;][vc_video link=&#8221;https:\/\/youtu.be\/DisGJzDob-U&#8221; align=&#8221;center&#8221; title=&#8221;Centre d&#8217;usinage vertical GENOS M560-V&#8221;][\/vc_column_inner][vc_column_inner width=&#8221;1\/3&#8243;][vc_video link=&#8221;https:\/\/youtu.be\/7P7d0kQKol4&#8243; align=&#8221;center&#8221; title=&#8221;D\u00e9mo GENOS M460V-5AX ESPRIT Spit Fire&#8221;][\/vc_column_inner][vc_column_inner width=&#8221;1\/3&#8243;][\/vc_column_inner][\/vc_row_inner]<div class='section-content wpb_text_column wpb_content_element align-left Select txt-black  '><div class='wpb_wrapper'><h3>TSUGAMI<\/h3>\n<\/div><\/div>[vc_row_inner][vc_column_inner width=&#8221;1\/3&#8243;][vc_video link=&#8221;https:\/\/youtu.be\/6NuBq6PtOo8&#8243; align=&#8221;center&#8221; title=&#8221;D\u00e9mo en laiton de type suisse S205&#8243;][\/vc_column_inner][vc_column_inner width=&#8221;1\/3&#8243;][vc_video link=&#8221;https:\/\/youtu.be\/bT1CwZk355M&#8221; align=&#8221;center&#8221; title=&#8221;D\u00e9mo de poulie de courroie de plomb automobile M08SY&#8221;][\/vc_column_inner][vc_column_inner width=&#8221;1\/3&#8243;][vc_video link=&#8221;https:\/\/youtu.be\/8uGX87Pbhhw&#8221; align=&#8221;center&#8221; title=&#8221;B0325 D\u00e9mo de type suisse&#8221;][\/vc_column_inner][\/vc_row_inner][vc_row_inner disable_element=&#8221;yes&#8221;][vc_column_inner width=&#8221;1\/3&#8243;][vc_video link=&#8221;https:\/\/youtu.be\/ree3vXndZjk&#8221; align=&#8221;center&#8221; title=&#8221;Centre d&#8217;usinage vertical VM5025IL&#8221;][\/vc_column_inner][vc_column_inner width=&#8221;1\/3&#8243;][vc_video link=&#8221;https:\/\/youtu.be\/NgY0gnlOf5Y&#8221; align=&#8221;center&#8221; title=&#8221;Fraiseuse d&#8217;outillage MB20&#8243;][\/vc_column_inner][vc_column_inner width=&#8221;1\/3&#8243;][\/vc_column_inner][\/vc_row_inner]<\/p>\n\n    <\/div>\n  \n    <div class='tab-pane fade ' id='tabid-APPRENEZ-AVEC-EMEC-Section-OKUMA' aria-labelledby='tab-APPRENEZ-AVEC-EMEC-Section-OKUMA' role='tabpanel'>\n      <p>[vc_row_inner][vc_column_inner width=&#8221;1\/3&#8243;][vc_video link=&#8221;https:\/\/www.youtube.com\/watch?v=1Xq8l6OLKo8&#8243; align=&#8221;center&#8221; title=&#8221;Conseil de r\u00e9duction du temps de cycle&#8221;][\/vc_column_inner][vc_column_inner width=&#8221;1\/3&#8243;][\/vc_column_inner][vc_column_inner width=&#8221;1\/3&#8243;][\/vc_column_inner][\/vc_row_inner]<\/p>\n\n    <\/div>\n  \n    <div class='tab-pane fade ' id='tabid-\u00c9V\u00c9NEMENTS' aria-labelledby='tab-\u00c9V\u00c9NEMENTS' role='tabpanel'>\n      <p>[vc_row_inner disable_element=&#8221;yes&#8221;][vc_column_inner width=&#8221;1\/3&#8243;][vc_video link=&#8221;https:\/\/www.youtube.com\/watch?v=FEtV65nZ7Zw&#8221; align=&#8221;center&#8221; title=&#8221;Portes ouvertes \u2013 01 mai &amp; 02 mai 2021&#8243;][\/vc_column_inner][vc_column_inner width=&#8221;1\/3&#8243;][vc_video link=&#8221;https:\/\/youtu.be\/cemsTUf3BFU&#8221; align=&#8221;center&#8221; title=&#8221;L\u2019annuel JOH &#8211; 25 &amp; 26 avril 2017&#8243;][\/vc_column_inner][vc_column_inner width=&#8221;1\/3&#8243;][\/vc_column_inner][\/vc_row_inner]<\/p>\n\n    <\/div>\n\n      <\/div>\n    <\/div>\n\n    <script>\n    jQuery(document).ready(function ($) {\n      $('.tab-pane').first().addClass('active show ');\n      $('.tab-link').first().addClass('active show ');\n      $('.tab-link').first().attr('aria-selected', 'true');\n\n      const firstId = $('.tabs-list .dropdown-menu a').first().attr('id');\n      const firstText = $('.tabs-list .dropdown-menu a').first().text();\n\n      $('#tab-dropdown').attr('dataid', firstId);\n      $('#tab-dropdown').text(firstText);\n      $('.tabs-list .dropdown-menu a').first().addClass('active');\n\n      \/\/ Desktop tab menu handler\n      $('#nav-tab a').click(function() {\n        $('.tabs-list a').removeClass('active show');\n        $('.tab-pane').removeClass('active show');\n        $('.tab-link').attr('aria-selected', 'false');\n\n        \/\/ $(this).addClass('active show'); \/\/ Remove this line if tab content fade functionality is required\n        $(this).attr('aria-selected', 'true');\n\n        \/\/ Desktop content pane\n        $('[aria-labelledby=' + $(this).attr('id') + ']').addClass('active show');\n\n        \/\/ Targets mobile dropdown\n        $('#tab-dropdown').attr('dataid', $(this).attr('id'));\n        $('#tab-dropdown').text($(this).text());\n        $('.tabs-list .dropdown-menu a#' + $(this).attr('id')).addClass('active');\n      });\n\n      \/\/ Mobile dropdown menu handler\n      $('.tabs-list .dropdown-menu a').click(function() {\n        $('.tabs-list .dropdown-menu a').removeClass('active');\n        $('#nav-tab a').removeClass('active');\n        $('#nav-tab a#' + $(this).attr('id')).addClass('active');\n        $('#tab-dropdown').attr('dataid', $(this).attr('id'));\n        $('#tab-dropdown').text($(this).text());\n      });\n    });\n    <\/script>    \n  [\/vc_column][\/vc_row][vc_section css=&#8221;.vc_custom_1641689695255{padding-top: 0px !important;}&#8221;][vc_row equal_height=&#8221;yes&#8221;][vc_column width=&#8221;1\/2&#8243;]\n    <div class='cta-box-container bg-light-grey'>\n      <span class='cta-box-subtitle'><\/span>\n      <h3 class='cta-box-title'>INT\u00c9RESS\u00c9 PAR UNE MACHINE OU VOUS AVEZ UNE QUESTION?<\/h3>\n      <p class='cta-box-body'>Que vous ayez un besoin sp\u00e9cifique en t\u00eate ou que vous soyez encore en phase de planification, parlons-en. Nous pouvons travailler ensemble pour trouver une solution pour aider votre entreprise \u00e0 atteindre ses objectifs.<\/p>\n      <a class='cta-box-btn' href='https:\/\/www.emecmt.com\/fr\/pour-nous-joindre\/demander-un-devis-de-machine\/' >\n        CONNECTEZ-VOUS AVEC NOUS<i class='fas fa-chevron-right'><\/i>\n      <\/a>\n    <\/div>\n  [\/vc_column][vc_column width=&#8221;1\/2&#8243;]\n    <div class='cta-box-container bg-light-grey'>\n      <span class='cta-box-subtitle'><\/span>\n      <h3 class='cta-box-title'>VISITEZ NOS CENTRES TECHNIQUES<\/h3>\n      <p class='cta-box-body'>D\u00e9couvrez des solutions d'usine intelligentes abordables dans nos salles d'exposition de Mississauga et de Montr\u00e9al ! Nous sommes impatients de vous rencontrer!<\/p>\n      <a class='cta-box-btn' href='https:\/\/www.emecmt.com\/fr\/centres-techniques\/' >\n        APPRENDRE ENCORE PLUS<i class='fas fa-chevron-right'><\/i>\n      <\/a>\n    <\/div>\n  [\/vc_column][\/vc_row][\/vc_section]<\/p>\n<\/section>","protected":false},"excerpt":{"rendered":"<p>[vc_row][vc_column][\/vc_column][\/vc_row][vc_section css=&#8221;.vc_custom_1641689695255{padding-top: 0px !important;}&#8221;][vc_row equal_height=&#8221;yes&#8221;][vc_column width=&#8221;1\/2&#8243;][\/vc_column][vc_column width=&#8221;1\/2&#8243;][\/vc_column][\/vc_row][\/vc_section]<\/p>\n","protected":false},"author":1,"featured_media":0,"parent":676,"menu_order":3,"comment_status":"closed","ping_status":"closed","template":"","meta":{"footnotes":""},"class_list":["post-720","page","type-page","status-publish","hentry"],"acf":[],"aioseo_notices":[],"_links":{"self":[{"href":"https:\/\/www.emecmt.com\/fr\/wp-json\/wp\/v2\/pages\/720","targetHints":{"allow":["GET"]}}],"collection":[{"href":"https:\/\/www.emecmt.com\/fr\/wp-json\/wp\/v2\/pages"}],"about":[{"href":"https:\/\/www.emecmt.com\/fr\/wp-json\/wp\/v2\/types\/page"}],"author":[{"embeddable":true,"href":"https:\/\/www.emecmt.com\/fr\/wp-json\/wp\/v2\/users\/1"}],"replies":[{"embeddable":true,"href":"https:\/\/www.emecmt.com\/fr\/wp-json\/wp\/v2\/comments?post=720"}],"version-history":[{"count":0,"href":"https:\/\/www.emecmt.com\/fr\/wp-json\/wp\/v2\/pages\/720\/revisions"}],"up":[{"embeddable":true,"href":"https:\/\/www.emecmt.com\/fr\/wp-json\/wp\/v2\/pages\/676"}],"wp:attachment":[{"href":"https:\/\/www.emecmt.com\/fr\/wp-json\/wp\/v2\/media?parent=720"}],"curies":[{"name":"wp","href":"https:\/\/api.w.org\/{rel}","templated":true}]}}