{"id":704,"date":"2021-12-05T16:58:02","date_gmt":"2021-12-05T21:58:02","guid":{"rendered":"https:\/\/www.emecmt.com\/contact-us\/tech-centre-appointment-request\/"},"modified":"2022-03-16T14:58:10","modified_gmt":"2022-03-16T18:58:10","slug":"rendez-vous-au-centre-technique","status":"publish","type":"page","link":"https:\/\/www.emecmt.com\/fr\/pour-nous-joindre\/rendez-vous-au-centre-technique\/","title":{"rendered":"Tech Centre Appointment Request (FR)"},"content":{"rendered":"<section class=\"wpb-content-wrapper\"><p>[vc_row][vc_column width=&#8221;2\/3&#8243; offset=&#8221;vc_col-lg-offset-2 vc_col-lg-8 vc_col-md-offset-2 vc_col-md-8 vc_col-sm-offset-2&#8243;]<script type=\"text\/javascript\">var gform;gform||(document.addEventListener(\"gform_main_scripts_loaded\",function(){gform.scriptsLoaded=!0}),window.addEventListener(\"DOMContentLoaded\",function(){gform.domLoaded=!0}),gform={domLoaded:!1,scriptsLoaded:!1,initializeOnLoaded:function(o){gform.domLoaded&&gform.scriptsLoaded?o():!gform.domLoaded&&gform.scriptsLoaded?window.addEventListener(\"DOMContentLoaded\",o):document.addEventListener(\"gform_main_scripts_loaded\",o)},hooks:{action:{},filter:{}},addAction:function(o,n,r,t){gform.addHook(\"action\",o,n,r,t)},addFilter:function(o,n,r,t){gform.addHook(\"filter\",o,n,r,t)},doAction:function(o){gform.doHook(\"action\",o,arguments)},applyFilters:function(o){return gform.doHook(\"filter\",o,arguments)},removeAction:function(o,n){gform.removeHook(\"action\",o,n)},removeFilter:function(o,n,r){gform.removeHook(\"filter\",o,n,r)},addHook:function(o,n,r,t,i){null==gform.hooks[o][n]&&(gform.hooks[o][n]=[]);var e=gform.hooks[o][n];null==i&&(i=n+\"_\"+e.length),gform.hooks[o][n].push({tag:i,callable:r,priority:t=null==t?10:t})},doHook:function(n,o,r){var t;if(r=Array.prototype.slice.call(r,1),null!=gform.hooks[n][o]&&((o=gform.hooks[n][o]).sort(function(o,n){return o.priority-n.priority}),o.forEach(function(o){\"function\"!=typeof(t=o.callable)&&(t=window[t]),\"action\"==n?t.apply(null,r):r[0]=t.apply(null,r)})),\"filter\"==n)return r[0]},removeHook:function(o,n,t,i){var r;null!=gform.hooks[o][n]&&(r=(r=gform.hooks[o][n]).filter(function(o,n,r){return!!(null!=i&&i!=o.tag||null!=t&&t!=o.priority)}),gform.hooks[o][n]=r)}});<\/script>\n                <div class='gf_browser_gecko gform_wrapper gravity-theme' id='gform_wrapper_23' >\n                        <div class='gform_heading'>\n\t\t\t\t\t\t\t<p class='gform_required_legend'>&quot;<span class=\"gfield_required gfield_required_asterisk\">*<\/span>&quot; indicates required fields<\/p>\n                        <\/div><form method='post' enctype='multipart\/form-data'  id='gform_23'  action='\/fr\/wp-json\/wp\/v2\/pages\/704' > \r\n <input type='hidden' class='gforms-pum' value='{\"closepopup\":false,\"closedelay\":0,\"openpopup\":false,\"openpopup_id\":0}' \/>\n                        <div class='gform_body gform-body'><div id='gform_fields_23' class='gform_fields top_label form_sublabel_below description_below'><div id=\"field_23_4\"  class=\"gfield gfield--width-full gfield_contains_required field_sublabel_below field_description_below gfield_visibility_visible\"  data-js-reload=\"field_23_4\"><label class='gfield_label' for='input_23_4' >Nom de la compagnie<span class=\"gfield_required\"><span class=\"gfield_required gfield_required_asterisk\">*<\/span><\/span><\/label><div class='ginput_container ginput_container_text'><input name='input_4' id='input_23_4' type='text' value='' class='large'     aria-required=\"true\" aria-invalid=\"false\"   \/> <\/div><\/div><div id=\"field_23_1\"  class=\"gfield gfield--width-half gfield_contains_required field_sublabel_below field_description_below gfield_visibility_visible\"  data-js-reload=\"field_23_1\"><label class='gfield_label' for='input_23_1' >Pr\u00e9nom<span class=\"gfield_required\"><span class=\"gfield_required gfield_required_asterisk\">*<\/span><\/span><\/label><div class='ginput_container ginput_container_text'><input name='input_1' id='input_23_1' type='text' value='' class='large'     aria-required=\"true\" aria-invalid=\"false\"   \/> <\/div><\/div><div id=\"field_23_2\"  class=\"gfield gfield--width-half gfield_contains_required field_sublabel_below field_description_below gfield_visibility_visible\"  data-js-reload=\"field_23_2\"><label class='gfield_label' for='input_23_2' >Nom de Famille<span class=\"gfield_required\"><span class=\"gfield_required gfield_required_asterisk\">*<\/span><\/span><\/label><div class='ginput_container ginput_container_text'><input name='input_2' id='input_23_2' type='text' value='' class='large'     aria-required=\"true\" aria-invalid=\"false\"   \/> <\/div><\/div><div id=\"field_23_3\"  class=\"gfield gfield--width-half gfield_contains_required field_sublabel_below field_description_below gfield_visibility_visible\"  data-js-reload=\"field_23_3\"><label class='gfield_label' for='input_23_3' >Adresse courriel<span class=\"gfield_required\"><span class=\"gfield_required gfield_required_asterisk\">*<\/span><\/span><\/label><div class='ginput_container ginput_container_email'>\n                            <input name='input_3' id='input_23_3' type='text' value='' class='large'    aria-required=\"true\" aria-invalid=\"false\"  \/>\n                        <\/div><\/div><div id=\"field_23_5\"  class=\"gfield gfield--width-half gfield_contains_required field_sublabel_below field_description_below gfield_visibility_visible\"  data-js-reload=\"field_23_5\"><label class='gfield_label' for='input_23_5' >T\u00e9l\u00e9phone<span class=\"gfield_required\"><span class=\"gfield_required gfield_required_asterisk\">*<\/span><\/span><\/label><div class='ginput_container ginput_container_phone'><input name='input_5' id='input_23_5' type='text' value='' class='large'   aria-required=\"true\" aria-invalid=\"false\"   \/><\/div><\/div><fieldset id=\"field_23_10\"  class=\"gfield gfield--width-full field_sublabel_below field_description_below gfield_visibility_visible\"  data-js-reload=\"field_23_10\"><legend class='gfield_label'  >Pr\u00e9f\u00e9rez-vous \u00eatre contact\u00e9 via<\/legend><div class='ginput_container ginput_container_radio'><div class='gfield_radio' id='input_23_10'>\n\t\t\t<div class='gchoice gchoice_23_10_0'>\n\t\t\t\t\t<input class='gfield-choice-input' name='input_10' type='radio' value='Adresse courriel'  id='choice_23_10_0' onchange='gformToggleRadioOther( this )'    \/>\n\t\t\t\t\t<label for='choice_23_10_0' id='label_23_10_0'>Adresse courriel<\/label>\n\t\t\t<\/div>\n\t\t\t<div class='gchoice gchoice_23_10_1'>\n\t\t\t\t\t<input class='gfield-choice-input' name='input_10' type='radio' value='T\u00e9l\u00e9phone'  id='choice_23_10_1' onchange='gformToggleRadioOther( this )'    \/>\n\t\t\t\t\t<label for='choice_23_10_1' id='label_23_10_1'>T\u00e9l\u00e9phone<\/label>\n\t\t\t<\/div><\/div><\/div><\/fieldset><fieldset id=\"field_23_9\"  class=\"gfield gfield--width-full gfield_contains_required field_sublabel_below field_description_below gfield_visibility_visible\"  data-js-reload=\"field_23_9\"><legend class='gfield_label gfield_label_before_complex'  >Adresse<span class=\"gfield_required\"><span class=\"gfield_required gfield_required_asterisk\">*<\/span><\/span><\/legend>    \n                    <div class='ginput_complex ginput_container has_street has_city has_zip ginput_container_address' id='input_23_9' >\n                         <span class='ginput_full address_line_1 ginput_address_line_1' id='input_23_9_1_container' >\n                                        <input type='text' name='input_9.1' id='input_23_9_1' value=''    aria-required='true'    \/>\n                                        <label for='input_23_9_1' id='input_23_9_1_label' >Adresse<\/label>\n                                    <\/span><span class='ginput_left address_city ginput_address_city' id='input_23_9_3_container' >\n                                    <input type='text' name='input_9.3' id='input_23_9_3' value=''    aria-required='true'    \/>\n                                    <label for='input_23_9_3' id='input_23_9_3_label' >Ville<\/label>\n                                 <\/span><input type='hidden' class='gform_hidden' name='input_9.4' id='input_23_9_4' value=''\/><span class='ginput_right address_zip ginput_address_zip' id='input_23_9_5_container' >\n                                    <input type='text' name='input_9.5' id='input_23_9_5' value=''    aria-required='true'    \/>\n                                    <label for='input_23_9_5' id='input_23_9_5_label' >Code Postale<\/label>\n                                <\/span><input type='hidden' class='gform_hidden' name='input_9.6' id='input_23_9_6' value='' \/>\n                    <div class='gf_clear gf_clear_complex'><\/div>\n                <\/div><\/fieldset><div id=\"field_23_23\"  class=\"gfield gfield--width-full gfield_contains_required field_sublabel_below field_description_below gfield_visibility_visible\"  data-js-reload=\"field_23_23\"><label class='gfield_label' for='input_23_23' >Quel centre technologique souhaitez-vous visiter?<span class=\"gfield_required\"><span class=\"gfield_required gfield_required_asterisk\">*<\/span><\/span><\/label><div class='ginput_container ginput_container_select'><select name='input_23' id='input_23_23' class='large gfield_select'    aria-required=\"true\" aria-invalid=\"false\" ><option value='Mississauga' >Mississauga<\/option><option value='Montreal' >Montreal<\/option><\/select><\/div><\/div><div id=\"field_23_27\"  class=\"gfield gfield--width-half gfield_contains_required field_sublabel_below field_description_below gfield_visibility_visible\"  data-js-reload=\"field_23_27\"><label class='gfield_label' for='input_23_27' >Aurez-vous besoin d&#039;une assistance technique lors de votre visite?<span class=\"gfield_required\"><span class=\"gfield_required gfield_required_asterisk\">*<\/span><\/span><\/label><div class='ginput_container ginput_container_select'><select name='input_27' id='input_23_27' class='large gfield_select'    aria-required=\"true\" aria-invalid=\"false\" ><option value='Oui' >Oui<\/option><option value='Non' >Non<\/option><\/select><\/div><\/div><div id=\"field_23_28\"  class=\"gfield gfield--width-half gfield_contains_required field_sublabel_below field_description_below gfield_visibility_visible\"  data-js-reload=\"field_23_28\"><label class='gfield_label' for='input_23_28' >Aurez-vous besoin d&#039;une assistance commerciale lors de votre visite?<span class=\"gfield_required\"><span class=\"gfield_required gfield_required_asterisk\">*<\/span><\/span><\/label><div class='ginput_container ginput_container_select'><select name='input_28' id='input_23_28' class='large gfield_select'    aria-required=\"true\" aria-invalid=\"false\" ><option value='Oui' >Oui<\/option><option value='Non' >Non<\/option><\/select><\/div><\/div><div id=\"field_23_25\"  class=\"gfield gfield--width-half field_sublabel_below field_description_below gfield_visibility_visible\"  data-js-reload=\"field_23_25\"><label class='gfield_label' for='input_23_25' >Date de pr\u00e9f\u00e9rence:<\/label><div class='ginput_container ginput_container_date'>\n                            <input name='input_25' id='input_23_25' type='text' value='' class='datepicker mdy datepicker_no_icon gdatepicker-no-icon'   placeholder='mm\/dd\/yyyy' aria-describedby=\"input_23_25_date_format\" aria-invalid=\"false\" \/>\n                            <span id='input_23_25_date_format' class='screen-reader-text'>MM slash DD slash YYYY<\/span>\n                        <\/div>\n                        <input type='hidden' id='gforms_calendar_icon_input_23_25' class='gform_hidden' value='https:\/\/www.emecmt.com\/wp-content\/plugins\/gravityforms\/images\/datepicker\/datepicker.svg'\/><\/div><fieldset id=\"field_23_26\"  class=\"gfield gfield--width-half field_sublabel_below field_description_below gfield_visibility_visible\"  data-js-reload=\"field_23_26\"><legend class='gfield_label gfield_label_before_complex'  >Heure de pr\u00e9f\u00e9rence:<\/legend><div class=\"ginput_complex\">\n                        <div class='gfield_time_hour ginput_container ginput_container_time' id='input_23_26'>\n                            <input type='text' maxlength='2' name='input_26[]' id='input_23_26_1' value=''    placeholder='HH' aria-required='false'   \/> \n                            <label class='hour_label screen-reader-text' for='input_23_26_1'>Hours<\/label>\n                        <\/div>\n                        <div class=\"below hour_minute_colon\">:<\/div>\n                        <div class='gfield_time_minute ginput_container ginput_container_time'>\n                            <input type='text' maxlength='2' name='input_26[]' id='input_23_26_2' value=''    placeholder='MM' aria-required='false'  \/>\n                            <label class='minute_label screen-reader-text' for='input_23_26_2'>Minutes<\/label>\n                        <\/div>\n                        <div class='gfield_time_ampm ginput_container ginput_container_time below' >\n                                \n                                <select name='input_26[]' id='input_23_26_3'  >\n                                    <option value='am' >AM<\/option>\n                                    <option value='pm' >PM<\/option>\n                                <\/select> \n                                <label class='am_pm_label screen-reader-text' for='input_23_26_3'>AM\/PM<\/label>                                \n                           <\/div>\n                    <\/div><\/fieldset><div id=\"field_23_6\"  class=\"gfield gfield_contains_required field_sublabel_below field_description_below gfield_visibility_visible\"  data-js-reload=\"field_23_6\"><label class='gfield_label' for='input_23_6' >D\u00e9tails du rendez-vous au centre technique:<span class=\"gfield_required\"><span class=\"gfield_required gfield_required_asterisk\">*<\/span><\/span><\/label><div class='ginput_container ginput_container_textarea'><textarea name='input_6' id='input_23_6' class='textarea medium'     aria-required=\"true\" aria-invalid=\"false\"   rows='10' cols='50'><\/textarea><\/div><\/div><fieldset id=\"field_23_29\"  class=\"gfield gfield--width-full gfield_contains_required field_sublabel_below field_description_below gfield_visibility_visible\"  data-js-reload=\"field_23_29\"><legend class='gfield_label'  >Int\u00e9r\u00eat<span class=\"gfield_required\"><span class=\"gfield_required gfield_required_asterisk\">*<\/span><\/span><\/legend><div class='ginput_container ginput_container_radio'><div class='gfield_radio' id='input_23_29'>\n\t\t\t<div class='gchoice gchoice_23_29_0'>\n\t\t\t\t\t<input class='gfield-choice-input' name='input_29' type='radio' value='D\u00e9monstration de la technologie'  id='choice_23_29_0' onchange='gformToggleRadioOther( this )'    \/>\n\t\t\t\t\t<label for='choice_23_29_0' id='label_23_29_0'>D\u00e9monstration de la technologie<\/label>\n\t\t\t<\/div>\n\t\t\t<div class='gchoice gchoice_23_29_1'>\n\t\t\t\t\t<input class='gfield-choice-input' name='input_29' type='radio' value='D\u00e9mo de machine'  id='choice_23_29_1' onchange='gformToggleRadioOther( this )'    \/>\n\t\t\t\t\t<label for='choice_23_29_1' id='label_23_29_1'>D\u00e9mo de machine<\/label>\n\t\t\t<\/div>\n\t\t\t<div class='gchoice gchoice_23_29_2'>\n\t\t\t\t\t<input class='gfield-choice-input' name='input_29' type='radio' value='Support de formation'  id='choice_23_29_2' onchange='gformToggleRadioOther( this )'    \/>\n\t\t\t\t\t<label for='choice_23_29_2' id='label_23_29_2'>Support de formation<\/label>\n\t\t\t<\/div>\n\t\t\t<div class='gchoice gchoice_23_29_3'>\n\t\t\t\t\t<input class='gfield-choice-input' name='input_29' type='radio' value='Autre'  id='choice_23_29_3' onchange='gformToggleRadioOther( this )'    \/>\n\t\t\t\t\t<label for='choice_23_29_3' id='label_23_29_3'>Autre<\/label>\n\t\t\t<\/div><\/div><\/div><\/fieldset><div id=\"field_23_7\"  class=\"gfield field_sublabel_below field_description_below hidden_label gfield_visibility_visible\"  data-js-reload=\"field_23_7\"><label class='gfield_label' for='input_23_7' >CAPTCHA<\/label><div id='input_23_7' class='ginput_container ginput_recaptcha' data-sitekey='6LdK9g8fAAAAAPB6EGWlh5ZyCYtWcL4_M2_NLhQw'  data-theme='light' data-tabindex='0'  data-badge=''><\/div><\/div><div id=\"field_23_30\"  class=\"gfield gform_validation_container field_sublabel_below field_description_below gfield_visibility_visible\"  data-js-reload=\"field_23_30\"><label class='gfield_label' for='input_23_30' >Phone<\/label><div class='ginput_container'><input name='input_30' id='input_23_30' type='text' value='' \/><\/div><div class='gfield_description' id='gfield_description_23_30'>This field is for validation purposes and should be left unchanged.<\/div><\/div><\/div><\/div>\n        <div class='gform_footer top_label'> <input type='submit' id='gform_submit_button_23' class='gform_button button' value='NOUS FAIRE PARVENIR'  onclick='if(window[\"gf_submitting_23\"]){return false;}  window[\"gf_submitting_23\"]=true;  ' onkeypress='if( event.keyCode == 13 ){ if(window[\"gf_submitting_23\"]){return false;} window[\"gf_submitting_23\"]=true;  jQuery(\"#gform_23\").trigger(\"submit\",[true]); }' \/> \n            <input type='hidden' class='gform_hidden' name='is_submit_23' value='1' \/>\n            <input type='hidden' class='gform_hidden' name='gform_submit' value='23' \/>\n            \n            <input type='hidden' class='gform_hidden' name='gform_unique_id' value='' \/>\n            <input type='hidden' class='gform_hidden' name='state_23' value='WyJ7XCIxMFwiOltcIjcyMjVlYmFhOThmNTk1YTBlMzdkMjY0OTk5YjJhOWQxXCIsXCI5ODIxMDY0MDlhMThjNmQ2OTM2MTQ4ZmZmODU0MmRhMVwiXSxcIjI5XCI6W1wiMzVmM2I3ZWM4ZDQ1MmQ0NWYzN2FkMGFkODE1MzAyMWJcIixcImZkYTMwZTM1ZGIxNDRjYjc4NjlmNTIzMGM4OTI4ZTdhXCIsXCIyMDBhZjgwMTkzOWQ3OWMyZWFiNzkxNzFhMGIxMTU2NVwiLFwiOTg1ZGI2MWJhZTI3ZjNiY2M1MzkzYjUwODRlMTAxNDRcIl19IiwiYzU2ZGZiYWNjN2E2NTAyOTNkYjc1MGUyZTFkM2Y2NzciXQ==' \/>\n            <input type='hidden' class='gform_hidden' name='gform_target_page_number_23' id='gform_target_page_number_23' value='0' \/>\n            <input type='hidden' class='gform_hidden' name='gform_source_page_number_23' id='gform_source_page_number_23' value='1' \/>\n            <input type='hidden' name='gform_field_values' value='' \/>\n            \n        <\/div>\n                        <\/form>\n                        <\/div>[\/vc_column][\/vc_row]<\/p>\n<\/section>","protected":false},"excerpt":{"rendered":"<p>[vc_row][vc_column width=&#8221;2\/3&#8243; offset=&#8221;vc_col-lg-offset-2 vc_col-lg-8 vc_col-md-offset-2 vc_col-md-8 vc_col-sm-offset-2&#8243;][\/vc_column][\/vc_row]<\/p>\n","protected":false},"author":1,"featured_media":0,"parent":690,"menu_order":6,"comment_status":"closed","ping_status":"closed","template":"","meta":{"footnotes":""},"class_list":["post-704","page","type-page","status-publish","hentry"],"acf":[],"aioseo_notices":[],"_links":{"self":[{"href":"https:\/\/www.emecmt.com\/fr\/wp-json\/wp\/v2\/pages\/704","targetHints":{"allow":["GET"]}}],"collection":[{"href":"https:\/\/www.emecmt.com\/fr\/wp-json\/wp\/v2\/pages"}],"about":[{"href":"https:\/\/www.emecmt.com\/fr\/wp-json\/wp\/v2\/types\/page"}],"author":[{"embeddable":true,"href":"https:\/\/www.emecmt.com\/fr\/wp-json\/wp\/v2\/users\/1"}],"replies":[{"embeddable":true,"href":"https:\/\/www.emecmt.com\/fr\/wp-json\/wp\/v2\/comments?post=704"}],"version-history":[{"count":0,"href":"https:\/\/www.emecmt.com\/fr\/wp-json\/wp\/v2\/pages\/704\/revisions"}],"up":[{"embeddable":true,"href":"https:\/\/www.emecmt.com\/fr\/wp-json\/wp\/v2\/pages\/690"}],"wp:attachment":[{"href":"https:\/\/www.emecmt.com\/fr\/wp-json\/wp\/v2\/media?parent=704"}],"curies":[{"name":"wp","href":"https:\/\/api.w.org\/{rel}","templated":true}]}}