{"id":702,"date":"2021-12-05T16:57:49","date_gmt":"2021-12-05T21:57:49","guid":{"rendered":"https:\/\/www.emecmt.com\/contact-us\/service-request\/"},"modified":"2022-03-16T12:36:22","modified_gmt":"2022-03-16T16:36:22","slug":"demande-de-service","status":"publish","type":"page","link":"https:\/\/www.emecmt.com\/fr\/pour-nous-joindre\/demande-de-service\/","title":{"rendered":"Service request (FR)"},"content":{"rendered":"<section class=\"wpb-content-wrapper\"><p>[vc_row][vc_column width=&#8221;2\/3&#8243; offset=&#8221;vc_col-lg-offset-2 vc_col-lg-8 vc_col-md-offset-2 vc_col-md-8 vc_col-sm-offset-2&#8243;]<script type=\"text\/javascript\">var gform;gform||(document.addEventListener(\"gform_main_scripts_loaded\",function(){gform.scriptsLoaded=!0}),window.addEventListener(\"DOMContentLoaded\",function(){gform.domLoaded=!0}),gform={domLoaded:!1,scriptsLoaded:!1,initializeOnLoaded:function(o){gform.domLoaded&&gform.scriptsLoaded?o():!gform.domLoaded&&gform.scriptsLoaded?window.addEventListener(\"DOMContentLoaded\",o):document.addEventListener(\"gform_main_scripts_loaded\",o)},hooks:{action:{},filter:{}},addAction:function(o,n,r,t){gform.addHook(\"action\",o,n,r,t)},addFilter:function(o,n,r,t){gform.addHook(\"filter\",o,n,r,t)},doAction:function(o){gform.doHook(\"action\",o,arguments)},applyFilters:function(o){return gform.doHook(\"filter\",o,arguments)},removeAction:function(o,n){gform.removeHook(\"action\",o,n)},removeFilter:function(o,n,r){gform.removeHook(\"filter\",o,n,r)},addHook:function(o,n,r,t,i){null==gform.hooks[o][n]&&(gform.hooks[o][n]=[]);var e=gform.hooks[o][n];null==i&&(i=n+\"_\"+e.length),gform.hooks[o][n].push({tag:i,callable:r,priority:t=null==t?10:t})},doHook:function(n,o,r){var t;if(r=Array.prototype.slice.call(r,1),null!=gform.hooks[n][o]&&((o=gform.hooks[n][o]).sort(function(o,n){return o.priority-n.priority}),o.forEach(function(o){\"function\"!=typeof(t=o.callable)&&(t=window[t]),\"action\"==n?t.apply(null,r):r[0]=t.apply(null,r)})),\"filter\"==n)return r[0]},removeHook:function(o,n,t,i){var r;null!=gform.hooks[o][n]&&(r=(r=gform.hooks[o][n]).filter(function(o,n,r){return!!(null!=i&&i!=o.tag||null!=t&&t!=o.priority)}),gform.hooks[o][n]=r)}});<\/script>\n                <div class='gf_browser_gecko gform_wrapper gravity-theme' id='gform_wrapper_13' >\n                        <div class='gform_heading'>\n\t\t\t\t\t\t\t<p class='gform_required_legend'>&quot;<span class=\"gfield_required gfield_required_asterisk\">*<\/span>&quot; indicates required fields<\/p>\n                        <\/div><form method='post' enctype='multipart\/form-data'  id='gform_13'  action='\/fr\/wp-json\/wp\/v2\/pages\/702' > \r\n <input type='hidden' class='gforms-pum' value='{\"closepopup\":false,\"closedelay\":0,\"openpopup\":false,\"openpopup_id\":0}' \/>\n                        <div class='gform_body gform-body'><div id='gform_fields_13' class='gform_fields top_label form_sublabel_below description_below'><div id=\"field_13_4\"  class=\"gfield gfield--width-full gfield_contains_required field_sublabel_below field_description_below gfield_visibility_visible\"  data-js-reload=\"field_13_4\"><label class='gfield_label' for='input_13_4' >Nom de la compagnie<span class=\"gfield_required\"><span class=\"gfield_required gfield_required_asterisk\">*<\/span><\/span><\/label><div class='ginput_container ginput_container_text'><input name='input_4' id='input_13_4' type='text' value='' class='large'     aria-required=\"true\" aria-invalid=\"false\"   \/> <\/div><\/div><div id=\"field_13_1\"  class=\"gfield gfield--width-half gfield_contains_required field_sublabel_below field_description_below gfield_visibility_visible\"  data-js-reload=\"field_13_1\"><label class='gfield_label' for='input_13_1' >Pr\u00e9nom<span class=\"gfield_required\"><span class=\"gfield_required gfield_required_asterisk\">*<\/span><\/span><\/label><div class='ginput_container ginput_container_text'><input name='input_1' id='input_13_1' type='text' value='' class='large'     aria-required=\"true\" aria-invalid=\"false\"   \/> <\/div><\/div><div id=\"field_13_2\"  class=\"gfield gfield--width-half gfield_contains_required field_sublabel_below field_description_below gfield_visibility_visible\"  data-js-reload=\"field_13_2\"><label class='gfield_label' for='input_13_2' >Nom de Famille<span class=\"gfield_required\"><span class=\"gfield_required gfield_required_asterisk\">*<\/span><\/span><\/label><div class='ginput_container ginput_container_text'><input name='input_2' id='input_13_2' type='text' value='' class='large'     aria-required=\"true\" aria-invalid=\"false\"   \/> <\/div><\/div><div id=\"field_13_19\"  class=\"gfield gfield--width-full gfield_html gfield_html_formatted gfield_no_follows_desc field_sublabel_below field_description_below gfield_visibility_visible\"  data-js-reload=\"field_13_19\"><hr><\/div><div id=\"field_13_3\"  class=\"gfield gfield--width-half gfield_contains_required field_sublabel_below field_description_below gfield_visibility_visible\"  data-js-reload=\"field_13_3\"><label class='gfield_label' for='input_13_3' >Adresse courriel<span class=\"gfield_required\"><span class=\"gfield_required gfield_required_asterisk\">*<\/span><\/span><\/label><div class='ginput_container ginput_container_email'>\n                            <input name='input_3' id='input_13_3' type='text' value='' class='large'    aria-required=\"true\" aria-invalid=\"false\"  \/>\n                        <\/div><\/div><div id=\"field_13_5\"  class=\"gfield gfield--width-half gfield_contains_required field_sublabel_below field_description_below gfield_visibility_visible\"  data-js-reload=\"field_13_5\"><label class='gfield_label' for='input_13_5' >T\u00e9l\u00e9phone<span class=\"gfield_required\"><span class=\"gfield_required gfield_required_asterisk\">*<\/span><\/span><\/label><div class='ginput_container ginput_container_phone'><input name='input_5' id='input_13_5' type='text' value='' class='large'   aria-required=\"true\" aria-invalid=\"false\"   \/><\/div><\/div><fieldset id=\"field_13_10\"  class=\"gfield gfield--width-full gfield_contains_required field_sublabel_below field_description_below gfield_visibility_visible\"  data-js-reload=\"field_13_10\"><legend class='gfield_label'  >Pr\u00e9f\u00e9rez-vous \u00eatre contact\u00e9 via<span class=\"gfield_required\"><span class=\"gfield_required gfield_required_asterisk\">*<\/span><\/span><\/legend><div class='ginput_container ginput_container_radio'><div class='gfield_radio' id='input_13_10'>\n\t\t\t<div class='gchoice gchoice_13_10_0'>\n\t\t\t\t\t<input class='gfield-choice-input' name='input_10' type='radio' value='Adresse courriel'  id='choice_13_10_0' onchange='gformToggleRadioOther( this )'    \/>\n\t\t\t\t\t<label for='choice_13_10_0' id='label_13_10_0'>Adresse courriel<\/label>\n\t\t\t<\/div>\n\t\t\t<div class='gchoice gchoice_13_10_1'>\n\t\t\t\t\t<input class='gfield-choice-input' name='input_10' type='radio' value='T\u00e9l\u00e9phone'  id='choice_13_10_1' onchange='gformToggleRadioOther( this )'    \/>\n\t\t\t\t\t<label for='choice_13_10_1' id='label_13_10_1'>T\u00e9l\u00e9phone<\/label>\n\t\t\t<\/div><\/div><\/div><\/fieldset><div id=\"field_13_18\"  class=\"gfield gfield--width-full gfield_html gfield_html_formatted gfield_no_follows_desc field_sublabel_below field_description_below gfield_visibility_visible\"  data-js-reload=\"field_13_18\"><hr><\/div><fieldset id=\"field_13_9\"  class=\"gfield gfield--width-full gfield_contains_required field_sublabel_below field_description_below gfield_visibility_visible\"  data-js-reload=\"field_13_9\"><legend class='gfield_label gfield_label_before_complex'  >Adresse<span class=\"gfield_required\"><span class=\"gfield_required gfield_required_asterisk\">*<\/span><\/span><\/legend>    \n                    <div class='ginput_complex ginput_container has_street has_city has_state has_zip ginput_container_address' id='input_13_9' >\n                         <span class='ginput_full address_line_1 ginput_address_line_1' id='input_13_9_1_container' >\n                                        <input type='text' name='input_9.1' id='input_13_9_1' value=''    aria-required='true'    aria-describedby=\"gfield_description_13_9\"\/>\n                                        <label for='input_13_9_1' id='input_13_9_1_label' >Adresse<\/label>\n                                    <\/span><span class='ginput_left address_city ginput_address_city' id='input_13_9_3_container' >\n                                    <input type='text' name='input_9.3' id='input_13_9_3' value=''    aria-required='true'    \/>\n                                    <label for='input_13_9_3' id='input_13_9_3_label' >Ville<\/label>\n                                 <\/span><span class='ginput_right address_state ginput_address_state' id='input_13_9_4_container' >\n                                        <input type='text' name='input_9.4' id='input_13_9_4' value=''      aria-required='true'    \/>\n                                        <label for='input_13_9_4' id='input_13_9_4_label' >Province<\/label>\n                                      <\/span><span class='ginput_left address_zip ginput_address_zip' id='input_13_9_5_container' >\n                                    <input type='text' name='input_9.5' id='input_13_9_5' value=''    aria-required='true'    \/>\n                                    <label for='input_13_9_5' id='input_13_9_5_label' >Code Postale<\/label>\n                                <\/span><input type='hidden' class='gform_hidden' name='input_9.6' id='input_13_9_6' value='' \/>\n                    <div class='gf_clear gf_clear_complex'><\/div>\n                <\/div><div class='gfield_description' id='gfield_description_13_9'>Adresse o\u00f9 la machine est utilis\u00e9e :<\/div><\/fieldset><div id=\"field_13_20\"  class=\"gfield gfield--width-full gfield_html gfield_html_formatted field_sublabel_below field_description_below gfield_visibility_visible\"  data-js-reload=\"field_13_20\"><hr><\/div><div id=\"field_13_11\"  class=\"gfield gfield--width-half gfield_contains_required field_sublabel_below field_description_below gfield_visibility_visible\"  data-js-reload=\"field_13_11\"><label class='gfield_label' for='input_13_11' >Mod\u00e8le de machine<span class=\"gfield_required\"><span class=\"gfield_required gfield_required_asterisk\">*<\/span><\/span><\/label><div class='ginput_container ginput_container_text'><input name='input_11' id='input_13_11' type='text' value='' class='large'     aria-required=\"true\" aria-invalid=\"false\"   \/> <\/div><\/div><div id=\"field_13_12\"  class=\"gfield gfield--width-half gfield_contains_required field_sublabel_below field_description_below gfield_visibility_visible\"  data-js-reload=\"field_13_12\"><label class='gfield_label' for='input_13_12' >Mod\u00e8le de Control<span class=\"gfield_required\"><span class=\"gfield_required gfield_required_asterisk\">*<\/span><\/span><\/label><div class='ginput_container ginput_container_text'><input name='input_12' id='input_13_12' type='text' value='' class='large'     aria-required=\"true\" aria-invalid=\"false\"   \/> <\/div><\/div><div id=\"field_13_21\"  class=\"gfield gfield--width-full gfield_contains_required field_sublabel_below field_description_below gfield_visibility_visible\"  data-js-reload=\"field_13_21\"><label class='gfield_label' for='input_13_21' >Num\u00e9ro de s\u00e9rie de la machine<span class=\"gfield_required\"><span class=\"gfield_required gfield_required_asterisk\">*<\/span><\/span><\/label><div class='ginput_container ginput_container_text'><input name='input_21' id='input_13_21' type='text' value='' class='large'     aria-required=\"true\" aria-invalid=\"false\"   \/> <\/div><\/div><fieldset id=\"field_13_24\"  class=\"gfield gfield--width-full gfield_contains_required field_sublabel_below field_description_below gfield_visibility_visible\"  data-js-reload=\"field_13_24\"><legend class='gfield_label'  >En arr\u00eat de production<span class=\"gfield_required\"><span class=\"gfield_required gfield_required_asterisk\">*<\/span><\/span><\/legend><div class='ginput_container ginput_container_radio'><div class='gfield_radio' id='input_13_24'>\n\t\t\t<div class='gchoice gchoice_13_24_0'>\n\t\t\t\t\t<input class='gfield-choice-input' name='input_24' type='radio' value='OUI'  id='choice_13_24_0' onchange='gformToggleRadioOther( this )'    \/>\n\t\t\t\t\t<label for='choice_13_24_0' id='label_13_24_0'>OUI<\/label>\n\t\t\t<\/div>\n\t\t\t<div class='gchoice gchoice_13_24_1'>\n\t\t\t\t\t<input class='gfield-choice-input' name='input_24' type='radio' value='NON'  id='choice_13_24_1' onchange='gformToggleRadioOther( this )'    \/>\n\t\t\t\t\t<label for='choice_13_24_1' id='label_13_24_1'>NON<\/label>\n\t\t\t<\/div><\/div><\/div><\/fieldset><div id=\"field_13_6\"  class=\"gfield gfield_contains_required field_sublabel_below field_description_below gfield_visibility_visible\"  data-js-reload=\"field_13_6\"><label class='gfield_label' for='input_13_6' >Description<span class=\"gfield_required\"><span class=\"gfield_required gfield_required_asterisk\">*<\/span><\/span><\/label><div class='ginput_container ginput_container_textarea'><textarea name='input_6' id='input_13_6' class='textarea medium'    placeholder='Toute information relative \u00e0 ce probl\u00e8me et le meilleur moment pour appeler. S&#039;il y a une photo de l&#039;\u00e9cran de contr\u00f4le montrant l&#039;alarme, veuillez la joindre \u00e0 cette demande.' aria-required=\"true\" aria-invalid=\"false\"   rows='10' cols='50'><\/textarea><\/div><\/div><div id=\"field_13_13\"  class=\"gfield gfield--width-full field_sublabel_below field_description_below gfield_visibility_visible\"  data-js-reload=\"field_13_13\"><label class='gfield_label' for='input_13_13' >Attachements<\/label><div class='ginput_container ginput_container_fileupload'><input type='hidden' name='MAX_FILE_SIZE' value='2097152' \/><input name='input_13' id='input_13_13' type='file' class='large' aria-describedby=\"gfield_upload_rules_13_13\" onchange='javascript:gformValidateFileSize( this, 2097152 );'  \/><span class='gform_fileupload_rules' id='gfield_upload_rules_13_13'>Accepted file types: jpg, png, pdf, gif, txt, jpeg, Max. file size: 2 MB.<\/span><div class='validation_message validation_message--hidden-on-empty' id='live_validation_message_13_13'><\/div><\/div><\/div><div id=\"field_13_7\"  class=\"gfield field_sublabel_below field_description_below hidden_label gfield_visibility_visible\"  data-js-reload=\"field_13_7\"><label class='gfield_label' for='input_13_7' >CAPTCHA<\/label><div id='input_13_7' class='ginput_container ginput_recaptcha' data-sitekey='6LdK9g8fAAAAAPB6EGWlh5ZyCYtWcL4_M2_NLhQw'  data-theme='light' data-tabindex='0'  data-badge=''><\/div><\/div><div id=\"field_13_25\"  class=\"gfield gform_validation_container field_sublabel_below field_description_below gfield_visibility_visible\"  data-js-reload=\"field_13_25\"><label class='gfield_label' for='input_13_25' >Email<\/label><div class='ginput_container'><input name='input_25' id='input_13_25' type='text' value='' \/><\/div><div class='gfield_description' id='gfield_description_13_25'>This field is for validation purposes and should be left unchanged.<\/div><\/div><\/div><\/div>\n        <div class='gform_footer top_label'> <input type='submit' id='gform_submit_button_13' class='gform_button button' value='NOUS FAIRE PARVENIR'  onclick='if(window[\"gf_submitting_13\"]){return false;}  window[\"gf_submitting_13\"]=true;  ' onkeypress='if( event.keyCode == 13 ){ if(window[\"gf_submitting_13\"]){return false;} window[\"gf_submitting_13\"]=true;  jQuery(\"#gform_13\").trigger(\"submit\",[true]); }' \/> \n            <input type='hidden' class='gform_hidden' name='is_submit_13' value='1' \/>\n            <input type='hidden' class='gform_hidden' name='gform_submit' value='13' \/>\n            \n            <input type='hidden' class='gform_hidden' name='gform_unique_id' value='' \/>\n            <input type='hidden' class='gform_hidden' name='state_13' value='WyJ7XCIxMFwiOltcIjcyMjVlYmFhOThmNTk1YTBlMzdkMjY0OTk5YjJhOWQxXCIsXCI5ODIxMDY0MDlhMThjNmQ2OTM2MTQ4ZmZmODU0MmRhMVwiXSxcIjI0XCI6W1wiZThhZmQ0MmU4Y2ZkYThhNmQzODc1MTg3ZTViOTc2NGRcIixcIjQ3ZTkwODExNjQyYWQ4NzMwOTFmMzNjMWM0OTZhNjZiXCJdfSIsIjdlMjQ3OTIxZDQyMmMyMDkxNTdlOGM0YTg5MDgxZDNjIl0=' \/>\n            <input type='hidden' class='gform_hidden' name='gform_target_page_number_13' id='gform_target_page_number_13' value='0' \/>\n            <input type='hidden' class='gform_hidden' name='gform_source_page_number_13' id='gform_source_page_number_13' value='1' \/>\n            <input type='hidden' name='gform_field_values' value='' \/>\n            \n        <\/div>\n                        <\/form>\n                        <\/div>[\/vc_column][\/vc_row]<\/p>\n<\/section>","protected":false},"excerpt":{"rendered":"<p>[vc_row][vc_column width=&#8221;2\/3&#8243; offset=&#8221;vc_col-lg-offset-2 vc_col-lg-8 vc_col-md-offset-2 vc_col-md-8 vc_col-sm-offset-2&#8243;][\/vc_column][\/vc_row]<\/p>\n","protected":false},"author":1,"featured_media":0,"parent":690,"menu_order":5,"comment_status":"closed","ping_status":"closed","template":"","meta":{"footnotes":""},"class_list":["post-702","page","type-page","status-publish","hentry"],"acf":[],"aioseo_notices":[],"_links":{"self":[{"href":"https:\/\/www.emecmt.com\/fr\/wp-json\/wp\/v2\/pages\/702","targetHints":{"allow":["GET"]}}],"collection":[{"href":"https:\/\/www.emecmt.com\/fr\/wp-json\/wp\/v2\/pages"}],"about":[{"href":"https:\/\/www.emecmt.com\/fr\/wp-json\/wp\/v2\/types\/page"}],"author":[{"embeddable":true,"href":"https:\/\/www.emecmt.com\/fr\/wp-json\/wp\/v2\/users\/1"}],"replies":[{"embeddable":true,"href":"https:\/\/www.emecmt.com\/fr\/wp-json\/wp\/v2\/comments?post=702"}],"version-history":[{"count":0,"href":"https:\/\/www.emecmt.com\/fr\/wp-json\/wp\/v2\/pages\/702\/revisions"}],"up":[{"embeddable":true,"href":"https:\/\/www.emecmt.com\/fr\/wp-json\/wp\/v2\/pages\/690"}],"wp:attachment":[{"href":"https:\/\/www.emecmt.com\/fr\/wp-json\/wp\/v2\/media?parent=702"}],"curies":[{"name":"wp","href":"https:\/\/api.w.org\/{rel}","templated":true}]}}