{"id":697,"date":"2021-12-05T16:57:38","date_gmt":"2021-12-05T21:57:38","guid":{"rendered":"https:\/\/www.emecmt.com\/contact-us\/engineering-inquiry\/"},"modified":"2022-03-16T09:45:55","modified_gmt":"2022-03-16T13:45:55","slug":"demande-dingenierie","status":"publish","type":"page","link":"https:\/\/www.emecmt.com\/fr\/pour-nous-joindre\/demande-dingenierie\/","title":{"rendered":"Engineering Inquiry (FR)"},"content":{"rendered":"<section class=\"wpb-content-wrapper\"><p>[vc_row][vc_column width=&#8221;2\/3&#8243; offset=&#8221;vc_col-lg-offset-2 vc_col-lg-8 vc_col-md-offset-2 vc_col-md-8 vc_col-sm-offset-2&#8243;]<script type=\"text\/javascript\">var gform;gform||(document.addEventListener(\"gform_main_scripts_loaded\",function(){gform.scriptsLoaded=!0}),window.addEventListener(\"DOMContentLoaded\",function(){gform.domLoaded=!0}),gform={domLoaded:!1,scriptsLoaded:!1,initializeOnLoaded:function(o){gform.domLoaded&&gform.scriptsLoaded?o():!gform.domLoaded&&gform.scriptsLoaded?window.addEventListener(\"DOMContentLoaded\",o):document.addEventListener(\"gform_main_scripts_loaded\",o)},hooks:{action:{},filter:{}},addAction:function(o,n,r,t){gform.addHook(\"action\",o,n,r,t)},addFilter:function(o,n,r,t){gform.addHook(\"filter\",o,n,r,t)},doAction:function(o){gform.doHook(\"action\",o,arguments)},applyFilters:function(o){return gform.doHook(\"filter\",o,arguments)},removeAction:function(o,n){gform.removeHook(\"action\",o,n)},removeFilter:function(o,n,r){gform.removeHook(\"filter\",o,n,r)},addHook:function(o,n,r,t,i){null==gform.hooks[o][n]&&(gform.hooks[o][n]=[]);var e=gform.hooks[o][n];null==i&&(i=n+\"_\"+e.length),gform.hooks[o][n].push({tag:i,callable:r,priority:t=null==t?10:t})},doHook:function(n,o,r){var t;if(r=Array.prototype.slice.call(r,1),null!=gform.hooks[n][o]&&((o=gform.hooks[n][o]).sort(function(o,n){return o.priority-n.priority}),o.forEach(function(o){\"function\"!=typeof(t=o.callable)&&(t=window[t]),\"action\"==n?t.apply(null,r):r[0]=t.apply(null,r)})),\"filter\"==n)return r[0]},removeHook:function(o,n,t,i){var r;null!=gform.hooks[o][n]&&(r=(r=gform.hooks[o][n]).filter(function(o,n,r){return!!(null!=i&&i!=o.tag||null!=t&&t!=o.priority)}),gform.hooks[o][n]=r)}});<\/script>\n                <div class='gf_browser_gecko gform_wrapper gravity-theme' id='gform_wrapper_11' >\n                        <div class='gform_heading'>\n\t\t\t\t\t\t\t<p class='gform_required_legend'>&quot;<span class=\"gfield_required gfield_required_asterisk\">*<\/span>&quot; indicates required fields<\/p>\n                        <\/div><form method='post' enctype='multipart\/form-data'  id='gform_11'  action='\/fr\/wp-json\/wp\/v2\/pages\/697' > \r\n <input type='hidden' class='gforms-pum' value='{\"closepopup\":false,\"closedelay\":0,\"openpopup\":false,\"openpopup_id\":0}' \/>\n                        <div class='gform_body gform-body'><div id='gform_fields_11' class='gform_fields top_label form_sublabel_below description_below'><div id=\"field_11_4\"  class=\"gfield gfield--width-full gfield_contains_required field_sublabel_below field_description_below gfield_visibility_visible\"  data-js-reload=\"field_11_4\"><label class='gfield_label' for='input_11_4' >Nom de la compagnie<span class=\"gfield_required\"><span class=\"gfield_required gfield_required_asterisk\">*<\/span><\/span><\/label><div class='ginput_container ginput_container_text'><input name='input_4' id='input_11_4' type='text' value='' class='large'     aria-required=\"true\" aria-invalid=\"false\"   \/> <\/div><\/div><div id=\"field_11_1\"  class=\"gfield gfield--width-half gfield_contains_required field_sublabel_below field_description_below gfield_visibility_visible\"  data-js-reload=\"field_11_1\"><label class='gfield_label' for='input_11_1' >Pr\u00e9nom<span class=\"gfield_required\"><span class=\"gfield_required gfield_required_asterisk\">*<\/span><\/span><\/label><div class='ginput_container ginput_container_text'><input name='input_1' id='input_11_1' type='text' value='' class='large'     aria-required=\"true\" aria-invalid=\"false\"   \/> <\/div><\/div><div id=\"field_11_2\"  class=\"gfield gfield--width-half gfield_contains_required field_sublabel_below field_description_below gfield_visibility_visible\"  data-js-reload=\"field_11_2\"><label class='gfield_label' for='input_11_2' >Nom de Famille<span class=\"gfield_required\"><span class=\"gfield_required gfield_required_asterisk\">*<\/span><\/span><\/label><div class='ginput_container ginput_container_text'><input name='input_2' id='input_11_2' type='text' value='' class='large'     aria-required=\"true\" aria-invalid=\"false\"   \/> <\/div><\/div><div id=\"field_11_3\"  class=\"gfield gfield--width-half gfield_contains_required field_sublabel_below field_description_below gfield_visibility_visible\"  data-js-reload=\"field_11_3\"><label class='gfield_label' for='input_11_3' >Adresse courriel<span class=\"gfield_required\"><span class=\"gfield_required gfield_required_asterisk\">*<\/span><\/span><\/label><div class='ginput_container ginput_container_email'>\n                            <input name='input_3' id='input_11_3' type='text' value='' class='large'    aria-required=\"true\" aria-invalid=\"false\"  \/>\n                        <\/div><\/div><div id=\"field_11_5\"  class=\"gfield gfield--width-half gfield_contains_required field_sublabel_below field_description_below gfield_visibility_visible\"  data-js-reload=\"field_11_5\"><label class='gfield_label' for='input_11_5' >T\u00e9l\u00e9phone<span class=\"gfield_required\"><span class=\"gfield_required gfield_required_asterisk\">*<\/span><\/span><\/label><div class='ginput_container ginput_container_phone'><input name='input_5' id='input_11_5' type='text' value='' class='large'   aria-required=\"true\" aria-invalid=\"false\"   \/><\/div><\/div><fieldset id=\"field_11_10\"  class=\"gfield gfield--width-full gfield_contains_required field_sublabel_below field_description_below gfield_visibility_visible\"  data-js-reload=\"field_11_10\"><legend class='gfield_label'  >Pr\u00e9f\u00e9rez-vous \u00eatre contact\u00e9 via<span class=\"gfield_required\"><span class=\"gfield_required gfield_required_asterisk\">*<\/span><\/span><\/legend><div class='ginput_container ginput_container_radio'><div class='gfield_radio' id='input_11_10'>\n\t\t\t<div class='gchoice gchoice_11_10_0'>\n\t\t\t\t\t<input class='gfield-choice-input' name='input_10' type='radio' value='Adresse courriel'  id='choice_11_10_0' onchange='gformToggleRadioOther( this )'    \/>\n\t\t\t\t\t<label for='choice_11_10_0' id='label_11_10_0'>Adresse courriel<\/label>\n\t\t\t<\/div>\n\t\t\t<div class='gchoice gchoice_11_10_1'>\n\t\t\t\t\t<input class='gfield-choice-input' name='input_10' type='radio' value='T\u00e9l\u00e9phone' checked='checked' id='choice_11_10_1' onchange='gformToggleRadioOther( this )'    \/>\n\t\t\t\t\t<label for='choice_11_10_1' id='label_11_10_1'>T\u00e9l\u00e9phone<\/label>\n\t\t\t<\/div><\/div><\/div><\/fieldset><fieldset id=\"field_11_9\"  class=\"gfield gfield--width-full gfield_contains_required field_sublabel_below field_description_below gfield_visibility_visible\"  data-js-reload=\"field_11_9\"><legend class='gfield_label gfield_label_before_complex'  >Adresse<span class=\"gfield_required\"><span class=\"gfield_required gfield_required_asterisk\">*<\/span><\/span><\/legend>    \n                    <div class='ginput_complex ginput_container has_street has_city has_zip ginput_container_address' id='input_11_9' >\n                         <span class='ginput_full address_line_1 ginput_address_line_1' id='input_11_9_1_container' >\n                                        <input type='text' name='input_9.1' id='input_11_9_1' value=''    aria-required='true'    \/>\n                                        <label for='input_11_9_1' id='input_11_9_1_label' >Adresse<\/label>\n                                    <\/span><span class='ginput_left address_city ginput_address_city' id='input_11_9_3_container' >\n                                    <input type='text' name='input_9.3' id='input_11_9_3' value=''    aria-required='true'    \/>\n                                    <label for='input_11_9_3' id='input_11_9_3_label' >Ville<\/label>\n                                 <\/span><input type='hidden' class='gform_hidden' name='input_9.4' id='input_11_9_4' value=''\/><span class='ginput_right address_zip ginput_address_zip' id='input_11_9_5_container' >\n                                    <input type='text' name='input_9.5' id='input_11_9_5' value=''    aria-required='true'    \/>\n                                    <label for='input_11_9_5' id='input_11_9_5_label' >Code Postale<\/label>\n                                <\/span><input type='hidden' class='gform_hidden' name='input_9.6' id='input_11_9_6' value='' \/>\n                    <div class='gf_clear gf_clear_complex'><\/div>\n                <\/div><\/fieldset><div id=\"field_11_6\"  class=\"gfield gfield_contains_required field_sublabel_below field_description_below gfield_visibility_visible\"  data-js-reload=\"field_11_6\"><label class='gfield_label' for='input_11_6' >Demande d&#039;ing\u00e9nierie<span class=\"gfield_required\"><span class=\"gfield_required gfield_required_asterisk\">*<\/span><\/span><\/label><div class='ginput_container ginput_container_textarea'><textarea name='input_6' id='input_11_6' class='textarea medium'     aria-required=\"true\" aria-invalid=\"false\"   rows='10' cols='50'><\/textarea><\/div><\/div><div id=\"field_11_13\"  class=\"gfield gfield--width-full field_sublabel_below field_description_below gfield_visibility_visible\"  data-js-reload=\"field_11_13\"><label class='gfield_label' for='input_11_13' >Attachements<\/label><div class='ginput_container ginput_container_fileupload'><input type='hidden' name='MAX_FILE_SIZE' value='2097152' \/><input name='input_13' id='input_11_13' type='file' class='large' aria-describedby=\"gfield_upload_rules_11_13\" onchange='javascript:gformValidateFileSize( this, 2097152 );'  \/><span class='gform_fileupload_rules' id='gfield_upload_rules_11_13'>Accepted file types: jpg, png, pdf, gif, txt, jpeg, Max. file size: 2 MB.<\/span><div class='validation_message validation_message--hidden-on-empty' id='live_validation_message_11_13'><\/div><\/div><\/div><fieldset id=\"field_11_21\"  class=\"gfield gfield--width-half gfield_contains_required field_sublabel_below field_description_below gfield_visibility_visible\"  data-js-reload=\"field_11_21\"><legend class='gfield_label gfield_label_before_complex'  >Int\u00e9r\u00eat pour l&#039;ing\u00e9nierie:<span class=\"gfield_required\"><span class=\"gfield_required gfield_required_asterisk\">*<\/span><\/span><\/legend><div class='ginput_container ginput_container_checkbox'><div class='gfield_checkbox' id='input_11_21'><div class='gchoice gchoice_11_21_1'>\n\t\t\t\t\t\t\t\t<input class='gfield-choice-input' name='input_21.1' type='checkbox'  value='S\u00e9lection de machines et d&#039;outils'  id='choice_11_21_1'   \/>\n\t\t\t\t\t\t\t\t<label for='choice_11_21_1' id='label_11_21_1'>S\u00e9lection de machines et d'outils<\/label>\n\t\t\t\t\t\t\t<\/div><div class='gchoice gchoice_11_21_2'>\n\t\t\t\t\t\t\t\t<input class='gfield-choice-input' name='input_21.2' type='checkbox'  value='\u00c9vaulation du proc\u00e9de'  id='choice_11_21_2'   \/>\n\t\t\t\t\t\t\t\t<label for='choice_11_21_2' id='label_11_21_2'>\u00c9vaulation du proc\u00e9de<\/label>\n\t\t\t\t\t\t\t<\/div><div class='gchoice gchoice_11_21_3'>\n\t\t\t\t\t\t\t\t<input class='gfield-choice-input' name='input_21.3' type='checkbox'  value='Support de formation'  id='choice_11_21_3'   \/>\n\t\t\t\t\t\t\t\t<label for='choice_11_21_3' id='label_11_21_3'>Support de formation<\/label>\n\t\t\t\t\t\t\t<\/div><div class='gchoice gchoice_11_21_4'>\n\t\t\t\t\t\t\t\t<input class='gfield-choice-input' name='input_21.4' type='checkbox'  value='V\u00e9rification des composantes et des outils'  id='choice_11_21_4'   \/>\n\t\t\t\t\t\t\t\t<label for='choice_11_21_4' id='label_11_21_4'>V\u00e9rification des composantes et des outils<\/label>\n\t\t\t\t\t\t\t<\/div><div class='gchoice gchoice_11_21_5'>\n\t\t\t\t\t\t\t\t<input class='gfield-choice-input' name='input_21.5' type='checkbox'  value='Surveillance du syst\u00e8me et de la machine'  id='choice_11_21_5'   \/>\n\t\t\t\t\t\t\t\t<label for='choice_11_21_5' id='label_11_21_5'>Surveillance du syst\u00e8me et de la machine<\/label>\n\t\t\t\t\t\t\t<\/div><div class='gchoice gchoice_11_21_6'>\n\t\t\t\t\t\t\t\t<input class='gfield-choice-input' name='input_21.6' type='checkbox'  value='\u00c9tude de temps'  id='choice_11_21_6'   \/>\n\t\t\t\t\t\t\t\t<label for='choice_11_21_6' id='label_11_21_6'>\u00c9tude de temps<\/label>\n\t\t\t\t\t\t\t<\/div><div class='gchoice gchoice_11_21_7'>\n\t\t\t\t\t\t\t\t<input class='gfield-choice-input' name='input_21.7' type='checkbox'  value='Autre'  id='choice_11_21_7'   \/>\n\t\t\t\t\t\t\t\t<label for='choice_11_21_7' id='label_11_21_7'>Autre<\/label>\n\t\t\t\t\t\t\t<\/div><\/div><\/div><\/fieldset><fieldset id=\"field_11_22\"  class=\"gfield gfield--width-half gfield_contains_required field_sublabel_below field_description_below gfield_visibility_visible\"  data-js-reload=\"field_11_22\"><legend class='gfield_label gfield_label_before_complex'  >Int\u00e9r\u00eat du manufacturier:<span class=\"gfield_required\"><span class=\"gfield_required gfield_required_asterisk\">*<\/span><\/span><\/legend><div class='ginput_container ginput_container_checkbox'><div class='gfield_checkbox' id='input_11_22'><div class='gchoice gchoice_11_22_1'>\n\t\t\t\t\t\t\t\t<input class='gfield-choice-input' name='input_22.1' type='checkbox'  value='Okuma'  id='choice_11_22_1'   \/>\n\t\t\t\t\t\t\t\t<label for='choice_11_22_1' id='label_11_22_1'>Okuma<\/label>\n\t\t\t\t\t\t\t<\/div><div class='gchoice gchoice_11_22_2'>\n\t\t\t\t\t\t\t\t<input class='gfield-choice-input' name='input_22.2' type='checkbox'  value='Tsugami'  id='choice_11_22_2'   \/>\n\t\t\t\t\t\t\t\t<label for='choice_11_22_2' id='label_11_22_2'>Tsugami<\/label>\n\t\t\t\t\t\t\t<\/div><div class='gchoice gchoice_11_22_3'>\n\t\t\t\t\t\t\t\t<input class='gfield-choice-input' name='input_22.3' type='checkbox'  value='Soraluce'  id='choice_11_22_3'   \/>\n\t\t\t\t\t\t\t\t<label for='choice_11_22_3' id='label_11_22_3'>Soraluce<\/label>\n\t\t\t\t\t\t\t<\/div><div class='gchoice gchoice_11_22_4'>\n\t\t\t\t\t\t\t\t<input class='gfield-choice-input' name='input_22.4' type='checkbox'  value='Geminis'  id='choice_11_22_4'   \/>\n\t\t\t\t\t\t\t\t<label for='choice_11_22_4' id='label_11_22_4'>Geminis<\/label>\n\t\t\t\t\t\t\t<\/div><div class='gchoice gchoice_11_22_5'>\n\t\t\t\t\t\t\t\t<input class='gfield-choice-input' name='input_22.5' type='checkbox'  value='Fournisseur de p\u00e9riph\u00e9riques'  id='choice_11_22_5'   \/>\n\t\t\t\t\t\t\t\t<label for='choice_11_22_5' id='label_11_22_5'>Fournisseur de p\u00e9riph\u00e9riques<\/label>\n\t\t\t\t\t\t\t<\/div><\/div><\/div><\/fieldset><div id=\"field_11_7\"  class=\"gfield field_sublabel_below field_description_below hidden_label gfield_visibility_visible\"  data-js-reload=\"field_11_7\"><label class='gfield_label' for='input_11_7' >CAPTCHA<\/label><div id='input_11_7' class='ginput_container ginput_recaptcha' data-sitekey='6LdK9g8fAAAAAPB6EGWlh5ZyCYtWcL4_M2_NLhQw'  data-theme='light' data-tabindex='0'  data-badge=''><\/div><\/div><div id=\"field_11_23\"  class=\"gfield gform_validation_container field_sublabel_below field_description_below gfield_visibility_visible\"  data-js-reload=\"field_11_23\"><label class='gfield_label' for='input_11_23' >Comments<\/label><div class='ginput_container'><input name='input_23' id='input_11_23' type='text' value='' \/><\/div><div class='gfield_description' id='gfield_description_11_23'>This field is for validation purposes and should be left unchanged.<\/div><\/div><\/div><\/div>\n        <div class='gform_footer top_label'> <input type='submit' id='gform_submit_button_11' class='gform_button button' value='NOUS FAIRE PARVENIR'  onclick='if(window[\"gf_submitting_11\"]){return false;}  window[\"gf_submitting_11\"]=true;  ' onkeypress='if( event.keyCode == 13 ){ if(window[\"gf_submitting_11\"]){return false;} window[\"gf_submitting_11\"]=true;  jQuery(\"#gform_11\").trigger(\"submit\",[true]); }' \/> \n            <input type='hidden' class='gform_hidden' name='is_submit_11' value='1' \/>\n            <input type='hidden' class='gform_hidden' name='gform_submit' value='11' \/>\n            \n            <input type='hidden' class='gform_hidden' name='gform_unique_id' value='' \/>\n            <input type='hidden' class='gform_hidden' name='state_11' value='WyJ7XCIxMFwiOltcIjcyMjVlYmFhOThmNTk1YTBlMzdkMjY0OTk5YjJhOWQxXCIsXCI5ODIxMDY0MDlhMThjNmQ2OTM2MTQ4ZmZmODU0MmRhMVwiXX0iLCJjMTdmNTMzNDVjNTQ2OWVkMTM0NzVkMGY2NDlmNjZmOCJd' \/>\n            <input type='hidden' class='gform_hidden' name='gform_target_page_number_11' id='gform_target_page_number_11' value='0' \/>\n            <input type='hidden' class='gform_hidden' name='gform_source_page_number_11' id='gform_source_page_number_11' value='1' \/>\n            <input type='hidden' name='gform_field_values' value='' \/>\n            \n        <\/div>\n                        <\/form>\n                        <\/div>[\/vc_column][\/vc_row]<\/p>\n<\/section>","protected":false},"excerpt":{"rendered":"<p>[vc_row][vc_column width=&#8221;2\/3&#8243; offset=&#8221;vc_col-lg-offset-2 vc_col-lg-8 vc_col-md-offset-2 vc_col-md-8 vc_col-sm-offset-2&#8243;][\/vc_column][\/vc_row]<\/p>\n","protected":false},"author":1,"featured_media":0,"parent":690,"menu_order":1,"comment_status":"closed","ping_status":"closed","template":"","meta":{"footnotes":""},"class_list":["post-697","page","type-page","status-publish","hentry"],"acf":[],"aioseo_notices":[],"_links":{"self":[{"href":"https:\/\/www.emecmt.com\/fr\/wp-json\/wp\/v2\/pages\/697","targetHints":{"allow":["GET"]}}],"collection":[{"href":"https:\/\/www.emecmt.com\/fr\/wp-json\/wp\/v2\/pages"}],"about":[{"href":"https:\/\/www.emecmt.com\/fr\/wp-json\/wp\/v2\/types\/page"}],"author":[{"embeddable":true,"href":"https:\/\/www.emecmt.com\/fr\/wp-json\/wp\/v2\/users\/1"}],"replies":[{"embeddable":true,"href":"https:\/\/www.emecmt.com\/fr\/wp-json\/wp\/v2\/comments?post=697"}],"version-history":[{"count":0,"href":"https:\/\/www.emecmt.com\/fr\/wp-json\/wp\/v2\/pages\/697\/revisions"}],"up":[{"embeddable":true,"href":"https:\/\/www.emecmt.com\/fr\/wp-json\/wp\/v2\/pages\/690"}],"wp:attachment":[{"href":"https:\/\/www.emecmt.com\/fr\/wp-json\/wp\/v2\/media?parent=697"}],"curies":[{"name":"wp","href":"https:\/\/api.w.org\/{rel}","templated":true}]}}