{"id":692,"date":"2021-12-05T16:55:56","date_gmt":"2021-12-05T21:55:56","guid":{"rendered":"https:\/\/www.emecmt.com\/contact-us\/general-inquiry\/"},"modified":"2022-03-15T18:25:51","modified_gmt":"2022-03-15T22:25:51","slug":"requete-generale","status":"publish","type":"page","link":"https:\/\/www.emecmt.com\/fr\/pour-nous-joindre\/requete-generale\/","title":{"rendered":"General Inquiry (FR)"},"content":{"rendered":"<section class=\"wpb-content-wrapper\"><p>[vc_row][vc_column width=&#8221;2\/3&#8243; offset=&#8221;vc_col-lg-offset-2 vc_col-lg-8 vc_col-md-offset-2 vc_col-md-8 vc_col-sm-offset-2&#8243;]<script type=\"text\/javascript\">var gform;gform||(document.addEventListener(\"gform_main_scripts_loaded\",function(){gform.scriptsLoaded=!0}),window.addEventListener(\"DOMContentLoaded\",function(){gform.domLoaded=!0}),gform={domLoaded:!1,scriptsLoaded:!1,initializeOnLoaded:function(o){gform.domLoaded&&gform.scriptsLoaded?o():!gform.domLoaded&&gform.scriptsLoaded?window.addEventListener(\"DOMContentLoaded\",o):document.addEventListener(\"gform_main_scripts_loaded\",o)},hooks:{action:{},filter:{}},addAction:function(o,n,r,t){gform.addHook(\"action\",o,n,r,t)},addFilter:function(o,n,r,t){gform.addHook(\"filter\",o,n,r,t)},doAction:function(o){gform.doHook(\"action\",o,arguments)},applyFilters:function(o){return gform.doHook(\"filter\",o,arguments)},removeAction:function(o,n){gform.removeHook(\"action\",o,n)},removeFilter:function(o,n,r){gform.removeHook(\"filter\",o,n,r)},addHook:function(o,n,r,t,i){null==gform.hooks[o][n]&&(gform.hooks[o][n]=[]);var e=gform.hooks[o][n];null==i&&(i=n+\"_\"+e.length),gform.hooks[o][n].push({tag:i,callable:r,priority:t=null==t?10:t})},doHook:function(n,o,r){var t;if(r=Array.prototype.slice.call(r,1),null!=gform.hooks[n][o]&&((o=gform.hooks[n][o]).sort(function(o,n){return o.priority-n.priority}),o.forEach(function(o){\"function\"!=typeof(t=o.callable)&&(t=window[t]),\"action\"==n?t.apply(null,r):r[0]=t.apply(null,r)})),\"filter\"==n)return r[0]},removeHook:function(o,n,t,i){var r;null!=gform.hooks[o][n]&&(r=(r=gform.hooks[o][n]).filter(function(o,n,r){return!!(null!=i&&i!=o.tag||null!=t&&t!=o.priority)}),gform.hooks[o][n]=r)}});<\/script>\n                <div class='gf_browser_gecko gform_wrapper gravity-theme' id='gform_wrapper_20' >\n                        <div class='gform_heading'>\n\t\t\t\t\t\t\t<p class='gform_required_legend'>&quot;<span class=\"gfield_required gfield_required_asterisk\">*<\/span>&quot; indicates required fields<\/p>\n                        <\/div><form method='post' enctype='multipart\/form-data'  id='gform_20'  action='\/fr\/wp-json\/wp\/v2\/pages\/692' > \r\n <input type='hidden' class='gforms-pum' value='{\"closepopup\":false,\"closedelay\":0,\"openpopup\":false,\"openpopup_id\":0}' \/>\n                        <div class='gform_body gform-body'><div id='gform_fields_20' class='gform_fields top_label form_sublabel_below description_below'><div id=\"field_20_4\"  class=\"gfield gfield--width-full gfield_contains_required field_sublabel_below field_description_below gfield_visibility_visible\"  data-js-reload=\"field_20_4\"><label class='gfield_label' for='input_20_4' >Nom de la compagnie:<span class=\"gfield_required\"><span class=\"gfield_required gfield_required_asterisk\">*<\/span><\/span><\/label><div class='ginput_container ginput_container_text'><input name='input_4' id='input_20_4' type='text' value='' class='large'     aria-required=\"true\" aria-invalid=\"false\"   \/> <\/div><\/div><div id=\"field_20_1\"  class=\"gfield gfield--width-half gfield_contains_required field_sublabel_below field_description_below gfield_visibility_visible\"  data-js-reload=\"field_20_1\"><label class='gfield_label' for='input_20_1' >Pr\u00e9nom:<span class=\"gfield_required\"><span class=\"gfield_required gfield_required_asterisk\">*<\/span><\/span><\/label><div class='ginput_container ginput_container_text'><input name='input_1' id='input_20_1' type='text' value='' class='large'     aria-required=\"true\" aria-invalid=\"false\"   \/> <\/div><\/div><div id=\"field_20_2\"  class=\"gfield gfield--width-half gfield_contains_required field_sublabel_below field_description_below gfield_visibility_visible\"  data-js-reload=\"field_20_2\"><label class='gfield_label' for='input_20_2' >Nom de Famille:<span class=\"gfield_required\"><span class=\"gfield_required gfield_required_asterisk\">*<\/span><\/span><\/label><div class='ginput_container ginput_container_text'><input name='input_2' id='input_20_2' type='text' value='' class='large'     aria-required=\"true\" aria-invalid=\"false\"   \/> <\/div><\/div><div id=\"field_20_3\"  class=\"gfield gfield--width-half gfield_contains_required field_sublabel_below field_description_below gfield_visibility_visible\"  data-js-reload=\"field_20_3\"><label class='gfield_label' for='input_20_3' >Adresse courriel:<span class=\"gfield_required\"><span class=\"gfield_required gfield_required_asterisk\">*<\/span><\/span><\/label><div class='ginput_container ginput_container_email'>\n                            <input name='input_3' id='input_20_3' type='text' value='' class='large'    aria-required=\"true\" aria-invalid=\"false\"  \/>\n                        <\/div><\/div><div id=\"field_20_5\"  class=\"gfield gfield--width-half gfield_contains_required field_sublabel_below field_description_below gfield_visibility_visible\"  data-js-reload=\"field_20_5\"><label class='gfield_label' for='input_20_5' >T\u00e9l\u00e9phone<span class=\"gfield_required\"><span class=\"gfield_required gfield_required_asterisk\">*<\/span><\/span><\/label><div class='ginput_container ginput_container_phone'><input name='input_5' id='input_20_5' type='text' value='' class='large'   aria-required=\"true\" aria-invalid=\"false\"   \/><\/div><\/div><fieldset id=\"field_20_11\"  class=\"gfield gfield--width-full field_sublabel_below field_description_below gfield_visibility_visible\"  data-js-reload=\"field_20_11\"><legend class='gfield_label'  >Pr\u00e9f\u00e9rez-vous \u00eatre contact\u00e9 via:<\/legend><div class='ginput_container ginput_container_radio'><div class='gfield_radio' id='input_20_11'>\n\t\t\t<div class='gchoice gchoice_20_11_0'>\n\t\t\t\t\t<input class='gfield-choice-input' name='input_11' type='radio' value='Adresse courriel'  id='choice_20_11_0' onchange='gformToggleRadioOther( this )'    \/>\n\t\t\t\t\t<label for='choice_20_11_0' id='label_20_11_0'>Adresse courriel<\/label>\n\t\t\t<\/div>\n\t\t\t<div class='gchoice gchoice_20_11_1'>\n\t\t\t\t\t<input class='gfield-choice-input' name='input_11' type='radio' value='T\u00e9l\u00e9phone'  id='choice_20_11_1' onchange='gformToggleRadioOther( this )'    \/>\n\t\t\t\t\t<label for='choice_20_11_1' id='label_20_11_1'>T\u00e9l\u00e9phone<\/label>\n\t\t\t<\/div><\/div><\/div><\/fieldset><div id=\"field_20_8\"  class=\"gfield gfield--width-half gfield_contains_required field_sublabel_below field_description_below gfield_visibility_visible\"  data-js-reload=\"field_20_8\"><label class='gfield_label' for='input_20_8' >Adresse:<span class=\"gfield_required\"><span class=\"gfield_required gfield_required_asterisk\">*<\/span><\/span><\/label><div class='ginput_container ginput_container_text'><input name='input_8' id='input_20_8' type='text' value='' class='large'     aria-required=\"true\" aria-invalid=\"false\"   \/> <\/div><\/div><div id=\"field_20_9\"  class=\"gfield gfield--width-half gfield_contains_required field_sublabel_below field_description_below gfield_visibility_visible\"  data-js-reload=\"field_20_9\"><label class='gfield_label' for='input_20_9' >Ville:<span class=\"gfield_required\"><span class=\"gfield_required gfield_required_asterisk\">*<\/span><\/span><\/label><div class='ginput_container ginput_container_text'><input name='input_9' id='input_20_9' type='text' value='' class='large'     aria-required=\"true\" aria-invalid=\"false\"   \/> <\/div><\/div><div id=\"field_20_10\"  class=\"gfield gfield--width-full gfield_contains_required field_sublabel_below field_description_below gfield_visibility_visible\"  data-js-reload=\"field_20_10\"><label class='gfield_label' for='input_20_10' >Code Postale:<span class=\"gfield_required\"><span class=\"gfield_required gfield_required_asterisk\">*<\/span><\/span><\/label><div class='ginput_container ginput_container_text'><input name='input_10' id='input_20_10' type='text' value='' class='large'     aria-required=\"true\" aria-invalid=\"false\"   \/> <\/div><\/div><div id=\"field_20_6\"  class=\"gfield gfield_contains_required field_sublabel_below field_description_below gfield_visibility_visible\"  data-js-reload=\"field_20_6\"><label class='gfield_label' for='input_20_6' >Requ\u00eate g\u00e9n\u00e9rale<span class=\"gfield_required\"><span class=\"gfield_required gfield_required_asterisk\">*<\/span><\/span><\/label><div class='ginput_container ginput_container_textarea'><textarea name='input_6' id='input_20_6' class='textarea large'     aria-required=\"true\" aria-invalid=\"false\"   rows='10' cols='50'><\/textarea><\/div><\/div><div id=\"field_20_7\"  class=\"gfield field_sublabel_below field_description_below hidden_label gfield_visibility_visible\"  data-js-reload=\"field_20_7\"><label class='gfield_label' for='input_20_7' >CAPTCHA<\/label><div id='input_20_7' class='ginput_container ginput_recaptcha' data-sitekey='6LdK9g8fAAAAAPB6EGWlh5ZyCYtWcL4_M2_NLhQw'  data-theme='light' data-tabindex='0'  data-badge=''><\/div><\/div><div id=\"field_20_12\"  class=\"gfield gform_validation_container field_sublabel_below field_description_below gfield_visibility_visible\"  data-js-reload=\"field_20_12\"><label class='gfield_label' for='input_20_12' >Name<\/label><div class='ginput_container'><input name='input_12' id='input_20_12' type='text' value='' \/><\/div><div class='gfield_description' id='gfield_description_20_12'>This field is for validation purposes and should be left unchanged.<\/div><\/div><\/div><\/div>\n        <div class='gform_footer top_label'> <input type='submit' id='gform_submit_button_20' class='gform_button button' value='NOUS FAIRE PARVENIR'  onclick='if(window[\"gf_submitting_20\"]){return false;}  window[\"gf_submitting_20\"]=true;  ' onkeypress='if( event.keyCode == 13 ){ if(window[\"gf_submitting_20\"]){return false;} window[\"gf_submitting_20\"]=true;  jQuery(\"#gform_20\").trigger(\"submit\",[true]); }' \/> \n            <input type='hidden' class='gform_hidden' name='is_submit_20' value='1' \/>\n            <input type='hidden' class='gform_hidden' name='gform_submit' value='20' \/>\n            \n            <input type='hidden' class='gform_hidden' name='gform_unique_id' value='' \/>\n            <input type='hidden' class='gform_hidden' name='state_20' value='WyJ7XCIxMVwiOltcIjcyMjVlYmFhOThmNTk1YTBlMzdkMjY0OTk5YjJhOWQxXCIsXCI5ODIxMDY0MDlhMThjNmQ2OTM2MTQ4ZmZmODU0MmRhMVwiXX0iLCJjZjBiYWQ5OGFiYzU5N2Y1ZDg3Y2EwZDRhYjY2OWE1ZSJd' \/>\n            <input type='hidden' class='gform_hidden' name='gform_target_page_number_20' id='gform_target_page_number_20' value='0' \/>\n            <input type='hidden' class='gform_hidden' name='gform_source_page_number_20' id='gform_source_page_number_20' value='1' \/>\n            <input type='hidden' name='gform_field_values' value='' \/>\n            \n        <\/div>\n                        <\/form>\n                        <\/div>[\/vc_column][\/vc_row]<\/p>\n<\/section>","protected":false},"excerpt":{"rendered":"<p>[vc_row][vc_column width=&#8221;2\/3&#8243; offset=&#8221;vc_col-lg-offset-2 vc_col-lg-8 vc_col-md-offset-2 vc_col-md-8 vc_col-sm-offset-2&#8243;][\/vc_column][\/vc_row]<\/p>\n","protected":false},"author":1,"featured_media":0,"parent":690,"menu_order":0,"comment_status":"closed","ping_status":"closed","template":"","meta":{"footnotes":""},"class_list":["post-692","page","type-page","status-publish","hentry"],"acf":[],"aioseo_notices":[],"_links":{"self":[{"href":"https:\/\/www.emecmt.com\/fr\/wp-json\/wp\/v2\/pages\/692","targetHints":{"allow":["GET"]}}],"collection":[{"href":"https:\/\/www.emecmt.com\/fr\/wp-json\/wp\/v2\/pages"}],"about":[{"href":"https:\/\/www.emecmt.com\/fr\/wp-json\/wp\/v2\/types\/page"}],"author":[{"embeddable":true,"href":"https:\/\/www.emecmt.com\/fr\/wp-json\/wp\/v2\/users\/1"}],"replies":[{"embeddable":true,"href":"https:\/\/www.emecmt.com\/fr\/wp-json\/wp\/v2\/comments?post=692"}],"version-history":[{"count":0,"href":"https:\/\/www.emecmt.com\/fr\/wp-json\/wp\/v2\/pages\/692\/revisions"}],"up":[{"embeddable":true,"href":"https:\/\/www.emecmt.com\/fr\/wp-json\/wp\/v2\/pages\/690"}],"wp:attachment":[{"href":"https:\/\/www.emecmt.com\/fr\/wp-json\/wp\/v2\/media?parent=692"}],"curies":[{"name":"wp","href":"https:\/\/api.w.org\/{rel}","templated":true}]}}