{"id":677,"date":"2021-12-05T16:51:47","date_gmt":"2021-12-05T21:51:47","guid":{"rendered":"https:\/\/www.emecmt.com\/learning-centre\/preventative-maintenance\/"},"modified":"2022-03-17T17:26:49","modified_gmt":"2022-03-17T21:26:49","slug":"maintenance-preventive","status":"publish","type":"page","link":"https:\/\/www.emecmt.com\/fr\/centre-dapprentissage\/maintenance-preventive\/","title":{"rendered":"Preventative Maintenance (FR)"},"content":{"rendered":"<section class=\"wpb-content-wrapper\"><p>[vc_section][vc_row][vc_column width=&#8221;7\/12&#8243;][vc_single_image image=&#8221;3015&#8243; img_size=&#8221;full&#8221;][vc_empty_space]<div class='section-content wpb_text_column wpb_content_element align-left emphasis txt-black  mb-4'><div class='wpb_wrapper'><h3>La maintenance pr\u00e9ventive est la cl\u00e9 pour maintenir les performances et la long\u00e9vit\u00e9 de votre machine CNC. L&#8217;ex\u00e9cution d&#8217;une maintenance pr\u00e9ventive sur votre machine permettra d&#8217;identifier les probl\u00e8mes potentiels avant qu&#8217;ils ne deviennent de vrais probl\u00e8mes. L&#8217;avantage de la maintenance pr\u00e9ventive est la r\u00e9duction des temps d&#8217;arr\u00eat impr\u00e9vus.<\/h3>\n<\/div><\/div><div class='section-content wpb_text_column wpb_content_element align-left Select txt-black  '><div class='wpb_wrapper'><p><strong><u>Avantages du programme d&#8217;entretien pr\u00e9ventif:<\/u><\/strong><\/p>\n<ul>\n<li>R\u00e9duisez les temps d&#8217;arr\u00eat impr\u00e9vus et \u00e9vitez les interruptions de production<\/li>\n<li>Prolonger la dur\u00e9e de vie des machines et des outils de coupe<\/li>\n<li>Minimiser les collisions et\/ou accidents potentiels pour les op\u00e9rateurs<\/li>\n<li>R\u00e9duisez les co\u00fbts de r\u00e9paration co\u00fbteux en cas de pannes inattendues<\/li>\n<li>Augmentez la qualit\u00e9 en minimisant les rebuts<\/li>\n<li>Les co\u00fbts de remplacement des pi\u00e8ces de rechange peuvent \u00eatre budg\u00e9t\u00e9s.<\/li>\n<li>Augmenter l&#8217;efficacit\u00e9 des op\u00e9rations<\/li>\n<li>Augmentez votre retour sur investissement pour la machine-outil<\/li>\n<\/ul>\n<p>Nous comprenons que chaque client sera diff\u00e9rent en ce qui concerne les exigences de maintenance pr\u00e9ventive. Chez EMEC, nous pouvons concevoir un programme de maintenance pr\u00e9ventive personnalis\u00e9 adapt\u00e9 \u00e0 votre calendrier de production.<\/p>\n<\/div><\/div>[\/vc_column][vc_column width=&#8221;1\/3&#8243; offset=&#8221;vc_col-lg-offset-1 vc_col-md-offset-1 vc_col-sm-offset-1&#8243;]\n    <div class='cta-box-container bg-light-grey'>\n      <span class='cta-box-subtitle'><\/span>\n      <h3 class='cta-box-title'>VOUS AVEZ UNE QUESTION SUR CE PROGRAMME?<\/h3>\n      <p class='cta-box-body'>Pour en savoir plus sur nos programmes d'entretien pr\u00e9ventif, ou si vous souhaitez planifier un MP, contactez-nous d\u00e8s aujourd'hui !<\/p>\n      <a class='cta-box-btn' href='https:\/\/www.emecmt.com\/fr\/pour-nous-joindre\/demande-de-service\/' >\n        CONNECTEZ-VOUS AVEC NOUS<i class='fas fa-chevron-right'><\/i>\n      <\/a>\n    <\/div>\n  <div class='section-content wpb_text_column wpb_content_element align-left Select txt-mid-grey  mb-3'><div class='wpb_wrapper'><p><strong>RESSOURCES<\/strong><\/p>\n<\/div><\/div>[vc_btn title=&#8221;MAINTENANCE PR\u00c9-PR\u00c9VENTIVE D&#8217;EMEC LISTE DE V\u00c9RIFICATION&#8221; color=&#8221;grey_text_button&#8221; align=&#8221;left&#8221; i_icon_fontawesome=&#8221;fas fa-download&#8221; add_icon=&#8221;true&#8221; css=&#8221;.vc_custom_1647552404016{margin-right: 0px !important;margin-left: 0px !important;}&#8221; link=&#8221;url:https%3A%2F%2Fwww.emecmt.com%2Ffr%2Fcentre-dapprentissage%2Fmaintenance-preventive%2Ftelechargez-la-liste-de-controle-de-maintenance-pre-preventive-demec%2F|title:Download%20%E2%80%93%20EMEC%E2%80%99s%20Pre-Preventive%20Maintenance%20Checklist%20(FR)|target:_blank&#8221;][vc_btn title=&#8221;LISTE DE CONTR\u00d4LE DE MAINTENANCE PR\u00c9VENTIVE D&#8217;OKUMA&#8221; color=&#8221;grey_text_button&#8221; align=&#8221;left&#8221; i_icon_fontawesome=&#8221;fas fa-download&#8221; add_icon=&#8221;true&#8221; css=&#8221;.vc_custom_1647549171536{margin-right: 0px !important;margin-left: 0px !important;}&#8221; link=&#8221;url:https%3A%2F%2Fwww.emecmt.com%2Ffr%2Fproduits%2Fokuma%2Ftelechargez-la-liste-de-controle-de-maintenance-preventive-dokuma%2F|title:Download%20%E2%80%93%20Okuma%E2%80%99s%20Preventive%20Maintenance%20Checklist%20(FR)|target:_blank&#8221;][\/vc_column][\/vc_row][\/vc_section]<\/p>\n<\/section>","protected":false},"excerpt":{"rendered":"<p>[vc_section][vc_row][vc_column width=&#8221;7\/12&#8243;][vc_single_image image=&#8221;3015&#8243; img_size=&#8221;full&#8221;][vc_empty_space][\/vc_column][vc_column width=&#8221;1\/3&#8243; offset=&#8221;vc_col-lg-offset-1 vc_col-md-offset-1 vc_col-sm-offset-1&#8243;][vc_btn title=&#8221;MAINTENANCE PR\u00c9-PR\u00c9VENTIVE D&#8217;EMEC LISTE DE V\u00c9RIFICATION&#8221; color=&#8221;grey_text_button&#8221; align=&#8221;left&#8221; i_icon_fontawesome=&#8221;fas fa-download&#8221; add_icon=&#8221;true&#8221; css=&#8221;.vc_custom_1647552404016{margin-right: 0px !important;margin-left: 0px !important;}&#8221; link=&#8221;url:https%3A%2F%2Fwww.emecmt.com%2Ffr%2Fcentre-dapprentissage%2Fmaintenance-preventive%2Ftelechargez-la-liste-de-controle-de-maintenance-pre-preventive-demec%2F|title:Download%20%E2%80%93%20EMEC%E2%80%99s%20Pre-Preventive%20Maintenance%20Checklist%20(FR)|target:_blank&#8221;][vc_btn title=&#8221;LISTE DE CONTR\u00d4LE DE MAINTENANCE PR\u00c9VENTIVE D&#8217;OKUMA&#8221; color=&#8221;grey_text_button&#8221; align=&#8221;left&#8221; i_icon_fontawesome=&#8221;fas fa-download&#8221; add_icon=&#8221;true&#8221; css=&#8221;.vc_custom_1647549171536{margin-right: 0px !important;margin-left: 0px !important;}&#8221; link=&#8221;url:https%3A%2F%2Fwww.emecmt.com%2Ffr%2Fproduits%2Fokuma%2Ftelechargez-la-liste-de-controle-de-maintenance-preventive-dokuma%2F|title:Download%20%E2%80%93%20Okuma%E2%80%99s%20Preventive%20Maintenance%20Checklist%20(FR)|target:_blank&#8221;][\/vc_column][\/vc_row][\/vc_section]<\/p>\n","protected":false},"author":1,"featured_media":0,"parent":676,"menu_order":1,"comment_status":"closed","ping_status":"closed","template":"","meta":{"footnotes":""},"class_list":["post-677","page","type-page","status-publish","hentry"],"acf":[],"aioseo_notices":[],"_links":{"self":[{"href":"https:\/\/www.emecmt.com\/fr\/wp-json\/wp\/v2\/pages\/677","targetHints":{"allow":["GET"]}}],"collection":[{"href":"https:\/\/www.emecmt.com\/fr\/wp-json\/wp\/v2\/pages"}],"about":[{"href":"https:\/\/www.emecmt.com\/fr\/wp-json\/wp\/v2\/types\/page"}],"author":[{"embeddable":true,"href":"https:\/\/www.emecmt.com\/fr\/wp-json\/wp\/v2\/users\/1"}],"replies":[{"embeddable":true,"href":"https:\/\/www.emecmt.com\/fr\/wp-json\/wp\/v2\/comments?post=677"}],"version-history":[{"count":0,"href":"https:\/\/www.emecmt.com\/fr\/wp-json\/wp\/v2\/pages\/677\/revisions"}],"up":[{"embeddable":true,"href":"https:\/\/www.emecmt.com\/fr\/wp-json\/wp\/v2\/pages\/676"}],"wp:attachment":[{"href":"https:\/\/www.emecmt.com\/fr\/wp-json\/wp\/v2\/media?parent=677"}],"curies":[{"name":"wp","href":"https:\/\/api.w.org\/{rel}","templated":true}]}}