{"id":675,"date":"2021-12-05T16:49:45","date_gmt":"2021-12-05T21:49:45","guid":{"rendered":"https:\/\/www.emecmt.com\/tech-centres\/okuma-centre-of-excellence\/"},"modified":"2022-01-30T23:45:55","modified_gmt":"2022-01-31T04:45:55","slug":"okuma-centre-of-excellence-mississauga","status":"publish","type":"page","link":"https:\/\/www.emecmt.com\/fr\/centres-techniques\/okuma-centre-of-excellence-mississauga\/","title":{"rendered":"Okuma Centre of Excellence &#8211; Mississauga (FR)"},"content":{"rendered":"<section class=\"wpb-content-wrapper\"><p>[vc_section][vc_row el_id=&#8221;mississauga&#8221;][vc_column width=&#8221;7\/12&#8243;]<h2 class='section-heading  align-left text-uppercase txt-black  mb-4'>mississauga<\/h2><div class='section-content wpb_text_column wpb_content_element align-left Select txt-black  mb-5'><div class='wpb_wrapper'><p>Lorem ipsum dolor sit amet, consectetur adipiscing elit, sed do eiusmod tempor incididunt ut labore et dolore magna aliqua. Pharetra pharetra massa massa ultricies. Consequat nisl vel pretium lectus quam id leo. Massa tincidunt dui ut ornare lectus sit amet est placerat. Dolor sit amet consectetur adipiscing elit ut. Morbi non arcu risus quis varius quam quisque id diam. Cursus mattis molestie a iaculis at erat pellentesque adipiscing commodo. Sagittis aliquam malesuada bibendum arcu vitae elementum.<\/p>\n<\/div><\/div>[vc_btn title=&#8221;location &amp; opening hours&#8221; color=&#8221;outline_blue_button&#8221; i_align=&#8221;right&#8221; i_icon_fontawesome=&#8221;fas fa-arrow-down&#8221; add_icon=&#8221;true&#8221; link=&#8221;url:%23mississauga-location-hours&#8221; css=&#8221;.vc_custom_1640640038632{margin-left: 0px !important;}&#8221; el_class=&#8221;btn-mobile-block mb-5&#8243;][\/vc_column][vc_column width=&#8221;1\/3&#8243; offset=&#8221;vc_col-lg-offset-1 vc_col-md-offset-1 vc_col-sm-offset-1&#8243;][vc_single_image image=&#8221;502&#8243; img_size=&#8221;full&#8221;][\/vc_column][\/vc_row][vc_row][vc_column][vc_separator color=&#8221;border_grey&#8221;][\/vc_column][\/vc_row][vc_row][vc_column offset=&#8221;vc_col-lg-7 vc_col-md-7&#8243;]<h2 class='section-heading  align-left text-uppercase txt-black  '>okuma machines on display<\/h2><div class='section-content wpb_text_column wpb_content_element align-left Select txt-black  '><div class='wpb_wrapper'><p>Lorem ipsum dolor sit amet, consectetur adipiscing elit, sed do eiusmod tempor incididunt ut labore et dolore magna aliqua. Fringilla est ullamcorper eget nulla. Vitae nunc sed velit dignissim sodales ut eu sem integer. <\/p>\n<\/div><\/div>[\/vc_column][\/vc_row][vc_row equal_height=&#8221;yes&#8221;][vc_column width=&#8221;1\/3&#8243;]\n        <div class='product-container'>\n          \n          <img class='product-logo' src='https:\/\/www.emecmt.com\/wp-content\/uploads\/2022\/01\/okuma-logo-colour-2.png' alt=''>\n          <div class='product-image'><img loading=\"lazy\" decoding=\"async\" width=\"480\" height=\"316\" src=\"https:\/\/www.emecmt.com\/wp-content\/uploads\/2021\/12\/product-tile-okuma-horizontal-lathes-LB3000-EXII.jpg\" class=\"attachment-post-thumbnail size-post-thumbnail wp-post-image\" alt=\"Okuma LB3000 EX II\" srcset=\"https:\/\/www.emecmt.com\/wp-content\/uploads\/2021\/12\/product-tile-okuma-horizontal-lathes-LB3000-EXII.jpg 480w, https:\/\/www.emecmt.com\/wp-content\/uploads\/2021\/12\/product-tile-okuma-horizontal-lathes-LB3000-EXII-300x198.jpg 300w\" sizes=\"auto, (max-width: 480px) 100vw, 480px\" \/><\/div>\n          <div class='product-content'>\n            <h3 class='product-title'>Okuma MCR A5CII (draft)<\/h3>\n            <div class='product-description'><div class='product-subtitle'>Important Note<\/div><div><p>FR Lorem ipsum dolor sit amet, consectetur adipiscing elit, sed do eiusmod tempor.<\/p>\n<\/div><\/div>\n          <\/div>\n          <div class='product-links'>\n            <a class='btn btn-blue' href='https:\/\/www.emecmt.com\/fr\/product\/okuma-mcr-a5cii\/'>Plus de d\u00e9tails<\/a>\n            \n            <a class='btn btn-blue-outline' href='#' ><i class='fas fa-download'><\/i> T\u00e9l\u00e9charger le d\u00e9pliant<\/a>\n          <\/div>\n        <\/div>        \n        \n      [\/vc_column][vc_column width=&#8221;1\/3&#8243;]\n        <div class='product-container'>\n          \n          <img class='product-logo' src='https:\/\/www.emecmt.com\/wp-content\/uploads\/2022\/01\/okuma-logo-colour-2.png' alt=''>\n          <div class='product-image'><img loading=\"lazy\" decoding=\"async\" width=\"480\" height=\"316\" src=\"https:\/\/www.emecmt.com\/wp-content\/uploads\/2021\/12\/product-tile-okuma-horizontal-lathes-LB3000-EXII.jpg\" class=\"attachment-post-thumbnail size-post-thumbnail wp-post-image\" alt=\"Okuma LB3000 EX II\" srcset=\"https:\/\/www.emecmt.com\/wp-content\/uploads\/2021\/12\/product-tile-okuma-horizontal-lathes-LB3000-EXII.jpg 480w, https:\/\/www.emecmt.com\/wp-content\/uploads\/2021\/12\/product-tile-okuma-horizontal-lathes-LB3000-EXII-300x198.jpg 300w\" sizes=\"auto, (max-width: 480px) 100vw, 480px\" \/><\/div>\n          <div class='product-content'>\n            <h3 class='product-title'>LB3000 EX II<\/h3>\n            <div class='product-description'><div class='product-subtitle'>Tour<\/div><div><p>Le plus grand tour horizontal de la collection \u00ab Affordable Excellence \u00bb, le LB3000 EX II est construit sur le concept \u201cThermo-Friendly d&#8217;Okuma. Ceci garanti une croissance thermique minimale, et la construction du banc inclin\u00e9 se traduit par une qualit\u00e9 et une rigidit\u00e9 in\u00e9gal\u00e9e.<\/p>\n<\/div><\/div>\n          <\/div>\n          <div class='product-links'>\n            <a class='btn btn-blue' href='https:\/\/www.okuma.com\/products\/lb3000-exii' target='_blank'>Plus de d\u00e9tails<\/a>\n            <a class='btn btn-blue-outline' href='#ref835' data-toggle='modal' data-target='#ref835'><i class='fab fa-youtube'><\/i> Voir la d\u00e9mo<\/a>\n            \n          <\/div>\n        <\/div>        \n        <div class='modal fade modal-youtube' id='ref835' tabindex='-1' role='dialog' aria-labelledby='ref835' aria-hidden='true'>\n        <div class='modal-dialog modal-dialog-centered'>\n          <div class='modal-content'>\n            <div class='modal-header justify-content-end'>\n              <div class='modal-close-btn'><button type='button' class='btn btn-blue' data-dismiss='modal'>Ferm\u00e9e<\/button><\/div>\n              <\/div>\n              <iframe id='835' width='450' height='450' src='https:\/\/www.youtube.com\/embed\/JsSUl2Q85cQ' title='YouTube video player' frameborder='0' allow='accelerometer; clipboard-write; encrypted-media; gyroscope; picture-in-picture' allowfullscreen><\/iframe>\n          <\/div>\n        <\/div>\n      <\/div>\n      [\/vc_column][vc_column width=&#8221;1\/3&#8243;]\n        <div class='product-container'>\n          <div class='product-ribbon'>Soutien en automatisation<\/div>\n          <img class='product-logo' src='https:\/\/www.emecmt.com\/wp-content\/uploads\/2022\/01\/okuma-logo-colour-2.png' alt=''>\n          <div class='product-image'><img loading=\"lazy\" decoding=\"async\" width=\"480\" height=\"316\" src=\"https:\/\/www.emecmt.com\/wp-content\/uploads\/2021\/12\/product-tile-okuma-horizontal-lathes-LB3000-EXII.jpg\" class=\"attachment-post-thumbnail size-post-thumbnail wp-post-image\" alt=\"Okuma LB3000 EX II\" srcset=\"https:\/\/www.emecmt.com\/wp-content\/uploads\/2021\/12\/product-tile-okuma-horizontal-lathes-LB3000-EXII.jpg 480w, https:\/\/www.emecmt.com\/wp-content\/uploads\/2021\/12\/product-tile-okuma-horizontal-lathes-LB3000-EXII-300x198.jpg 300w\" sizes=\"auto, (max-width: 480px) 100vw, 480px\" \/><\/div>\n          <div class='product-content'>\n            <h3 class='product-title'>LB3000 EX II<\/h3>\n            <div class='product-description'><div class='product-subtitle'>Tour<\/div><div><p>Le plus grand tour horizontal de la collection \u00ab Affordable Excellence \u00bb, le LB3000 EX II est construit sur le concept \u201cThermo-Friendly d&#8217;Okuma. Ceci garanti une croissance thermique minimale, et la construction du banc inclin\u00e9 se traduit par une qualit\u00e9 et une rigidit\u00e9 in\u00e9gal\u00e9e.<\/p>\n<\/div><\/div>\n          <\/div>\n          <div class='product-links'>\n            <a class='btn btn-blue' href='https:\/\/www.okuma.com\/products\/lb3000-exii' target='_blank'>Plus de d\u00e9tails<\/a>\n            <a class='btn btn-blue-outline' href='#ref835' data-toggle='modal' data-target='#ref835'><i class='fab fa-youtube'><\/i> Voir la d\u00e9mo<\/a>\n            \n          <\/div>\n        <\/div>        \n        <div class='modal fade modal-youtube' id='ref835' tabindex='-1' role='dialog' aria-labelledby='ref835' aria-hidden='true'>\n        <div class='modal-dialog modal-dialog-centered'>\n          <div class='modal-content'>\n            <div class='modal-header justify-content-end'>\n              <div class='modal-close-btn'><button type='button' class='btn btn-blue' data-dismiss='modal'>Ferm\u00e9e<\/button><\/div>\n              <\/div>\n              <iframe id='835' width='450' height='450' src='https:\/\/www.youtube.com\/embed\/JsSUl2Q85cQ' title='YouTube video player' frameborder='0' allow='accelerometer; clipboard-write; encrypted-media; gyroscope; picture-in-picture' allowfullscreen><\/iframe>\n          <\/div>\n        <\/div>\n      <\/div>\n      [\/vc_column][\/vc_row][vc_row equal_height=&#8221;yes&#8221;][vc_column width=&#8221;1\/3&#8243;]\n        <div class='product-container'>\n          \n          <img class='product-logo' src='https:\/\/www.emecmt.com\/wp-content\/uploads\/2022\/01\/okuma-logo-colour-2.png' alt=''>\n          <div class='product-image'><img loading=\"lazy\" decoding=\"async\" width=\"480\" height=\"316\" src=\"https:\/\/www.emecmt.com\/wp-content\/uploads\/2021\/12\/product-tile-okuma-horizontal-lathes-LB3000-EXII.jpg\" class=\"attachment-post-thumbnail size-post-thumbnail wp-post-image\" alt=\"Okuma LB3000 EX II\" srcset=\"https:\/\/www.emecmt.com\/wp-content\/uploads\/2021\/12\/product-tile-okuma-horizontal-lathes-LB3000-EXII.jpg 480w, https:\/\/www.emecmt.com\/wp-content\/uploads\/2021\/12\/product-tile-okuma-horizontal-lathes-LB3000-EXII-300x198.jpg 300w\" sizes=\"auto, (max-width: 480px) 100vw, 480px\" \/><\/div>\n          <div class='product-content'>\n            <h3 class='product-title'>Okuma MCR A5CII (draft)<\/h3>\n            <div class='product-description'><div class='product-subtitle'>Important Note<\/div><div><p>FR Lorem ipsum dolor sit amet, consectetur adipiscing elit, sed do eiusmod tempor.<\/p>\n<\/div><\/div>\n          <\/div>\n          <div class='product-links'>\n            <a class='btn btn-blue' href='https:\/\/www.emecmt.com\/fr\/product\/okuma-mcr-a5cii\/'>Plus de d\u00e9tails<\/a>\n            \n            <a class='btn btn-blue-outline' href='#' ><i class='fas fa-download'><\/i> T\u00e9l\u00e9charger le d\u00e9pliant<\/a>\n          <\/div>\n        <\/div>        \n        \n      [\/vc_column][vc_column width=&#8221;1\/3&#8243;]\n        <div class='product-container'>\n          \n          <img class='product-logo' src='https:\/\/www.emecmt.com\/wp-content\/uploads\/2022\/01\/okuma-logo-colour-2.png' alt=''>\n          <div class='product-image'><img loading=\"lazy\" decoding=\"async\" width=\"480\" height=\"316\" src=\"https:\/\/www.emecmt.com\/wp-content\/uploads\/2021\/12\/product-tile-okuma-horizontal-lathes-LB3000-EXII.jpg\" class=\"attachment-post-thumbnail size-post-thumbnail wp-post-image\" alt=\"Okuma LB3000 EX II\" srcset=\"https:\/\/www.emecmt.com\/wp-content\/uploads\/2021\/12\/product-tile-okuma-horizontal-lathes-LB3000-EXII.jpg 480w, https:\/\/www.emecmt.com\/wp-content\/uploads\/2021\/12\/product-tile-okuma-horizontal-lathes-LB3000-EXII-300x198.jpg 300w\" sizes=\"auto, (max-width: 480px) 100vw, 480px\" \/><\/div>\n          <div class='product-content'>\n            <h3 class='product-title'>LB3000 EX II<\/h3>\n            <div class='product-description'><div class='product-subtitle'>Tour<\/div><div><p>Le plus grand tour horizontal de la collection \u00ab Affordable Excellence \u00bb, le LB3000 EX II est construit sur le concept \u201cThermo-Friendly d&#8217;Okuma. Ceci garanti une croissance thermique minimale, et la construction du banc inclin\u00e9 se traduit par une qualit\u00e9 et une rigidit\u00e9 in\u00e9gal\u00e9e.<\/p>\n<\/div><\/div>\n          <\/div>\n          <div class='product-links'>\n            <a class='btn btn-blue' href='https:\/\/www.okuma.com\/products\/lb3000-exii' target='_blank'>Plus de d\u00e9tails<\/a>\n            <a class='btn btn-blue-outline' href='#ref835' data-toggle='modal' data-target='#ref835'><i class='fab fa-youtube'><\/i> Voir la d\u00e9mo<\/a>\n            \n          <\/div>\n        <\/div>        \n        <div class='modal fade modal-youtube' id='ref835' tabindex='-1' role='dialog' aria-labelledby='ref835' aria-hidden='true'>\n        <div class='modal-dialog modal-dialog-centered'>\n          <div class='modal-content'>\n            <div class='modal-header justify-content-end'>\n              <div class='modal-close-btn'><button type='button' class='btn btn-blue' data-dismiss='modal'>Ferm\u00e9e<\/button><\/div>\n              <\/div>\n              <iframe id='835' width='450' height='450' src='https:\/\/www.youtube.com\/embed\/JsSUl2Q85cQ' title='YouTube video player' frameborder='0' allow='accelerometer; clipboard-write; encrypted-media; gyroscope; picture-in-picture' allowfullscreen><\/iframe>\n          <\/div>\n        <\/div>\n      <\/div>\n      [\/vc_column][vc_column width=&#8221;1\/3&#8243;]\n        <div class='product-container'>\n          <div class='product-ribbon'>Soutien en automatisation<\/div>\n          <img class='product-logo' src='https:\/\/www.emecmt.com\/wp-content\/uploads\/2022\/01\/okuma-logo-colour-2.png' alt=''>\n          <div class='product-image'><img loading=\"lazy\" decoding=\"async\" width=\"480\" height=\"316\" src=\"https:\/\/www.emecmt.com\/wp-content\/uploads\/2021\/12\/product-tile-okuma-horizontal-lathes-LB3000-EXII.jpg\" class=\"attachment-post-thumbnail size-post-thumbnail wp-post-image\" alt=\"Okuma LB3000 EX II\" srcset=\"https:\/\/www.emecmt.com\/wp-content\/uploads\/2021\/12\/product-tile-okuma-horizontal-lathes-LB3000-EXII.jpg 480w, https:\/\/www.emecmt.com\/wp-content\/uploads\/2021\/12\/product-tile-okuma-horizontal-lathes-LB3000-EXII-300x198.jpg 300w\" sizes=\"auto, (max-width: 480px) 100vw, 480px\" \/><\/div>\n          <div class='product-content'>\n            <h3 class='product-title'>LB3000 EX II<\/h3>\n            <div class='product-description'><div class='product-subtitle'>Tour<\/div><div><p>Le plus grand tour horizontal de la collection \u00ab Affordable Excellence \u00bb, le LB3000 EX II est construit sur le concept \u201cThermo-Friendly d&#8217;Okuma. Ceci garanti une croissance thermique minimale, et la construction du banc inclin\u00e9 se traduit par une qualit\u00e9 et une rigidit\u00e9 in\u00e9gal\u00e9e.<\/p>\n<\/div><\/div>\n          <\/div>\n          <div class='product-links'>\n            <a class='btn btn-blue' href='https:\/\/www.okuma.com\/products\/lb3000-exii' target='_blank'>Plus de d\u00e9tails<\/a>\n            <a class='btn btn-blue-outline' href='#ref835' data-toggle='modal' data-target='#ref835'><i class='fab fa-youtube'><\/i> Voir la d\u00e9mo<\/a>\n            \n          <\/div>\n        <\/div>        \n        <div class='modal fade modal-youtube' id='ref835' tabindex='-1' role='dialog' aria-labelledby='ref835' aria-hidden='true'>\n        <div class='modal-dialog modal-dialog-centered'>\n          <div class='modal-content'>\n            <div class='modal-header justify-content-end'>\n              <div class='modal-close-btn'><button type='button' class='btn btn-blue' data-dismiss='modal'>Ferm\u00e9e<\/button><\/div>\n              <\/div>\n              <iframe id='835' width='450' height='450' src='https:\/\/www.youtube.com\/embed\/JsSUl2Q85cQ' title='YouTube video player' frameborder='0' allow='accelerometer; clipboard-write; encrypted-media; gyroscope; picture-in-picture' allowfullscreen><\/iframe>\n          <\/div>\n        <\/div>\n      <\/div>\n      [\/vc_column][\/vc_row][vc_row full_width=&#8221;stretch_row&#8221; css=&#8221;.vc_custom_1643604340912{margin-top: 6rem !important;padding-top: 6rem !important;padding-bottom: 6rem !important;background-image: url(https:\/\/www.emecmt.com\/wp-content\/uploads\/2022\/01\/blue-background.jpg?id=1644) !important;background-position: center !important;background-repeat: no-repeat !important;background-size: cover !important;}&#8221;][vc_column][vc_row_inner][vc_column_inner width=&#8221;7\/12&#8243;]<h2 class='section-heading  align-left text-uppercase txt-white  '>okuma learning resources<\/h2><div class='section-content wpb_text_column wpb_content_element align-left Select txt-white  '><div class='wpb_wrapper'><p>Lorem ipsum dolor sit amet, consectetur adipiscing elit, sed do eiusmod tempor incididunt ut labore et dolore magna aliqua. Varius duis at consectetur lorem donec massa. Morbi tristique senectus et netus et malesuada fames ac turpis. In dictum non consectetur a erat nam.<\/p>\n<\/div><\/div>[\/vc_column_inner][\/vc_row_inner][vc_row_inner equal_height=&#8221;yes&#8221;][vc_column_inner width=&#8221;1\/2&#8243;]\n    <div class='cta-box-container bg-white'>\n      <span class='cta-box-subtitle'><\/span>\n      <h3 class='cta-box-title'>automation<\/h3>\n      <p class='cta-box-body'>Lorem ipsum dolor sit amet, consectetur adipiscing elit, sed do eiusmod tempor incididunt ut labore et dolore magna aliqua.<\/p>\n      <a class='cta-box-btn' href='https:\/\/www.emecmt.com\/en\/services-solutions\/automation\/' >\n        Learn More<i class='fas fa-chevron-right'><\/i>\n      <\/a>\n    <\/div>\n  [\/vc_column_inner][vc_column_inner width=&#8221;1\/2&#8243;]\n    <div class='cta-box-container bg-white'>\n      <span class='cta-box-subtitle'><\/span>\n      <h3 class='cta-box-title'>video library<\/h3>\n      <p class='cta-box-body'>Lorem ipsum dolor sit amet, consectetur adipiscing elit, sed do eiusmod tempor incididunt ut labore et dolore magna aliqua.<\/p>\n      <a class='cta-box-btn' href='https:\/\/www.emecmt.com\/en\/learning-centre\/video-library\/' >\n        Check it Out<i class='fas fa-chevron-right'><\/i>\n      <\/a>\n    <\/div>\n  [\/vc_column_inner][\/vc_row_inner][\/vc_column][\/vc_row][vc_row el_id=&#8221;mississauga-location-hours&#8221;][vc_column width=&#8221;5\/12&#8243;]<h2 class='section-heading  align-left text-uppercase txt-black  '>locations &amp; Hours<\/h2>[vc_empty_space height=&#8221;20px&#8221;]<h3 class='section-heading h5 align-left text-uppercase txt-blue  mb-3'>mississauga<\/h3>[vc_row_inner][vc_column_inner width=&#8221;1\/2&#8243; offset=&#8221;vc_col-xs-6&#8243;]<div class='section-content wpb_text_column wpb_content_element align-left Select txt-black  '><div class='wpb_wrapper'><p><strong>205 Admiral Blvd.<br \/>\nMississauga, ON L5T 2T3<\/strong><\/p>\n<p>T. 905-565-3570<br \/>\nF. 905-565-3580<\/p>\n<\/div><\/div>[\/vc_column_inner][vc_column_inner width=&#8221;1\/2&#8243; offset=&#8221;vc_col-xs-6&#8243;]<div class='section-content wpb_text_column wpb_content_element align-left Select txt-black  '><div class='wpb_wrapper'><p><strong>Opening hours<\/strong><\/p>\n<p>Monday through Friday<br \/>\n8:00 am &#8211; 5:00 pm<\/p>\n<\/div><\/div>[\/vc_column_inner][\/vc_row_inner]<h3 class='section-heading h5 align-left text-uppercase txt-black  mb-3'>Interested in visiting us?<\/h3><div class='section-content wpb_text_column wpb_content_element align-left Select txt-black  mb-5'><div class='wpb_wrapper'><p>Please make an appointment request so we can arrange for a knowledgeable EMEC employee to welcome you and answer all your questions. We\u2019re looking forward to meeting with you!<\/p>\n<\/div><\/div>[vc_btn title=&#8221;request a visit appointment&#8221; color=&#8221;blue_button&#8221; link=&#8221;url:%23&#8243; css=&#8221;.vc_custom_1640640088803{margin-left: 0px !important;}&#8221; el_class=&#8221;btn-mobile-block mb-5&#8243;][\/vc_column][vc_column width=&#8221;1\/2&#8243; offset=&#8221;vc_col-lg-offset-1 vc_col-md-offset-1 vc_col-sm-offset-1&#8243;][vc_gmaps link=&#8221;#E-8_JTNDaWZyYW1lJTIwc3JjJTNEJTIyaHR0cHMlM0ElMkYlMkZ3d3cuZ29vZ2xlLmNvbSUyRm1hcHMlMkZlbWJlZCUzRnBiJTNEJTIxMW0xNCUyMTFtOCUyMTFtMyUyMTFkMjg4Ny4wMzEyMjU1MDM4MjkzJTIxMmQtNzkuNjk2MDI1MzU1MDE3MDglMjEzZDQzLjY0NzUxODY3NzY0MzIlMjEzbTIlMjExaTEwMjQlMjEyaTc2OCUyMTRmMTMuMSUyMTNtMyUyMTFtMiUyMTFzMHgwJTI1M0EweDkzZGZjYzExNjQwMjUwJTIxMnNFTUVDJTI1MjBNYWNoaW5lJTI1MjBUb29scyUyNTIwSW5jJTIxNWUwJTIxM20yJTIxMXNlbiUyMTJzY2ElMjE0djE2NDA2NDAxNDg0OTElMjE1bTIlMjExc2VuJTIxMnNjYSUyMiUyMHdpZHRoJTNEJTIyNjAwJTIyJTIwaGVpZ2h0JTNEJTIyNDUwJTIyJTIwc3R5bGUlM0QlMjJib3JkZXIlM0EwJTNCJTIyJTIwYWxsb3dmdWxsc2NyZWVuJTNEJTIyJTIyJTIwbG9hZGluZyUzRCUyMmxhenklMjIlM0UlM0MlMkZpZnJhbWUlM0U=&#8221; size=&#8221;429px&#8221;][\/vc_column][\/vc_row][\/vc_section]<\/p>\n<\/section>","protected":false},"excerpt":{"rendered":"<p>[vc_section][vc_row el_id=&#8221;mississauga&#8221;][vc_column width=&#8221;7\/12&#8243;][vc_btn title=&#8221;location &amp; opening hours&#8221; color=&#8221;outline_blue_button&#8221; i_align=&#8221;right&#8221; i_icon_fontawesome=&#8221;fas fa-arrow-down&#8221; add_icon=&#8221;true&#8221; link=&#8221;url:%23mississauga-location-hours&#8221; css=&#8221;.vc_custom_1640640038632{margin-left: 0px !important;}&#8221; el_class=&#8221;btn-mobile-block mb-5&#8243;][\/vc_column][vc_column width=&#8221;1\/3&#8243; offset=&#8221;vc_col-lg-offset-1 vc_col-md-offset-1 vc_col-sm-offset-1&#8243;][vc_single_image image=&#8221;502&#8243; img_size=&#8221;full&#8221;][\/vc_column][\/vc_row][vc_row][vc_column][vc_separator color=&#8221;border_grey&#8221;][\/vc_column][\/vc_row][vc_row][vc_column offset=&#8221;vc_col-lg-7 vc_col-md-7&#8243;][\/vc_column][\/vc_row][vc_row equal_height=&#8221;yes&#8221;][vc_column width=&#8221;1\/3&#8243;][\/vc_column][vc_column width=&#8221;1\/3&#8243;][\/vc_column][vc_column width=&#8221;1\/3&#8243;][\/vc_column][\/vc_row][vc_row equal_height=&#8221;yes&#8221;][vc_column width=&#8221;1\/3&#8243;][\/vc_column][vc_column width=&#8221;1\/3&#8243;][\/vc_column][vc_column width=&#8221;1\/3&#8243;][\/vc_column][\/vc_row][vc_row full_width=&#8221;stretch_row&#8221; css=&#8221;.vc_custom_1643604340912{margin-top: 6rem !important;padding-top: 6rem !important;padding-bottom: 6rem !important;background-image: url(https:\/\/www.emecmt.com\/wp-content\/uploads\/2022\/01\/blue-background.jpg?id=1644) [&hellip;]<\/p>\n","protected":false},"author":1,"featured_media":0,"parent":671,"menu_order":2,"comment_status":"closed","ping_status":"closed","template":"","meta":{"footnotes":""},"class_list":["post-675","page","type-page","status-publish","hentry"],"acf":[],"aioseo_notices":[],"_links":{"self":[{"href":"https:\/\/www.emecmt.com\/fr\/wp-json\/wp\/v2\/pages\/675","targetHints":{"allow":["GET"]}}],"collection":[{"href":"https:\/\/www.emecmt.com\/fr\/wp-json\/wp\/v2\/pages"}],"about":[{"href":"https:\/\/www.emecmt.com\/fr\/wp-json\/wp\/v2\/types\/page"}],"author":[{"embeddable":true,"href":"https:\/\/www.emecmt.com\/fr\/wp-json\/wp\/v2\/users\/1"}],"replies":[{"embeddable":true,"href":"https:\/\/www.emecmt.com\/fr\/wp-json\/wp\/v2\/comments?post=675"}],"version-history":[{"count":0,"href":"https:\/\/www.emecmt.com\/fr\/wp-json\/wp\/v2\/pages\/675\/revisions"}],"up":[{"embeddable":true,"href":"https:\/\/www.emecmt.com\/fr\/wp-json\/wp\/v2\/pages\/671"}],"wp:attachment":[{"href":"https:\/\/www.emecmt.com\/fr\/wp-json\/wp\/v2\/media?parent=675"}],"curies":[{"name":"wp","href":"https:\/\/api.w.org\/{rel}","templated":true}]}}