{"id":672,"date":"2021-12-05T16:49:35","date_gmt":"2021-12-05T21:49:35","guid":{"rendered":"https:\/\/www.emecmt.com\/tech-centres\/emec-vip-tech-centre\/"},"modified":"2025-07-22T12:20:40","modified_gmt":"2025-07-22T16:20:40","slug":"emec-centre-technique-vip-mississauga","status":"publish","type":"page","link":"https:\/\/www.emecmt.com\/fr\/centres-techniques\/emec-centre-technique-vip-mississauga\/","title":{"rendered":"EMEC VIP Tech Centre &#8211; Mississauga (FR)"},"content":{"rendered":"<section class=\"wpb-content-wrapper\"><p>[vc_section][vc_row el_id=&#8221;mississauga&#8221;][vc_column width=&#8221;7\/12&#8243;]<h2 class='section-heading  align-left text-uppercase txt-black  mb-4'>CENTRE TECHNIQUE DE MISSISSAUGA<\/h2><div class='section-content wpb_text_column wpb_content_element align-left Select txt-black  mb-5'><div class='wpb_wrapper'><p>Le centre technique EMEC permet \u00e0 nos clients de faire l&#8217;exp\u00e9rience des d\u00e9monstrations de machines de d\u00e9coupage en direct et de rencontrer nos ing\u00e9nieurs de service et d&#8217;application internes.<\/p>\n<p><strong><u>CARACT\u00c9RISTIQUES DU CENTRE TECHNIQUE VIP EMEC:<\/u><\/strong><\/p>\n<ul>\n<li>Plus de 3 machines CNC expos\u00e9es<\/li>\n<li>Ing\u00e9nieurs de service et d&#8217;application internes<\/li>\n<li>Deux installations de formation en salle de r\u00e9union<\/li>\n<li>Simulateurs de contr\u00f4le CNC<\/li>\n<\/ul>\n<\/div><\/div>[vc_btn title=&#8221;LIEU ET HEURES D&#8217;OUVERTURE&#8221; color=&#8221;outline_blue_button&#8221; i_align=&#8221;right&#8221; i_icon_fontawesome=&#8221;fas fa-arrow-down&#8221; add_icon=&#8221;true&#8221; link=&#8221;url:%23mississauga-location-hours&#8221; css=&#8221;.vc_custom_1647456136506{margin-left: 0px !important;}&#8221; el_class=&#8221;btn-mobile-block mb-5&#8243;][\/vc_column][vc_column width=&#8221;1\/3&#8243; offset=&#8221;vc_col-lg-offset-1 vc_col-md-offset-1 vc_col-sm-offset-1&#8243;][vc_single_image image=&#8221;3856&#8243; img_size=&#8221;full&#8221;][\/vc_column][\/vc_row][vc_row][vc_column][vc_separator color=&#8221;border_grey&#8221;][\/vc_column][\/vc_row][vc_row][vc_column offset=&#8221;vc_col-lg-7 vc_col-md-7&#8243;]<h2 class='section-heading  align-left text-uppercase txt-black  '>MACHINES EXPOS\u00c9ES<\/h2>[\/vc_column][\/vc_row][vc_row equal_height=&#8221;yes&#8221;][vc_column width=&#8221;1\/3&#8243;]\n        <div class='product-container'>\n          <div class='product-ribbon'>Pr\u00eate pour la demonstration<\/div>\n          <img class='product-logo' src='https:\/\/www.emecmt.com\/wp-content\/uploads\/2022\/01\/okuma-logo-colour-2.png' alt=''>\n          <div class='product-image'><img loading=\"lazy\" decoding=\"async\" width=\"1470\" height=\"1436\" src=\"https:\/\/www.emecmt.com\/wp-content\/uploads\/2022\/01\/PRODUCT-TILE-1-OKUMA-GENOS-M560-V-OPEN.jpg\" class=\"attachment-post-thumbnail size-post-thumbnail wp-post-image\" alt=\"\" srcset=\"https:\/\/www.emecmt.com\/wp-content\/uploads\/2022\/01\/PRODUCT-TILE-1-OKUMA-GENOS-M560-V-OPEN.jpg 1470w, https:\/\/www.emecmt.com\/wp-content\/uploads\/2022\/01\/PRODUCT-TILE-1-OKUMA-GENOS-M560-V-OPEN-300x293.jpg 300w, https:\/\/www.emecmt.com\/wp-content\/uploads\/2022\/01\/PRODUCT-TILE-1-OKUMA-GENOS-M560-V-OPEN-1024x1000.jpg 1024w, https:\/\/www.emecmt.com\/wp-content\/uploads\/2022\/01\/PRODUCT-TILE-1-OKUMA-GENOS-M560-V-OPEN-768x750.jpg 768w\" sizes=\"auto, (max-width: 1470px) 100vw, 1470px\" \/><\/div>\n          <div class='product-content'>\n            <h3 class='product-title'>GENOS M560-V<\/h3>\n            <div class='product-description'><div class='product-subtitle'>Centre d'usinage vertical 3 axes <\/div><div><p>Une construction hautement rigide et thermiquement stable permet \u00e0 ce centre d&#8217;usinage vertical de r\u00e9sister \u00e0 la d\u00e9formation thermique, ce qui r\u00e9duit la croissance thermique et am\u00e9liore les performances d&#8217;usinage. Il peut manipuler une vari\u00e9t\u00e9 de mat\u00e9riaux, du titane \u00e0 l&#8217;aluminium, et le fait sans sacrifier la qualit\u00e9 de finition ou la productivit\u00e9.<\/p>\n<ul>\n<li>32-Tool Magazine \u2013 pour une flexibilit\u00e9 accrue<\/li>\n<li>15K CAT40 BIG-PLUS \u00ae Spindle \u2013 pour d\u2019excellentes performances de coupe<\/li>\n<li>Conception de double colonne tr\u00e8s rigide \u2013 pour une pr\u00e9cision et une r\u00e9p\u00e9tabilit\u00e9 in\u00e9gal\u00e9es<\/li>\n<\/ul>\n<\/div><\/div>\n          <\/div>\n          <div class='product-links'>\n            <a class='btn btn-blue' href='https:\/\/www.okuma.com\/products\/genos-m560-v' target='_blank'>Plus de d\u00e9tails<\/a>\n            <a class='btn btn-blue-outline' href='#ref1823' data-toggle='modal' data-target='#ref1823'><i class='fab fa-youtube'><\/i> Voir la d\u00e9mo<\/a>\n            \n          <\/div>\n        <\/div>        \n        <div class='modal fade modal-youtube' id='ref1823' tabindex='-1' role='dialog' aria-labelledby='ref1823' aria-hidden='true'>\n        <div class='modal-dialog modal-dialog-centered'>\n          <div class='modal-content'>\n            <div class='modal-header justify-content-end'>\n              <div class='modal-close-btn'><button type='button' class='btn btn-blue' data-dismiss='modal'>Ferm\u00e9e<\/button><\/div>\n              <\/div>\n              <iframe id='1823' width='450' height='450' src='https:\/\/www.youtube.com\/embed\/DisGJzDob-U' title='YouTube video player' frameborder='0' allow='accelerometer; clipboard-write; encrypted-media; gyroscope; picture-in-picture' allowfullscreen><\/iframe>\n          <\/div>\n        <\/div>\n      <\/div>\n      [\/vc_column][vc_column width=&#8221;1\/3&#8243;]\n        <div class='product-container'>\n          <div class='product-ribbon'>Pr\u00eate pour la demonstration<\/div>\n          <img class='product-logo' src='https:\/\/www.emecmt.com\/wp-content\/uploads\/2022\/01\/okuma-logo-colour-2.png' alt=''>\n          <div class='product-image'><img loading=\"lazy\" decoding=\"async\" width=\"1213\" height=\"1013\" src=\"https:\/\/www.emecmt.com\/wp-content\/uploads\/2022\/01\/PRODUCT-TILE-3-OKUMA-MB-5000H-OPEN.jpg\" class=\"attachment-post-thumbnail size-post-thumbnail wp-post-image\" alt=\"\" srcset=\"https:\/\/www.emecmt.com\/wp-content\/uploads\/2022\/01\/PRODUCT-TILE-3-OKUMA-MB-5000H-OPEN.jpg 1213w, https:\/\/www.emecmt.com\/wp-content\/uploads\/2022\/01\/PRODUCT-TILE-3-OKUMA-MB-5000H-OPEN-300x251.jpg 300w, https:\/\/www.emecmt.com\/wp-content\/uploads\/2022\/01\/PRODUCT-TILE-3-OKUMA-MB-5000H-OPEN-1024x855.jpg 1024w, https:\/\/www.emecmt.com\/wp-content\/uploads\/2022\/01\/PRODUCT-TILE-3-OKUMA-MB-5000H-OPEN-768x641.jpg 768w\" sizes=\"auto, (max-width: 1213px) 100vw, 1213px\" \/><\/div>\n          <div class='product-content'>\n            <h3 class='product-title'>MB-5000HII<\/h3>\n            <div class='product-description'><div class='product-subtitle'>Centre d'usinage horizontal<\/div><div><p>Le MB-5000HII est un centre d&#8217;usinage horizontal \u00e0 haute vitesse, stable thermiquement, qui offre une acc\u00e9l\u00e9ration rapide, des changements d&#8217;outils courts et une grande puissance pour am\u00e9liorer la productivit\u00e9. Compar\u00e9 au mod\u00e8le pr\u00e9c\u00e9dent, les puissantes capacit\u00e9s de coupe de cette machine et l\u2019automatisation \u00e0 grande vitesse augmentent la productivit\u00e9 et r\u00e9duisent le temps de cycle de 25 %, tandis que l\u2019empreinte r\u00e9duite de 20 % maximise l\u2019espace pr\u00e9cieux des ateliers.<\/p>\n<ul>\n<li>Disk ATC \u2013 Indexation rapide de l\u2019outil<\/li>\n<li>Suite OSP \u2013 Pr\u00e9charg\u00e9 avec les applications dont vous avez besoin<\/li>\n<li>Positionnement plus rapide et indexation de table \u2013 Temps de cycle r\u00e9duit<\/li>\n<\/ul>\n<\/div><\/div>\n          <\/div>\n          <div class='product-links'>\n            <a class='btn btn-blue' href='https:\/\/www.okuma.com\/products\/mb-5000hii' target='_blank'>Plus de d\u00e9tails<\/a>\n            <a class='btn btn-blue-outline' href='#ref1832' data-toggle='modal' data-target='#ref1832'><i class='fab fa-youtube'><\/i> BROCHURE VID\u00c9O<\/a>\n            \n          <\/div>\n        <\/div>        \n        <div class='modal fade modal-youtube' id='ref1832' tabindex='-1' role='dialog' aria-labelledby='ref1832' aria-hidden='true'>\n        <div class='modal-dialog modal-dialog-centered'>\n          <div class='modal-content'>\n            <div class='modal-header justify-content-end'>\n              <div class='modal-close-btn'><button type='button' class='btn btn-blue' data-dismiss='modal'>Ferm\u00e9e<\/button><\/div>\n              <\/div>\n              <iframe id='1832' width='450' height='450' src='http:\/\/Https:\/\/www.youtube.com\/embed\/U5BGGdqgOvs' title='YouTube video player' frameborder='0' allow='accelerometer; clipboard-write; encrypted-media; gyroscope; picture-in-picture' allowfullscreen><\/iframe>\n          <\/div>\n        <\/div>\n      <\/div>\n      [\/vc_column][vc_column width=&#8221;1\/3&#8243;]\n        <div class='product-container'>\n          \n          <img class='product-logo' src='https:\/\/www.emecmt.com\/wp-content\/uploads\/2022\/01\/okuma-logo-colour-2.png' alt=''>\n          <div class='product-image'><img loading=\"lazy\" decoding=\"async\" width=\"480\" height=\"316\" src=\"https:\/\/www.emecmt.com\/wp-content\/uploads\/2021\/12\/product-tile-okuma-horizontal-lathes-LB3000-EXII.jpg\" class=\"attachment-post-thumbnail size-post-thumbnail wp-post-image\" alt=\"Okuma LB3000 EX II\" srcset=\"https:\/\/www.emecmt.com\/wp-content\/uploads\/2021\/12\/product-tile-okuma-horizontal-lathes-LB3000-EXII.jpg 480w, https:\/\/www.emecmt.com\/wp-content\/uploads\/2021\/12\/product-tile-okuma-horizontal-lathes-LB3000-EXII-300x198.jpg 300w\" sizes=\"auto, (max-width: 480px) 100vw, 480px\" \/><\/div>\n          <div class='product-content'>\n            <h3 class='product-title'>GENOS L3000-E<\/h3>\n            <div class='product-description'><div class='product-subtitle'>Tour Horizontal<\/div><div><p>La GENOS L3000-e est le mod\u00e8le le plus r\u00e9cent de la s\u00e9rie GENOS. Ce mod\u00e8le est dot\u00e9 d&#8217;une broche int\u00e9gr\u00e9e pour des op\u00e9rations d\u2019usinages CNC puissant et de haute pr\u00e9cision. Ce tour \u00e0 une selle est plus rigide, plus petit et id\u00e9al pour usiner facilement une large gamme de mat\u00e9riaux exotiques.<\/p>\n<\/div><\/div>\n          <\/div>\n          <div class='product-links'>\n            <a class='btn btn-blue' href='https:\/\/www.okuma.com\/products\/genos-l3000-e-turning-center' target='_blank'>Plus de d\u00e9tails<\/a>\n            <a class='btn btn-blue-outline' href='#ref999' data-toggle='modal' data-target='#ref999'><i class='fab fa-youtube'><\/i> Voir la d\u00e9mo<\/a>\n            \n          <\/div>\n        <\/div>        \n        <div class='modal fade modal-youtube' id='ref999' tabindex='-1' role='dialog' aria-labelledby='ref999' aria-hidden='true'>\n        <div class='modal-dialog modal-dialog-centered'>\n          <div class='modal-content'>\n            <div class='modal-header justify-content-end'>\n              <div class='modal-close-btn'><button type='button' class='btn btn-blue' data-dismiss='modal'>Ferm\u00e9e<\/button><\/div>\n              <\/div>\n              <iframe id='999' width='450' height='450' src='https:\/\/www.youtube.com\/embed\/6j0oWAGWh44' title='YouTube video player' frameborder='0' allow='accelerometer; clipboard-write; encrypted-media; gyroscope; picture-in-picture' allowfullscreen><\/iframe>\n          <\/div>\n        <\/div>\n      <\/div>\n      [\/vc_column][\/vc_row][vc_row equal_height=&#8221;yes&#8221;][vc_column width=&#8221;1\/3&#8243;]\n        <div class='product-container'>\n          <div class='product-ribbon'>Nouveau Produit<\/div>\n          <img class='product-logo' src='https:\/\/www.emecmt.com\/wp-content\/uploads\/2022\/01\/okuma-logo-colour-2.png' alt=''>\n          <div class='product-image'><img loading=\"lazy\" decoding=\"async\" width=\"1751\" height=\"1348\" src=\"https:\/\/www.emecmt.com\/wp-content\/uploads\/2025\/04\/MULTUS-B250II_open.png\" class=\"attachment-post-thumbnail size-post-thumbnail wp-post-image\" alt=\"\" srcset=\"https:\/\/www.emecmt.com\/wp-content\/uploads\/2025\/04\/MULTUS-B250II_open.png 1751w, https:\/\/www.emecmt.com\/wp-content\/uploads\/2025\/04\/MULTUS-B250II_open-300x231.png 300w, https:\/\/www.emecmt.com\/wp-content\/uploads\/2025\/04\/MULTUS-B250II_open-1024x788.png 1024w, https:\/\/www.emecmt.com\/wp-content\/uploads\/2025\/04\/MULTUS-B250II_open-768x591.png 768w, https:\/\/www.emecmt.com\/wp-content\/uploads\/2025\/04\/MULTUS-B250II_open-1536x1182.png 1536w\" sizes=\"auto, (max-width: 1751px) 100vw, 1751px\" \/><\/div>\n          <div class='product-content'>\n            <h3 class='product-title'>MULTUS B250 II 1SW\/750<\/h3>\n            <div class='product-description'><div class='product-subtitle'>Multitasking (*OSP-P500L*)<\/div><div><p>Cette machine CNC multit\u00e2che effectue un usinage intensif de processus pour des livraisons plus courtes tout en faisant une utilisation plus efficace de l&#8217;espace au sol. Avec moins de configurations, le travail en processus est consid\u00e9rablement r\u00e9duit et l&#8217;utilisation de la machine est consid\u00e9rablement augment\u00e9e.<\/p>\n<ul>\n<li>OSP-P500-S Contr\u00f4le \u2013 con\u00e7u sp\u00e9cifiquement pour les machines multit\u00e2ches<\/li>\n<li>Capacit\u00e9 multit\u00e2che avanc\u00e9e \u2013 Tout dans une empreinte compacte C<\/li>\n<li>oncept Thermo-Friendly \u2013 Pr\u00e9cision fiable quelle que soit la temp\u00e9rature ambiante)<\/li>\n<\/ul>\n<\/div><\/div>\n          <\/div>\n          <div class='product-links'>\n            <a class='btn btn-blue' href='https:\/\/www.okuma.com\/products\/multus-b250ii' target='_blank'>Plus de d\u00e9tails<\/a>\n            <a class='btn btn-blue-outline' href='#ref5469' data-toggle='modal' data-target='#ref5469'><i class='fab fa-youtube'><\/i> Voir la d\u00e9mo<\/a>\n            \n          <\/div>\n        <\/div>        \n        <div class='modal fade modal-youtube' id='ref5469' tabindex='-1' role='dialog' aria-labelledby='ref5469' aria-hidden='true'>\n        <div class='modal-dialog modal-dialog-centered'>\n          <div class='modal-content'>\n            <div class='modal-header justify-content-end'>\n              <div class='modal-close-btn'><button type='button' class='btn btn-blue' data-dismiss='modal'>Ferm\u00e9e<\/button><\/div>\n              <\/div>\n              <iframe id='5469' width='450' height='450' src='https:\/\/www.youtube.com\/embed\/wHIS8T-YYiw?si=ItJMm4mQXevqBrcN' title='YouTube video player' frameborder='0' allow='accelerometer; clipboard-write; encrypted-media; gyroscope; picture-in-picture' allowfullscreen><\/iframe>\n          <\/div>\n        <\/div>\n      <\/div>\n      [\/vc_column][vc_column width=&#8221;1\/3&#8243;][\/vc_column][vc_column width=&#8221;1\/3&#8243;][\/vc_column][\/vc_row][vc_row][vc_column][vc_separator color=&#8221;border_grey&#8221;][\/vc_column][\/vc_row][vc_row][vc_column offset=&#8221;vc_col-lg-7 vc_col-md-7&#8243;]<h2 class='section-heading  align-left text-uppercase txt-black  '>TECHNOLOGY ON DISPLAY<\/h2>[\/vc_column][\/vc_row][vc_row equal_height=&#8221;yes&#8221;][vc_column width=&#8221;1\/3&#8243;]\n        <div class='product-container'>\n          \n          <img class='product-logo' src='https:\/\/www.emecmt.com\/wp-content\/uploads\/2022\/01\/okuma-logo-colour-2.png' alt=''>\n          <div class='product-image'><img loading=\"lazy\" decoding=\"async\" width=\"1680\" height=\"888\" src=\"https:\/\/www.emecmt.com\/wp-content\/uploads\/2022\/04\/FULL.jpg\" class=\"attachment-post-thumbnail size-post-thumbnail wp-post-image\" alt=\"\" srcset=\"https:\/\/www.emecmt.com\/wp-content\/uploads\/2022\/04\/FULL.jpg 1680w, https:\/\/www.emecmt.com\/wp-content\/uploads\/2022\/04\/FULL-300x159.jpg 300w, https:\/\/www.emecmt.com\/wp-content\/uploads\/2022\/04\/FULL-1024x541.jpg 1024w, https:\/\/www.emecmt.com\/wp-content\/uploads\/2022\/04\/FULL-768x406.jpg 768w, https:\/\/www.emecmt.com\/wp-content\/uploads\/2022\/04\/FULL-1536x812.jpg 1536w\" sizes=\"auto, (max-width: 1680px) 100vw, 1680px\" \/><\/div>\n          <div class='product-content'>\n            <h3 class='product-title'>Connect Plan<\/h3>\n            <div class='product-description'><div class='product-subtitle'>Industrie 4.0 monitoring<\/div><div><p>&#8220;Connect Plan&#8221; fournit des analyses pour une meilleure utilisation des machines-outils et en fournissant des informations visuelles sur les op\u00e9rations et l&#8217;usinage de chaque machine dans l&#8217;usine. Connectez simplement le contr\u00f4leur CNC OSP \u00e0 un serveur et installez la suite &#8220;Factory Monitor&#8221; sur le serveur pour voir l&#8217;\u00e9tat de fonctionnement de la machines-outils, \u00e0 partir d&#8217;un bureau, smartphone ou virtuellement partout.<\/p>\n<\/div><\/div>\n          <\/div>\n          <div class='product-links'>\n            <a class='btn btn-blue' href='https:\/\/www.okuma.com\/connect-plan' target='_blank'>Plus de d\u00e9tails<\/a>\n            <a class='btn btn-blue-outline' href='#ref3761' data-toggle='modal' data-target='#ref3761'><i class='fab fa-youtube'><\/i> VOIR LA D\u00c9MO<\/a>\n            \n          <\/div>\n        <\/div>        \n        <div class='modal fade modal-youtube' id='ref3761' tabindex='-1' role='dialog' aria-labelledby='ref3761' aria-hidden='true'>\n        <div class='modal-dialog modal-dialog-centered'>\n          <div class='modal-content'>\n            <div class='modal-header justify-content-end'>\n              <div class='modal-close-btn'><button type='button' class='btn btn-blue' data-dismiss='modal'>Ferm\u00e9e<\/button><\/div>\n              <\/div>\n              <iframe id='3761' width='450' height='450' src='https:\/\/www.youtube.com\/embed\/Aw6t7Sy4wiE' title='YouTube video player' frameborder='0' allow='accelerometer; clipboard-write; encrypted-media; gyroscope; picture-in-picture' allowfullscreen><\/iframe>\n          <\/div>\n        <\/div>\n      <\/div>\n      [\/vc_column][vc_column width=&#8221;1\/3&#8243;][\/vc_column][vc_column width=&#8221;1\/3&#8243;][\/vc_column][\/vc_row][vc_row el_id=&#8221;mississauga-location-hours&#8221;][vc_column][vc_empty_space][vc_separator color=&#8221;border_grey&#8221;][\/vc_column][\/vc_row][vc_row][vc_column width=&#8221;5\/12&#8243;]<h2 class='section-heading  align-left text-uppercase txt-black  '>LIEU ET HEURES D'OUVERTURE<\/h2>[vc_empty_space height=&#8221;20px&#8221;]<h3 class='section-heading h5 align-left text-uppercase txt-blue  mb-3'>mississauga<\/h3>[vc_row_inner][vc_column_inner width=&#8221;1\/2&#8243; offset=&#8221;vc_col-xs-6&#8243;]<div class='section-content wpb_text_column wpb_content_element align-left Select txt-black  '><div class='wpb_wrapper'><p><strong>MISSISSAUGA<br \/>\n<\/strong><strong>205, boul. Admiral<br \/>\n<\/strong><strong>Mississauga (Ontario) L5T 2T3<\/strong><\/p>\n<p>T. 905-565-3570<br \/>\nF. 905-565-3580<\/p>\n<\/div><\/div>[\/vc_column_inner][vc_column_inner width=&#8221;1\/2&#8243; offset=&#8221;vc_col-xs-6&#8243;]<div class='section-content wpb_text_column wpb_content_element align-left Select txt-black  '><div class='wpb_wrapper'><p><strong>Horaires d&#8217;ouvertures:<\/strong><\/p>\n<p>Du lundi au vendredi<br \/>\n8h00 \u2013 17h00<\/p>\n<\/div><\/div>[\/vc_column_inner][\/vc_row_inner]<h3 class='section-heading h5 align-left text-uppercase txt-black  mb-3'>\u00caTES-VOUS INTERESSEZ DE NOUS VISITER?<\/h3><div class='section-content wpb_text_column wpb_content_element align-left Select txt-black  mb-5'><div class='wpb_wrapper'><p>Veuillez nous faire parvenir une demande de rendez-vous, afin que nous puissions prendre des dispositions pour qu&#8217;un employ\u00e9 d&#8217;EMEC vous accueille et r\u00e9ponde \u00e0 toutes vos questions. Nous avons h\u00e2te de vous rencontrer!<\/p>\n<\/div><\/div>[vc_btn title=&#8221;DEMANDER UN RENDEZ-VOUS&#8221; color=&#8221;blue_button&#8221; link=&#8221;url:https%3A%2F%2Fwww.emecmt.com%2Ffr%2Fpour-nous-joindre%2Frendez-vous-au-centre-technique%2F|title:Tech%20Centre%20Appointment%20Request%20(FR)&#8221; css=&#8221;.vc_custom_1647456403243{margin-left: 0px !important;}&#8221; el_class=&#8221;btn-mobile-block mb-5&#8243;][\/vc_column][vc_column width=&#8221;1\/2&#8243; offset=&#8221;vc_col-lg-offset-1 vc_col-md-offset-1 vc_col-sm-offset-1&#8243;][vc_gmaps link=&#8221;#E-8_JTNDaWZyYW1lJTIwc3JjJTNEJTIyaHR0cHMlM0ElMkYlMkZ3d3cuZ29vZ2xlLmNvbSUyRm1hcHMlMkZlbWJlZCUzRnBiJTNEJTIxMW0xNCUyMTFtOCUyMTFtMyUyMTFkMjg4Ny4wMzEyMjU1MDM4MjkzJTIxMmQtNzkuNjk2MDI1MzU1MDE3MDglMjEzZDQzLjY0NzUxODY3NzY0MzIlMjEzbTIlMjExaTEwMjQlMjEyaTc2OCUyMTRmMTMuMSUyMTNtMyUyMTFtMiUyMTFzMHgwJTI1M0EweDkzZGZjYzExNjQwMjUwJTIxMnNFTUVDJTI1MjBNYWNoaW5lJTI1MjBUb29scyUyNTIwSW5jJTIxNWUwJTIxM20yJTIxMXNlbiUyMTJzY2ElMjE0djE2NDA2NDAxNDg0OTElMjE1bTIlMjExc2VuJTIxMnNjYSUyMiUyMHdpZHRoJTNEJTIyNjAwJTIyJTIwaGVpZ2h0JTNEJTIyNDUwJTIyJTIwc3R5bGUlM0QlMjJib3JkZXIlM0EwJTNCJTIyJTIwYWxsb3dmdWxsc2NyZWVuJTNEJTIyJTIyJTIwbG9hZGluZyUzRCUyMmxhenklMjIlM0UlM0MlMkZpZnJhbWUlM0U=&#8221; size=&#8221;429px&#8221;][\/vc_column][\/vc_row][\/vc_section]<\/p>\n<\/section>","protected":false},"excerpt":{"rendered":"<p>[vc_section][vc_row el_id=&#8221;mississauga&#8221;][vc_column width=&#8221;7\/12&#8243;][vc_btn title=&#8221;LIEU ET HEURES D&#8217;OUVERTURE&#8221; color=&#8221;outline_blue_button&#8221; i_align=&#8221;right&#8221; i_icon_fontawesome=&#8221;fas fa-arrow-down&#8221; add_icon=&#8221;true&#8221; link=&#8221;url:%23mississauga-location-hours&#8221; css=&#8221;.vc_custom_1647456136506{margin-left: 0px !important;}&#8221; el_class=&#8221;btn-mobile-block mb-5&#8243;][\/vc_column][vc_column width=&#8221;1\/3&#8243; offset=&#8221;vc_col-lg-offset-1 vc_col-md-offset-1 vc_col-sm-offset-1&#8243;][vc_single_image image=&#8221;3856&#8243; img_size=&#8221;full&#8221;][\/vc_column][\/vc_row][vc_row][vc_column][vc_separator color=&#8221;border_grey&#8221;][\/vc_column][\/vc_row][vc_row][vc_column offset=&#8221;vc_col-lg-7 vc_col-md-7&#8243;][\/vc_column][\/vc_row][vc_row equal_height=&#8221;yes&#8221;][vc_column width=&#8221;1\/3&#8243;][\/vc_column][vc_column width=&#8221;1\/3&#8243;][\/vc_column][vc_column width=&#8221;1\/3&#8243;][\/vc_column][\/vc_row][vc_row equal_height=&#8221;yes&#8221;][vc_column width=&#8221;1\/3&#8243;][\/vc_column][vc_column width=&#8221;1\/3&#8243;][\/vc_column][vc_column width=&#8221;1\/3&#8243;][\/vc_column][\/vc_row][vc_row][vc_column][vc_separator color=&#8221;border_grey&#8221;][\/vc_column][\/vc_row][vc_row][vc_column offset=&#8221;vc_col-lg-7 vc_col-md-7&#8243;][\/vc_column][\/vc_row][vc_row equal_height=&#8221;yes&#8221;][vc_column width=&#8221;1\/3&#8243;][\/vc_column][vc_column width=&#8221;1\/3&#8243;][\/vc_column][vc_column width=&#8221;1\/3&#8243;][\/vc_column][\/vc_row][vc_row el_id=&#8221;mississauga-location-hours&#8221;][vc_column][vc_empty_space][vc_separator color=&#8221;border_grey&#8221;][\/vc_column][\/vc_row][vc_row][vc_column [&hellip;]<\/p>\n","protected":false},"author":1,"featured_media":0,"parent":671,"menu_order":1,"comment_status":"closed","ping_status":"closed","template":"","meta":{"footnotes":""},"class_list":["post-672","page","type-page","status-publish","hentry"],"acf":[],"aioseo_notices":[],"_links":{"self":[{"href":"https:\/\/www.emecmt.com\/fr\/wp-json\/wp\/v2\/pages\/672","targetHints":{"allow":["GET"]}}],"collection":[{"href":"https:\/\/www.emecmt.com\/fr\/wp-json\/wp\/v2\/pages"}],"about":[{"href":"https:\/\/www.emecmt.com\/fr\/wp-json\/wp\/v2\/types\/page"}],"author":[{"embeddable":true,"href":"https:\/\/www.emecmt.com\/fr\/wp-json\/wp\/v2\/users\/1"}],"replies":[{"embeddable":true,"href":"https:\/\/www.emecmt.com\/fr\/wp-json\/wp\/v2\/comments?post=672"}],"version-history":[{"count":0,"href":"https:\/\/www.emecmt.com\/fr\/wp-json\/wp\/v2\/pages\/672\/revisions"}],"up":[{"embeddable":true,"href":"https:\/\/www.emecmt.com\/fr\/wp-json\/wp\/v2\/pages\/671"}],"wp:attachment":[{"href":"https:\/\/www.emecmt.com\/fr\/wp-json\/wp\/v2\/media?parent=672"}],"curies":[{"name":"wp","href":"https:\/\/api.w.org\/{rel}","templated":true}]}}