{"id":656,"date":"2021-12-05T16:48:08","date_gmt":"2021-12-05T21:48:08","guid":{"rendered":"https:\/\/www.emecmt.com\/services-solutions\/spare-parts\/"},"modified":"2022-03-28T12:32:35","modified_gmt":"2022-03-28T16:32:35","slug":"pieces-de-rechange","status":"publish","type":"page","link":"https:\/\/www.emecmt.com\/fr\/services-et-solutions\/pieces-de-rechange\/","title":{"rendered":"Spare Parts (FR)"},"content":{"rendered":"<section class=\"wpb-content-wrapper\"><p>[vc_section][vc_row][vc_column width=&#8221;1\/3&#8243; el_class=&#8221;vc_col-sm-push-8&#8243;][vc_single_image image=&#8221;3310&#8243; img_size=&#8221;full&#8221;][\/vc_column][vc_column width=&#8221;7\/12&#8243; el_class=&#8221;vc_col-sm-pull-4&#8243;]<h2 class='section-heading  align-left text-uppercase txt-black  mb-4'>PI\u00c8CES DE RECHANGE<\/h2><div class='section-content wpb_text_column wpb_content_element align-left emphasis txt-black  mb-4'><div class='wpb_wrapper'><p>Chez EMEC, nous comprenons l&#8217;importance de fournir \u00e0 nos clients les pi\u00e8ces de rechange dont ils ont besoin dans les plus brefs d\u00e9lais afin de minimiser les temps d&#8217;arr\u00eat co\u00fbteux qui affectent vos op\u00e9rations.<\/p>\n<\/div><\/div><div class='section-content wpb_text_column wpb_content_element align-left Select txt-black  mb-5'><div class='wpb_wrapper'><p>EMEC Machine Outils Inc. exp\u00e9die des centaines de pi\u00e8ces chaque mois et poss\u00e8de une vari\u00e9t\u00e9 d&#8217;inventaire de pi\u00e8ces de 3 000 000 $ constamment maintenu dans nos bureaux de Mississauga et de Montr\u00e9al pour les diff\u00e9rentes gammes de machines-outils que nous repr\u00e9sentons. Tout est mis en \u0153uvre pour faire \u00e9voluer ce stock au fur et \u00e0 mesure des changements de mod\u00e8les et de machines sur le terrain. En plus de notre inventaire, nous avons acc\u00e8s \u00e0 plus de 75 000 000 $ de pi\u00e8ces OEM en Am\u00e9rique du Nord, 90 % de nos exp\u00e9ditions \u00e9tant disponibles dans les 24 heures. Nous nous effor\u00e7ons d&#8217;avoir la meilleure solution pour tous les besoins de nos clients.<\/p>\n<\/div><\/div>[\/vc_column][\/vc_row][vc_row][vc_column width=&#8221;1\/3&#8243;][vc_single_image image=&#8221;3323&#8243; img_size=&#8221;full&#8221;][\/vc_column][vc_column width=&#8221;2\/3&#8243;]<h3 class='section-heading  align-left  txt-black  mb-4'>Pi\u00e8ces de rechange<\/h3><div class='section-content wpb_text_column wpb_content_element align-left Select txt-black  mb-4'><div class='wpb_wrapper'><p>L&#8217;inventaire d&#8217;EMEC comprend des disques, des encodeurs, des cartes, des courroies, des filtres, des essuie-glaces, des ventilateurs, des batteries et plus encore pour nos nouveaux et anciens mod\u00e8les d&#8217;\u00e9quipement et est soutenu par nos garanties de garantie du constructeur. Que votre machine soit en panne ou n\u00e9cessite simplement son entretien r\u00e9gulier, vous devez \u00eatre assur\u00e9 que votre commande sera trait\u00e9e rapidement et vous serez tenu inform\u00e9 de l&#8217;avancement de votre envoi.<\/p>\n<\/div><\/div>[vc_btn title=&#8221;APPRENDRE ENCORE PLUS&#8221; color=&#8221;blue_button&#8221; i_align=&#8221;right&#8221; i_icon_fontawesome=&#8221;fas fa-chevron-right&#8221; add_icon=&#8221;true&#8221; link=&#8221;url:https%3A%2F%2Fwww.emecmt.com%2Ffr%2Fpour-nous-joindre%2Fpieces-de-rechange-request%2F|title:Demande%20de%20pi%C3%A8ces%20de%20rechange&#8221;][\/vc_column][\/vc_row][vc_row][vc_column][vc_separator color=&#8221;border_grey&#8221;][\/vc_column][\/vc_row][vc_row][vc_column width=&#8221;1\/3&#8243;][vc_single_image image=&#8221;3000&#8243; img_size=&#8221;full&#8221;][\/vc_column][vc_column width=&#8221;2\/3&#8243;]<h3 class='section-heading  align-left  txt-black  mb-4'>Programmes d'\u00e9change et de r\u00e9paration OEM<\/h3><div class='section-content wpb_text_column wpb_content_element align-left Select txt-black  mb-4'><div class='wpb_wrapper'><p>Pourquoi acheter neuf quand reconstruit fera l&#8217;affaire ? EMEC est un repr\u00e9sentant autoris\u00e9 pour tous les programmes d&#8217;\u00e9change et de r\u00e9paration par retour de notre fabricant. Nos constructeurs ont des experts de pointe dans la r\u00e9paration de la plupart des pi\u00e8ces \u00e9lectroniques et m\u00e9caniques soutenues par une GARANTIE.<\/p>\n<p>Tout ce dont vous avez besoin pour remettre votre machine en production aussi rapidement et efficacement que possible!<\/p>\n<\/div><\/div>[vc_btn title=&#8221;APPRENDRE ENCORE PLUS&#8221; color=&#8221;blue_button&#8221; i_align=&#8221;right&#8221; i_icon_fontawesome=&#8221;fas fa-chevron-right&#8221; add_icon=&#8221;true&#8221; link=&#8221;url:https%3A%2F%2Fwww.emecmt.com%2Ffr%2Fpour-nous-joindre%2Fpieces-de-rechange-request%2F|title:Demande%20de%20pi%C3%A8ces%20de%20rechange&#8221;][\/vc_column][\/vc_row][\/vc_section][vc_section full_width=&#8221;stretch_row&#8221; css=&#8221;.vc_custom_1643604733517{background-image: url(https:\/\/www.emecmt.com\/wp-content\/uploads\/2022\/01\/blue-background.jpg?id=1644) !important;background-position: center !important;background-repeat: no-repeat !important;background-size: cover !important;}&#8221;][vc_row][vc_column width=&#8221;1\/2&#8243; offset=&#8221;vc_col-lg-offset-3 vc_col-md-offset-3 vc_col-sm-offset-3&#8243;]\n    <div class='cta-box-container bg-light-grey'>\n      <span class='cta-box-subtitle'><\/span>\n      <h3 class='cta-box-title'>Vous recherchez des pi\u00e8ces pour votre machine CNC ? EMEC a ce qu'il vous faut !<\/h3>\n      <p class='cta-box-body'>Pour en savoir plus sur nos programmes de pi\u00e8ces, ou si vous avez une demande de pi\u00e8ces, contactez-nous d\u00e8s aujourd'hui !<\/p>\n      <a class='cta-box-btn' href='https:\/\/www.emecmt.com\/fr\/pour-nous-joindre\/pieces-de-rechange-request\/' >\n        CONNECTEZ-VOUS AVEC NOUS<i class='fas fa-chevron-right'><\/i>\n      <\/a>\n    <\/div>\n  [\/vc_column][\/vc_row][\/vc_section]<\/p>\n<\/section>","protected":false},"excerpt":{"rendered":"<p>[vc_section][vc_row][vc_column width=&#8221;1\/3&#8243; el_class=&#8221;vc_col-sm-push-8&#8243;][vc_single_image image=&#8221;3310&#8243; img_size=&#8221;full&#8221;][\/vc_column][vc_column width=&#8221;7\/12&#8243; el_class=&#8221;vc_col-sm-pull-4&#8243;][\/vc_column][\/vc_row][vc_row][vc_column width=&#8221;1\/3&#8243;][vc_single_image image=&#8221;3323&#8243; img_size=&#8221;full&#8221;][\/vc_column][vc_column width=&#8221;2\/3&#8243;][vc_btn title=&#8221;APPRENDRE ENCORE PLUS&#8221; color=&#8221;blue_button&#8221; i_align=&#8221;right&#8221; i_icon_fontawesome=&#8221;fas fa-chevron-right&#8221; add_icon=&#8221;true&#8221; link=&#8221;url:https%3A%2F%2Fwww.emecmt.com%2Ffr%2Fpour-nous-joindre%2Fpieces-de-rechange-request%2F|title:Demande%20de%20pi%C3%A8ces%20de%20rechange&#8221;][\/vc_column][\/vc_row][vc_row][vc_column][vc_separator color=&#8221;border_grey&#8221;][\/vc_column][\/vc_row][vc_row][vc_column width=&#8221;1\/3&#8243;][vc_single_image image=&#8221;3000&#8243; img_size=&#8221;full&#8221;][\/vc_column][vc_column width=&#8221;2\/3&#8243;][vc_btn title=&#8221;APPRENDRE ENCORE PLUS&#8221; color=&#8221;blue_button&#8221; i_align=&#8221;right&#8221; i_icon_fontawesome=&#8221;fas fa-chevron-right&#8221; add_icon=&#8221;true&#8221; link=&#8221;url:https%3A%2F%2Fwww.emecmt.com%2Ffr%2Fpour-nous-joindre%2Fpieces-de-rechange-request%2F|title:Demande%20de%20pi%C3%A8ces%20de%20rechange&#8221;][\/vc_column][\/vc_row][\/vc_section][vc_section full_width=&#8221;stretch_row&#8221; css=&#8221;.vc_custom_1643604733517{background-image: url(https:\/\/www.emecmt.com\/wp-content\/uploads\/2022\/01\/blue-background.jpg?id=1644) !important;background-position: center !important;background-repeat: no-repeat !important;background-size: cover !important;}&#8221;][vc_row][vc_column [&hellip;]<\/p>\n","protected":false},"author":1,"featured_media":0,"parent":646,"menu_order":0,"comment_status":"closed","ping_status":"closed","template":"","meta":{"footnotes":""},"class_list":["post-656","page","type-page","status-publish","hentry"],"acf":[],"aioseo_notices":[],"_links":{"self":[{"href":"https:\/\/www.emecmt.com\/fr\/wp-json\/wp\/v2\/pages\/656","targetHints":{"allow":["GET"]}}],"collection":[{"href":"https:\/\/www.emecmt.com\/fr\/wp-json\/wp\/v2\/pages"}],"about":[{"href":"https:\/\/www.emecmt.com\/fr\/wp-json\/wp\/v2\/types\/page"}],"author":[{"embeddable":true,"href":"https:\/\/www.emecmt.com\/fr\/wp-json\/wp\/v2\/users\/1"}],"replies":[{"embeddable":true,"href":"https:\/\/www.emecmt.com\/fr\/wp-json\/wp\/v2\/comments?post=656"}],"version-history":[{"count":0,"href":"https:\/\/www.emecmt.com\/fr\/wp-json\/wp\/v2\/pages\/656\/revisions"}],"up":[{"embeddable":true,"href":"https:\/\/www.emecmt.com\/fr\/wp-json\/wp\/v2\/pages\/646"}],"wp:attachment":[{"href":"https:\/\/www.emecmt.com\/fr\/wp-json\/wp\/v2\/media?parent=656"}],"curies":[{"name":"wp","href":"https:\/\/api.w.org\/{rel}","templated":true}]}}