{"id":653,"date":"2021-12-05T16:47:54","date_gmt":"2021-12-05T21:47:54","guid":{"rendered":"https:\/\/www.emecmt.com\/services-solutions\/services\/"},"modified":"2022-03-28T12:36:45","modified_gmt":"2022-03-28T16:36:45","slug":"solutions-de-service","status":"publish","type":"page","link":"https:\/\/www.emecmt.com\/fr\/services-et-solutions\/solutions-de-service\/","title":{"rendered":"Services (FR)"},"content":{"rendered":"<section class=\"wpb-content-wrapper\"><p>[vc_section][vc_row][vc_column width=&#8221;1\/3&#8243; el_class=&#8221;vc_col-sm-push-8&#8243;][vc_single_image image=&#8221;2645&#8243; img_size=&#8221;full&#8221;][\/vc_column][vc_column width=&#8221;7\/12&#8243; el_class=&#8221;vc_col-sm-pull-4&#8243;]<h2 class='section-heading  align-left text-uppercase txt-black  mb-4'>SOLUTIONS DE SERVICE<\/h2><div class='section-content wpb_text_column wpb_content_element align-left emphasis txt-black  mb-4'><div class='wpb_wrapper'><p><strong>Avec l\u2019un des plus grands groupes de services de l\u2019industrie, notre \u00e9quipe de techniciens form\u00e9s en usine est pr\u00eate \u00e0 vous aider rapidement \u00e0 identifier et \u00e0 r\u00e9soudre tout probl\u00e8me avec votre machine-outil. Chez EMEC, nous comprenons qu\u2019une machine qui ne fonctionne pas peut s\u00e9rieusement affecter votre entreprise, nous restons donc d\u00e9termin\u00e9s \u00e0 fournir un service rapide et de qualit\u00e9 sup\u00e9rieure.<\/strong><\/p>\n<\/div><\/div><div class='section-content wpb_text_column wpb_content_element align-left Select txt-black  mb-5'><div class='wpb_wrapper'><p>Nous nous engageons pleinement \u00e0 vous soutenir, tout au long de la dur\u00e9e de vie de votre machine-outil. \u00c0 cette fin, EMEC a pris des mesures pour s\u2019assurer que nous pouvons respecter nos obligations de service en d\u00e9veloppant une \u00e9quipe hautement qualifi\u00e9e de techniciens de service et de personnel de soutien qui sont d\u00e9j\u00e0 impliqu\u00e9s avec votre machine avant qu\u2019elle n\u2019arrive \u00e0 votre installation. De l\u2019installation aux programmes de maintenance pr\u00e9ventive, nous avons la capacit\u00e9 de garder vos machines-outils en fonctionnement 24\/7.<\/p>\n<p>Notre \u00e9quipe enti\u00e8rement form\u00e9e de 14 techniciens de service qualifi\u00e9s, dont quatre techniciens bilingues au Qu\u00e9bec, est pr\u00eate \u00e0 servir nos clients. Bon nombre de nos techniciens entretiennent les produits de machines-outils CNC depuis leur introduction au Canada en 1979.<\/p>\n<p>EMEC exploite deux centres de service. Nous sommes toujours pr\u00eats \u00e0 r\u00e9pondre \u00e0 toute demande de service de notre si\u00e8ge social \u00e0 Mississauga, ON et de notre bureau satellite \u00e0 Montr\u00e9al, QC.<\/p>\n<\/div><\/div>[\/vc_column][\/vc_row][vc_row][vc_column width=&#8221;1\/3&#8243;][vc_single_image image=&#8221;3015&#8243; img_size=&#8221;full&#8221;][\/vc_column][vc_column width=&#8221;2\/3&#8243;]<h3 class='section-heading  align-left  txt-black  mb-4'>Maintenance Pr\u00e9ventive<\/h3><div class='section-content wpb_text_column wpb_content_element align-left Select txt-black  mb-4'><div class='wpb_wrapper'><p>L\u2019avantage d\u2019un programme d\u2019entretien pr\u00e9ventif est de r\u00e9duire les temps d\u2019arr\u00eat de l\u2019\u00e9quipement ainsi que les co\u00fbts d\u2019entretien globaux. La planification d\u2019un PM garantit que les composants \u00e9lectriques et m\u00e9caniques de vos machines CNC fonctionnent correctement. Chez EMEC, nous fournissons un rapport d\u00e9taill\u00e9 de nos conclusions, suggestions et enregistrons tout probl\u00e8me potentiel qui pourrait avoir une incidence sur les performances de votre \u00e9quipement de machine-outil afin de pr\u00e9venir tout probl\u00e8me majeur sur la route. <\/p>\n<\/div><\/div>[vc_btn title=&#8221;APPRENDRE ENCORE PLUS&#8221; color=&#8221;blue_button&#8221; i_align=&#8221;right&#8221; i_icon_fontawesome=&#8221;fas fa-chevron-right&#8221; add_icon=&#8221;true&#8221; link=&#8221;url:https%3A%2F%2Fwww.emecmt.com%2Ffr%2Fcentre-dapprentissage%2Fmaintenance-preventive%2F|title:Preventative%20Maintenance%20(FR)&#8221;][\/vc_column][\/vc_row][vc_row][vc_column][vc_separator color=&#8221;border_grey&#8221;][\/vc_column][\/vc_row][vc_row][vc_column width=&#8221;1\/3&#8243;][vc_single_image image=&#8221;2947&#8243; img_size=&#8221;full&#8221;][\/vc_column][vc_column width=&#8221;2\/3&#8243;]<h3 class='section-heading  align-left  txt-black  mb-4'>Alignement au Laser<\/h3><div class='section-content wpb_text_column wpb_content_element align-left Select txt-black  mb-4'><div class='wpb_wrapper'><p>Chez EMEC, nous fournissons des services complets d\u2019\u00e9talonnage laser en utilisant uniquement la derni\u00e8re technologie Renishaw dans les \u00e9quipements laser.<\/p>\n<p>Nos objectifs de services d\u2019\u00e9talonnage comprennent : Maximiser la pr\u00e9cision et la fiabilit\u00e9 des machines et minimiser les temps d\u2019arr\u00eat. Ne vous contentez pas d\u2019\u00e9talonnages laser qui calibrent la pr\u00e9cision de position de la vis \u00e0 billes d\u2019une machine, tout en ignorant la pr\u00e9cision g\u00e9om\u00e9trique. Ces services ne compensent que le positionnement de la machine sans tenir compte de l\u2019\u00e9querrage, du parall\u00e9lisme et de la perpendicularit\u00e9. Demander le rapport complet de la g\u00e9om\u00e9trie Garantie la sp\u00e9cification du constructeur de machines-outils soit JIS, conformit\u00e9 ISO 100% du temps.<\/p>\n<p><strong>\u00c9quipement :<\/strong> L\u2019interf\u00e9rom\u00e8tre laser Renishaw XL-80 <\/p>\n<\/div><\/div>[vc_btn title=&#8221;APPRENDRE ENCORE PLUS&#8221; color=&#8221;blue_button&#8221; i_align=&#8221;right&#8221; i_icon_fontawesome=&#8221;fas fa-chevron-right&#8221; add_icon=&#8221;true&#8221; link=&#8221;url:https%3A%2F%2Fwww.emecmt.com%2Ffr%2Fpour-nous-joindre%2Fdemande-de-service%2F|title:APPRENDRE%20ENCORE%20PLUS&#8221;][\/vc_column][\/vc_row][vc_row][vc_column][vc_separator color=&#8221;border_grey&#8221;][\/vc_column][\/vc_row][vc_row][vc_column width=&#8221;1\/3&#8243;][vc_single_image image=&#8221;2949&#8243; img_size=&#8221;full&#8221;][\/vc_column][vc_column width=&#8221;2\/3&#8243;]<h3 class='section-heading  align-left  txt-black  mb-4'>Inspection Ballbar<\/h3><div class='section-content wpb_text_column wpb_content_element align-left Select txt-black  mb-4'><div class='wpb_wrapper'><p>L\u2019inspection Ballbar mesure simultan\u00e9ment avec pr\u00e9cision deux axes ex\u00e9cutant deux cercles cons\u00e9cutifs ; l\u2019un dans le sens horraire, l\u2019autre dans le sens inverse et compare le chemin circulaire r\u00e9el avec le chemin du programme.<\/p>\n<p>L\u2019inspection Ballbar fournira au client un rapport instantan\u00e9 de la sant\u00e9 de sa machine-outil, ainsi qu\u2019une repr\u00e9sentation visuelle pr\u00e9cise de son d\u00e9placement \u00e0 travers l\u2019axe dans de nombreux plans. Ces donn\u00e9es sont un excellent outil pour la maintenance pr\u00e9dictive lorsqu\u2019elles sont utilis\u00e9es conform\u00e9ment \u00e0 un programme de maintenance complet et d\u00e9terminent la pr\u00e9cision de positionnement de la machine.<\/p>\n<p><strong>\u00c9quipement :<\/strong> Le syst\u00e8me Ballbar sans-fil Renishaw QC20-W<\/p>\n<\/div><\/div>[vc_btn title=&#8221;APPRENDRE ENCORE PLUS&#8221; color=&#8221;blue_button&#8221; i_align=&#8221;right&#8221; i_icon_fontawesome=&#8221;fas fa-chevron-right&#8221; add_icon=&#8221;true&#8221; link=&#8221;url:https%3A%2F%2Fwww.emecmt.com%2Ffr%2Fpour-nous-joindre%2Fdemande-de-service%2F|title:APPRENDRE%20ENCORE%20PLUS&#8221;][\/vc_column][\/vc_row][\/vc_section][vc_section full_width=&#8221;stretch_row&#8221; css=&#8221;.vc_custom_1643604535074{background-image: url(https:\/\/www.emecmt.com\/wp-content\/uploads\/2022\/01\/blue-background.jpg?id=1644) !important;background-position: center !important;background-repeat: no-repeat !important;background-size: cover !important;}&#8221;][vc_row][vc_column]<h2 class='section-heading  align-center  txt-white  mb-5'>Solutions de Service Additionnelles<\/h2>[vc_empty_space][\/vc_column][\/vc_row][vc_row equal_height=&#8221;yes&#8221;][vc_column width=&#8221;1\/3&#8243;]\n    <div class='information-box-container'>\n      <h3 class='information-box-title'>Solutions G\u00e9n\u00e9rales<\/h3>\n      <p class='information-box-description'>Notre \u00e9quipe de service offre une large gamme de services et de support de maintenance pour s\u2019assurer que nos clients tirent le meilleur parti de leurs machines De l\u2019installation, \u00e0 la production et aux ensembles de services, nous sommes avec vous \u00e0 chaque \u00e9tape du processus pour nous assurer que votre machine est op\u00e9rationnelle avec un temps d\u2019arr\u00eat minimal.<\/p>\n    <\/div>\n  [\/vc_column][vc_column width=&#8221;1\/3&#8243;]\n    <div class='information-box-container'>\n      <h3 class='information-box-title'>SERVICE D\u2019URGENCE 24\/7<\/h3>\n      <p class='information-box-description'>Nos techniciens de service certifi\u00e9s sont disponibles pour prendre votre appel 24 heures sur 24, 7 jours sur 7, via notre service de pager. Nous garantissons une r\u00e9ponse t\u00e9l\u00e9phonique dans l\u2019heure qui suit votre appel en dehors des heures normales de travail. Notre \u00e9quipe de support technique travaillera avec le service de maintenance de nos clients pour que vos machines fonctionnent efficacement. 80% des appels \u00e0 notre \u00e9quipe de support de service se r\u00e8glent sans avoir \u00e0 c\u00e9duler une visite avec un technicien de service.<\/p>\n    <\/div>\n  [\/vc_column][vc_column width=&#8221;1\/3&#8243;]\n    <div class='information-box-container'>\n      <h3 class='information-box-title'>FORMATION OPERATEUR<\/h3>\n      <p class='information-box-description'>Nos options de formation flexibles couvrent un large \u00e9ventail de sujets qui r\u00e9pondront \u00e0 vos besoins et \u00e0 votre horaire charg\u00e9. Nous pouvons fournir un programme de formation personnalis\u00e9 bas\u00e9 sur les besoins sp\u00e9cifiques de nos clients de votre atelier. Tout, de la programmation et de la maintenance au d\u00e9veloppement des comp\u00e9tences des op\u00e9rateurs, m\u00eame un cours de formation en usine. Apprenez \u00e0 tirer le plein potentiel de votre \u00e9quipement CNC d\u00e8s aujourd\u2019hui !<\/p>\n    <\/div>\n  [\/vc_column][\/vc_row][vc_row equal_height=&#8221;yes&#8221;][vc_column width=&#8221;1\/3&#8243;][\/vc_column][vc_column width=&#8221;1\/3&#8243;]\n    <div class='cta-box-container bg-light-grey'>\n      <span class='cta-box-subtitle'><\/span>\n      <h3 class='cta-box-title'>Vous cherchez un support de service pour diagnostiquer et r\u00e9soudre vos probl\u00e8mes d\u2019usinage CNC?<\/h3>\n      <p class='cta-box-body'>Pour en savoir plus sur nos programmes de service, ou si vous avez une demande de service, contactez-nous d\u00e8s aujourd\u2019hui! Un technicien de service EMEC est pr\u00eat \u00e0 vous r\u00e9pondre !<\/p>\n      <a class='cta-box-btn' href='https:\/\/www.emecmt.com\/fr\/pour-nous-joindre\/demande-de-service\/' >\n        CONNECTEZ-VOUS AVEC NOUS<i class='fas fa-chevron-right'><\/i>\n      <\/a>\n    <\/div>\n  [\/vc_column][vc_column width=&#8221;1\/3&#8243;][\/vc_column][\/vc_row][\/vc_section]<\/p>\n<\/section>","protected":false},"excerpt":{"rendered":"<p>[vc_section][vc_row][vc_column width=&#8221;1\/3&#8243; el_class=&#8221;vc_col-sm-push-8&#8243;][vc_single_image image=&#8221;2645&#8243; img_size=&#8221;full&#8221;][\/vc_column][vc_column width=&#8221;7\/12&#8243; el_class=&#8221;vc_col-sm-pull-4&#8243;][\/vc_column][\/vc_row][vc_row][vc_column width=&#8221;1\/3&#8243;][vc_single_image image=&#8221;3015&#8243; img_size=&#8221;full&#8221;][\/vc_column][vc_column width=&#8221;2\/3&#8243;][vc_btn title=&#8221;APPRENDRE ENCORE PLUS&#8221; color=&#8221;blue_button&#8221; i_align=&#8221;right&#8221; i_icon_fontawesome=&#8221;fas fa-chevron-right&#8221; add_icon=&#8221;true&#8221; link=&#8221;url:https%3A%2F%2Fwww.emecmt.com%2Ffr%2Fcentre-dapprentissage%2Fmaintenance-preventive%2F|title:Preventative%20Maintenance%20(FR)&#8221;][\/vc_column][\/vc_row][vc_row][vc_column][vc_separator color=&#8221;border_grey&#8221;][\/vc_column][\/vc_row][vc_row][vc_column width=&#8221;1\/3&#8243;][vc_single_image image=&#8221;2947&#8243; img_size=&#8221;full&#8221;][\/vc_column][vc_column width=&#8221;2\/3&#8243;][vc_btn title=&#8221;APPRENDRE ENCORE PLUS&#8221; color=&#8221;blue_button&#8221; i_align=&#8221;right&#8221; i_icon_fontawesome=&#8221;fas fa-chevron-right&#8221; add_icon=&#8221;true&#8221; link=&#8221;url:https%3A%2F%2Fwww.emecmt.com%2Ffr%2Fpour-nous-joindre%2Fdemande-de-service%2F|title:APPRENDRE%20ENCORE%20PLUS&#8221;][\/vc_column][\/vc_row][vc_row][vc_column][vc_separator color=&#8221;border_grey&#8221;][\/vc_column][\/vc_row][vc_row][vc_column width=&#8221;1\/3&#8243;][vc_single_image image=&#8221;2949&#8243; img_size=&#8221;full&#8221;][\/vc_column][vc_column width=&#8221;2\/3&#8243;][vc_btn title=&#8221;APPRENDRE ENCORE PLUS&#8221; color=&#8221;blue_button&#8221; i_align=&#8221;right&#8221; [&hellip;]<\/p>\n","protected":false},"author":1,"featured_media":0,"parent":646,"menu_order":0,"comment_status":"closed","ping_status":"closed","template":"","meta":{"footnotes":""},"class_list":["post-653","page","type-page","status-publish","hentry"],"acf":[],"aioseo_notices":[],"_links":{"self":[{"href":"https:\/\/www.emecmt.com\/fr\/wp-json\/wp\/v2\/pages\/653","targetHints":{"allow":["GET"]}}],"collection":[{"href":"https:\/\/www.emecmt.com\/fr\/wp-json\/wp\/v2\/pages"}],"about":[{"href":"https:\/\/www.emecmt.com\/fr\/wp-json\/wp\/v2\/types\/page"}],"author":[{"embeddable":true,"href":"https:\/\/www.emecmt.com\/fr\/wp-json\/wp\/v2\/users\/1"}],"replies":[{"embeddable":true,"href":"https:\/\/www.emecmt.com\/fr\/wp-json\/wp\/v2\/comments?post=653"}],"version-history":[{"count":0,"href":"https:\/\/www.emecmt.com\/fr\/wp-json\/wp\/v2\/pages\/653\/revisions"}],"up":[{"embeddable":true,"href":"https:\/\/www.emecmt.com\/fr\/wp-json\/wp\/v2\/pages\/646"}],"wp:attachment":[{"href":"https:\/\/www.emecmt.com\/fr\/wp-json\/wp\/v2\/media?parent=653"}],"curies":[{"name":"wp","href":"https:\/\/api.w.org\/{rel}","templated":true}]}}