{"id":651,"date":"2021-12-05T16:47:59","date_gmt":"2021-12-05T21:47:59","guid":{"rendered":"https:\/\/www.emecmt.com\/services-solutions\/financing\/"},"modified":"2022-03-18T13:25:44","modified_gmt":"2022-03-18T17:25:44","slug":"financement","status":"publish","type":"page","link":"https:\/\/www.emecmt.com\/fr\/services-et-solutions\/financement\/","title":{"rendered":"Financing (FR)"},"content":{"rendered":"<section class=\"wpb-content-wrapper\"><p>[vc_section][vc_row][vc_column width=&#8221;7\/12&#8243;][vc_single_image image=&#8221;3329&#8243; img_size=&#8221;full&#8221;]<div class='section-content wpb_text_column wpb_content_element align-left Select txt-black  '><div class='wpb_wrapper'><p>Nous pouvons \u00e9valuer vos besoins actuels et futurs en \u00e9quipement et structurer un programme en fonction de vos besoins individuels en capital et en flux de tr\u00e9sorerie. Certains des services que nous offrons sont<br \/>\n:<\/p>\n<ul>\n<li>Financement de nouveaux \u00e9quipements<\/li>\n<li>Modalit\u00e9s de paiement flexibles<\/li>\n<li>Taux d\u2019int\u00e9r\u00eats comp\u00e9titifs sur le march\u00e9<\/li>\n<li>Contrats de location-acquisition\/cr\u00e9dit-bail avec options d&#8217;achat fermes<\/li>\n<li>RContrats de location<\/li>\n<li>Jusqu&#8217;\u00e0 100 % de financement disponible<\/li>\n<\/ul>\n<\/div><\/div>[vc_separator color=&#8221;border_grey&#8221;]<h2 class='section-heading  align-left text-uppercase txt-black  mb-4'>POURQUOI DOIS-JE LOUER?<\/h2><div class='section-content wpb_text_column wpb_content_element align-left Select txt-black  '><div class='wpb_wrapper'><ul>\n<li>Vous g\u00e9n\u00e9rez des revenus en utilisant des \u00e9quipements dont vous n&#8217;\u00eates pas propri\u00e9taire.<\/li>\n<li>De nombreux types de baux diff\u00e9rents con\u00e7us pour r\u00e9pondre \u00e0 vos besoins sp\u00e9cifiques.<\/li>\n<\/ul>\n<\/div><\/div>[\/vc_column][vc_column width=&#8221;1\/3&#8243; offset=&#8221;vc_col-lg-offset-1 vc_col-md-offset-1 vc_col-sm-offset-1&#8243;]\n    <div class='cta-box-container bg-light-grey'>\n      <span class='cta-box-subtitle'><\/span>\n      <h3 class='cta-box-title'>POURQUOI LOUER?<\/h3>\n      <p class='cta-box-body'>Notre \u00e9quipe de direction discutera avec vous des diff\u00e9rents types de baux con\u00e7us pour r\u00e9pondre aux besoins sp\u00e9cifiques de votre entreprise.<\/p>\n      <a class='cta-box-btn' href='https:\/\/www.emecmt.com\/fr\/pour-nous-joindre\/demande-de-financement\/' >\n        NOUS REJOINDRE<i class='fas fa-chevron-right'><\/i>\n      <\/a>\n    <\/div>\n  [\/vc_column][\/vc_row][\/vc_section][vc_section full_width=&#8221;stretch_row&#8221; css=&#8221;.vc_custom_1643604857728{background-image: url(https:\/\/www.emecmt.com\/wp-content\/uploads\/2022\/01\/blue-background.jpg?id=1644) !important;background-position: center !important;background-repeat: no-repeat !important;background-size: cover !important;}&#8221;][vc_row][vc_column]<h2 class='section-heading  align-center  txt-white  mb-5'>Avantages de la location<\/h2>[vc_empty_space][\/vc_column][\/vc_row][vc_row equal_height=&#8221;yes&#8221;][vc_column width=&#8221;1\/3&#8243;]\n    <div class='information-box-container'>\n      <h3 class='information-box-title'>FINANCEMENT JUSQU'\u00c0 100%<\/h3>\n      <p class='information-box-description'>D'autres options de financement peuvent n\u00e9cessiter un acompte important. Le cr\u00e9dit-bail \u00e9limine souvent le besoin de fournir des liquidit\u00e9s \u00ab \u00e0 l'avance \u00bb.<\/p>\n    <\/div>\n  [\/vc_column][vc_column width=&#8221;1\/3&#8243;]\n    <div class='information-box-container'>\n      <h3 class='information-box-title'>PR\u00c9SERVATION DU FONDS DE ROULEMENT<\/h3>\n      <p class='information-box-description'>\u00c9tant donn\u00e9 que les paiements de location peuvent \u00eatre adapt\u00e9s pour correspondre \u00e0 votre flux de tr\u00e9sorerie (cash-flow), plus de liquidit\u00e9s sont disponibles pour votre entreprise pour d'autres besoins critiques.<\/p>\n    <\/div>\n  [\/vc_column][vc_column width=&#8221;1\/3&#8243;]\n    <div class='information-box-container'>\n      <h3 class='information-box-title'>PAS DE PRE-PAIEMENT DES TAXES<\/h3>\n      <p class='information-box-description'>Vous payez les taxes de vente avec votre paiement mensuel de location.<\/p>\n    <\/div>\n  [\/vc_column][\/vc_row][vc_row equal_height=&#8221;yes&#8221;][vc_column width=&#8221;1\/3&#8243;]\n    <div class='information-box-container'>\n      <h3 class='information-box-title'>AVANTAGES FISCAUX<\/h3>\n      <p class='information-box-description'>Selon la structure du bail, vous pouvez d\u00e9duire votre paiement de location mensuel comme d\u00e9pense d'exploitation et r\u00e9duire le co\u00fbt du bail.<\/p>\n    <\/div>\n  [\/vc_column][vc_column width=&#8221;1\/3&#8243;]\n    <div class='information-box-container'>\n      <h3 class='information-box-title'>INNOVATION TECHNOLOGIQUE<\/h3>\n      <p class='information-box-description'>Les \u00e9volutions technologiques rendent les \u00e9quipements obsol\u00e8tes plus rapidement que jamais. Le cr\u00e9dit-bail vous permet d'adapter les conditions \u00e0 la dur\u00e9e de vie utile de l'\u00e9quipement.<\/p>\n    <\/div>\n  [\/vc_column][vc_column width=&#8221;1\/3&#8243;]\n    <div class='information-box-container'>\n      <h3 class='information-box-title'>PAIEMENTS DE LOCATION ABORDABLES<\/h3>\n      <p class='information-box-description'>De nombreuses entreprises choisissent la location parce qu'elle leur permet d'acqu\u00e9rir les \u00e9quipements dont elles ont besoin tout en respectant leur budget de fonctionnement.<\/p>\n    <\/div>\n  [\/vc_column][\/vc_row][vc_row equal_height=&#8221;yes&#8221;][vc_column width=&#8221;1\/3&#8243;]\n    <div class='information-box-container'>\n      <h3 class='information-box-title'>OPTIONS D'ACHAT OU DE RENOUVELLEMENT<\/h3>\n      <p class='information-box-description'>Les contrats de location vous permettent d'acheter de l'\u00e9quipement \u00e0 un montant d\u00e9termin\u00e9 ou \u00e0 la juste valeur marchande apr\u00e8s la dur\u00e9e initiale ou de renouveler le bail pour des p\u00e9riodes suppl\u00e9mentaires et souvent \u00e0 des mensualit\u00e9s r\u00e9duites.<\/p>\n    <\/div>\n  [\/vc_column][vc_column width=&#8221;1\/3&#8243;]\n    <div class='information-box-container'>\n      <h3 class='information-box-title'>LA FLEXIBILIT\u00c9<\/h3>\n      <p class='information-box-description'>Le cr\u00e9dit-bail permet g\u00e9n\u00e9ralement plus de flexibilit\u00e9 que les pr\u00eats \u00e0 terme en ce qui concerne les conditions de location, les prolongations, les r\u00e9siliations anticip\u00e9es et les \u00e9ch\u00e9anciers de paiement.<\/p>\n    <\/div>\n  [\/vc_column][vc_column width=&#8221;1\/3&#8243;]\n    <div class='cta-box-container bg-light-grey'>\n      <span class='cta-box-subtitle'><\/span>\n      <h3 class='cta-box-title'>VOUS AVEZ UNE QUESTION DE FINANCEMENT POUR NOUS?<\/h3>\n      <p class='cta-box-body'>Notre \u00e9quipe de direction discutera avec vous pour trouver les options de financement qui s'offrent \u00e0 votre entreprise.<\/p>\n      <a class='cta-box-btn' href='https:\/\/www.emecmt.com\/fr\/pour-nous-joindre\/demande-de-financement\/' >\n        NOUS REJOINDRE<i class='fas fa-chevron-right'><\/i>\n      <\/a>\n    <\/div>\n  [\/vc_column][\/vc_row][\/vc_section][vc_section][vc_row][vc_column]<h2 class='section-heading  align-left text-uppercase txt-black  '>Types de baux<\/h2>[\/vc_column][\/vc_row][vc_row equal_height=&#8221;yes&#8221;][vc_column width=&#8221;1\/3&#8243;]\n    <div class='information-box-container'>\n      <h3 class='information-box-title'>BAUX-ACQUISITIONS<\/h3>\n      <p class='information-box-description'>Le terme couvre la dur\u00e9e de vie utile de l'\u00e9quipement. Avec le paiement final, le locataire peut prolonger le bail, mettre \u00e0 niveau l'\u00e9quipement ou l'acheter pour un montant forfaitaire pr\u00e9d\u00e9termin\u00e9.<\/p>\n    <\/div>\n  [\/vc_column][vc_column width=&#8221;1\/3&#8243;]\n    <div class='information-box-container'>\n      <h3 class='information-box-title'>CONTRATS DE LOCATION EXPLOITATION (\u00c9GALEMENT APPEL\u00c9S CONTRATS DE LOCATION \u00c0 LA JUSTE VALEUR MARCHANDE)<\/h3>\n      <p class='information-box-description'>Semblable \u00e0 un contrat de location, avec une dur\u00e9e normalement limit\u00e9e \u00e0 75% de la dur\u00e9e de vie utile de l'\u00e9quipement. Avec le paiement final, le locataire renonce \u00e0 l'\u00e9quipement ou l'ach\u00e8te \u00e0 sa \u00ab juste valeur marchande \u00bb.<\/p>\n    <\/div>\n  [\/vc_column][vc_column width=&#8221;1\/3&#8243;]\n    <div class='information-box-container'>\n      <h3 class='information-box-title'>CONTRATS DE VENTE CONDITIONNELS<\/h3>\n      <p class='information-box-description'>Ce type de contrat \u00e0 temp\u00e9rament (votre entreprise ach\u00e8te l'\u00e9quipement avec certaines conditions de paiement) conf\u00e8re \u00e0 votre entreprise la possession et la pleine utilisation de l'\u00e9quipement et le transfert de propri\u00e9t\u00e9 une fois l'\u00e9quipement rembours\u00e9.<\/p>\n    <\/div>\n  [\/vc_column][\/vc_row][vc_row equal_height=&#8221;yes&#8221;][vc_column width=&#8221;1\/3&#8243;]\n    <div class='information-box-container'>\n      <h3 class='information-box-title'>VENTE ET LOCATION-BAIL<\/h3>\n      <p class='information-box-description'>Le bailleur ach\u00e8te l'\u00e9quipement que votre entreprise poss\u00e8de d\u00e9j\u00e0 et le loue \u00e0 votre entreprise selon les termes et conditions convenus. Ce type de transactions permet \u00e0 votre entreprise de lever des fonds de roulement en tirant parti de la valeur nette non grev\u00e9e de l'\u00e9quipement que vous poss\u00e9dez d\u00e9j\u00e0.<\/p>\n    <\/div>\n  [\/vc_column][vc_column width=&#8221;1\/3&#8243;]\n    <div class='information-box-container'>\n      <h3 class='information-box-title'>VENTE ET LOCATION-BAIL<\/h3>\n      <p class='information-box-description'>The Lessor purchases equipment that your company already owns and leases it back to your company at agreed upon terms and conditions. This type of transactions permits your company to raise working capital by leveraging the unencumbered equity in the equipment that you already own.<\/p>\n    <\/div>\n  [\/vc_column][vc_column width=&#8221;1\/3&#8243;]\n    <div class='cta-box-container bg-light-grey'>\n      <span class='cta-box-subtitle'><\/span>\n      <h3 class='cta-box-title'>TROUVER LA BONNE OPTION DE FINANCEMENT<\/h3>\n      <p class='cta-box-body'>Notre \u00e9quipe d'experts discutera avec vous pour trouver les options de financement disponibles pour votre entreprise.<\/p>\n      <a class='cta-box-btn' href='https:\/\/www.emecmt.com\/fr\/pour-nous-joindre\/demande-de-financement\/' >\n        NOUS REJOINDRE<i class='fas fa-chevron-right'><\/i>\n      <\/a>\n    <\/div>\n  [\/vc_column][\/vc_row][\/vc_section]<\/p>\n<\/section>","protected":false},"excerpt":{"rendered":"<p>[vc_section][vc_row][vc_column width=&#8221;7\/12&#8243;][vc_single_image image=&#8221;3329&#8243; img_size=&#8221;full&#8221;][vc_separator color=&#8221;border_grey&#8221;][\/vc_column][vc_column width=&#8221;1\/3&#8243; offset=&#8221;vc_col-lg-offset-1 vc_col-md-offset-1 vc_col-sm-offset-1&#8243;][\/vc_column][\/vc_row][\/vc_section][vc_section full_width=&#8221;stretch_row&#8221; css=&#8221;.vc_custom_1643604857728{background-image: url(https:\/\/www.emecmt.com\/wp-content\/uploads\/2022\/01\/blue-background.jpg?id=1644) !important;background-position: center !important;background-repeat: no-repeat !important;background-size: cover !important;}&#8221;][vc_row][vc_column][vc_empty_space][\/vc_column][\/vc_row][vc_row equal_height=&#8221;yes&#8221;][vc_column width=&#8221;1\/3&#8243;][\/vc_column][vc_column width=&#8221;1\/3&#8243;][\/vc_column][vc_column width=&#8221;1\/3&#8243;][\/vc_column][\/vc_row][vc_row equal_height=&#8221;yes&#8221;][vc_column width=&#8221;1\/3&#8243;][\/vc_column][vc_column width=&#8221;1\/3&#8243;][\/vc_column][vc_column width=&#8221;1\/3&#8243;][\/vc_column][\/vc_row][vc_row equal_height=&#8221;yes&#8221;][vc_column width=&#8221;1\/3&#8243;][\/vc_column][vc_column width=&#8221;1\/3&#8243;][\/vc_column][vc_column width=&#8221;1\/3&#8243;][\/vc_column][\/vc_row][\/vc_section][vc_section][vc_row][vc_column][\/vc_column][\/vc_row][vc_row equal_height=&#8221;yes&#8221;][vc_column width=&#8221;1\/3&#8243;][\/vc_column][vc_column width=&#8221;1\/3&#8243;][\/vc_column][vc_column width=&#8221;1\/3&#8243;][\/vc_column][\/vc_row][vc_row equal_height=&#8221;yes&#8221;][vc_column width=&#8221;1\/3&#8243;][\/vc_column][vc_column width=&#8221;1\/3&#8243;][\/vc_column][vc_column width=&#8221;1\/3&#8243;][\/vc_column][\/vc_row][\/vc_section]<\/p>\n","protected":false},"author":1,"featured_media":0,"parent":646,"menu_order":0,"comment_status":"closed","ping_status":"closed","template":"","meta":{"footnotes":""},"class_list":["post-651","page","type-page","status-publish","hentry"],"acf":[],"aioseo_notices":[],"_links":{"self":[{"href":"https:\/\/www.emecmt.com\/fr\/wp-json\/wp\/v2\/pages\/651","targetHints":{"allow":["GET"]}}],"collection":[{"href":"https:\/\/www.emecmt.com\/fr\/wp-json\/wp\/v2\/pages"}],"about":[{"href":"https:\/\/www.emecmt.com\/fr\/wp-json\/wp\/v2\/types\/page"}],"author":[{"embeddable":true,"href":"https:\/\/www.emecmt.com\/fr\/wp-json\/wp\/v2\/users\/1"}],"replies":[{"embeddable":true,"href":"https:\/\/www.emecmt.com\/fr\/wp-json\/wp\/v2\/comments?post=651"}],"version-history":[{"count":0,"href":"https:\/\/www.emecmt.com\/fr\/wp-json\/wp\/v2\/pages\/651\/revisions"}],"up":[{"embeddable":true,"href":"https:\/\/www.emecmt.com\/fr\/wp-json\/wp\/v2\/pages\/646"}],"wp:attachment":[{"href":"https:\/\/www.emecmt.com\/fr\/wp-json\/wp\/v2\/media?parent=651"}],"curies":[{"name":"wp","href":"https:\/\/api.w.org\/{rel}","templated":true}]}}