{"id":650,"date":"2021-12-05T16:47:49","date_gmt":"2021-12-05T21:47:49","guid":{"rendered":"https:\/\/www.emecmt.com\/services-solutions\/engineering\/"},"modified":"2022-03-18T13:18:21","modified_gmt":"2022-03-18T17:18:21","slug":"ingenierie","status":"publish","type":"page","link":"https:\/\/www.emecmt.com\/fr\/services-et-solutions\/ingenierie\/","title":{"rendered":"Engineering (FR)"},"content":{"rendered":"<section class=\"wpb-content-wrapper\"><p>[vc_section][vc_row][vc_column width=&#8221;1\/3&#8243; el_class=&#8221;vc_col-sm-push-8&#8243;][vc_single_image image=&#8221;2967&#8243; img_size=&#8221;full&#8221;][\/vc_column][vc_column width=&#8221;7\/12&#8243; el_class=&#8221;vc_col-sm-pull-4&#8243;]<h2 class='section-heading  align-left text-uppercase txt-black  mb-4'>Solutions d'ing\u00e9nierie<\/h2><div class='section-content wpb_text_column wpb_content_element align-left Select txt-black  mb-5'><div class='wpb_wrapper'><p>Notre \u00e9quipe d&#8217;ing\u00e9nierie d&#8217;application a une exp\u00e9rience combin\u00e9e de 75 ans d&#8217;usinage qui est utilis\u00e9e sur tous les projets. Nous sommes exp\u00e9riment\u00e9s, enti\u00e8rement d\u00e9di\u00e9s et orient\u00e9s client.<\/p>\n<\/div><\/div>[\/vc_column][\/vc_row][vc_row][vc_column width=&#8221;1\/3&#8243;][vc_single_image image=&#8221;3317&#8243; img_size=&#8221;full&#8221;][\/vc_column][vc_column width=&#8221;2\/3&#8243;]<h3 class='section-heading  align-left  txt-black  mb-4'>\u00c9valuation du processus<\/h3><div class='section-content wpb_text_column wpb_content_element align-left Select txt-black  mb-4'><div class='wpb_wrapper'><p>Que vous cherchiez \u00e0 am\u00e9liorer ce que vous faites d\u00e9j\u00e0 ou \u00e0 explorer la viabilit\u00e9 d&#8217;un nouveau design, notre \u00e9quipe est pr\u00eate \u00e0 vous aider. Nous pouvons fournir des recommandations sur la fa\u00e7on de r\u00e9duire le temps de cycle et le temps d&#8217;installation. De plus, nous pouvons fournir des recommandations avec \u00ab consolidation des op\u00e9rations \u00bb, r\u00e9duisant le nombre d&#8217;op\u00e9rations n\u00e9cessaires pour r\u00e9aliser une pi\u00e8ce. Une r\u00e9duction des op\u00e9rations d&#8217;usinage \u00e9quivaut \u00e0 une augmentation des b\u00e9n\u00e9fices.<\/p>\n<\/div><\/div>[vc_btn title=&#8221;APPRENDRE ENCORE PLUS&#8221; color=&#8221;blue_button&#8221; i_align=&#8221;right&#8221; i_icon_fontawesome=&#8221;fas fa-chevron-right&#8221; add_icon=&#8221;true&#8221; link=&#8221;url:https%3A%2F%2Fwww.emecmt.com%2Ffr%2Fpour-nous-joindre%2Fdemande-dingenierie%2F|title:Engineering%20Inquiry%20(FR)&#8221;][\/vc_column][\/vc_row][vc_row][vc_column][vc_separator color=&#8221;border_grey&#8221;][\/vc_column][\/vc_row][vc_row][vc_column width=&#8221;1\/3&#8243;][vc_single_image image=&#8221;3319&#8243; img_size=&#8221;full&#8221;][\/vc_column][vc_column width=&#8221;2\/3&#8243;]<h3 class='section-heading  align-left  txt-black  mb-4'>Cl\u00e9 en main<\/h3><div class='section-content wpb_text_column wpb_content_element align-left Select txt-black  mb-4'><div class='wpb_wrapper'><p>En tant que partenaire unique, EMEC fournira une solution de production garantie ; nous g\u00e9rerons et fournirons tous les \u00e9l\u00e9ments requis pour assurer un processus rentable et fiable.<\/p>\n<p>Qu&#8217;il s&#8217;agisse de biens d&#8217;\u00e9quipement, de maintien de l&#8217;ouvrage, d&#8217;outillage et de programmation, nous inclurons tout ce dont vous avez besoin pour \u00eatre autonome dans l&#8217;exploitation de votre syst\u00e8me. Cela comprend une formation sur site, une validation compl\u00e8te du temps d&#8217;usinage et de la qualit\u00e9 des pi\u00e8ces, ainsi que la documentation technique.<\/p>\n<\/div><\/div>[vc_btn title=&#8221;APPRENDRE ENCORE PLUS&#8221; color=&#8221;blue_button&#8221; i_align=&#8221;right&#8221; i_icon_fontawesome=&#8221;fas fa-chevron-right&#8221; add_icon=&#8221;true&#8221; link=&#8221;url:https%3A%2F%2Fwww.emecmt.com%2Ffr%2Fpour-nous-joindre%2Fdemande-dingenierie%2F&#8221;][\/vc_column][\/vc_row][vc_row][vc_column][vc_separator color=&#8221;border_grey&#8221;][\/vc_column][\/vc_row][vc_row][vc_column width=&#8221;1\/3&#8243;][vc_single_image image=&#8221;2965&#8243; img_size=&#8221;full&#8221;][\/vc_column][vc_column width=&#8221;2\/3&#8243;]<h3 class='section-heading  align-left  txt-black  mb-4'><a href=\"https:\/\/www.emecmt.com\/fr\/contact-us\/engineering-inquiry\/\">Support de formation<\/a><\/h3><div class='section-content wpb_text_column wpb_content_element align-left Select txt-black  mb-4'><div class='wpb_wrapper'><p>Nos ing\u00e9nieurs d&#8217;application sont disponibles pour effectuer une formation sur site ou virtuelle pour le fonctionnement et la programmation de la machine. Incluant une formation sur les logiciels interactifs, l&#8217;usinage de base et des solutions compl\u00e8tes cl\u00e9 en main pour les pi\u00e8ces les plus complexes. Nos ing\u00e9nieurs fournissent un niveau d&#8217;assistance complet et complet dont vous avez besoin. Qu&#8217;il s&#8217;agisse de fournir une assistance t\u00e9l\u00e9phonique, une assistance sur site ou de vous accompagner du plan \u00e0 la pi\u00e8ce, les ing\u00e9nieurs d&#8217;application EMEC sont l\u00e0 pour vous aider.<\/p>\n<\/div><\/div>[vc_btn title=&#8221;APPRENDRE ENCORE PLUS&#8221; color=&#8221;blue_button&#8221; i_align=&#8221;right&#8221; i_icon_fontawesome=&#8221;fas fa-chevron-right&#8221; add_icon=&#8221;true&#8221; link=&#8221;url:https%3A%2F%2Fwww.emecmt.com%2Ffr%2Fpour-nous-joindre%2Fdemande-dingenierie%2F&#8221;][\/vc_column][\/vc_row][\/vc_section][vc_section full_width=&#8221;stretch_row&#8221; css=&#8221;.vc_custom_1643604950735{background-image: url(https:\/\/www.emecmt.com\/wp-content\/uploads\/2022\/01\/blue-background.jpg?id=1644) !important;background-position: center !important;background-repeat: no-repeat !important;background-size: cover !important;}&#8221;][vc_row][vc_column]<h2 class='section-heading  align-center  txt-white  mb-5'>Solutions d'ing\u00e9nierie suppl\u00e9mentaires<\/h2>[vc_empty_space][\/vc_column][\/vc_row][vc_row equal_height=&#8221;yes&#8221;][vc_column width=&#8221;1\/3&#8243;]\n    <div class='information-box-container'>\n      <h3 class='information-box-title'>S\u00c9LECTION DE MACHINES ET D'OUTILS<\/h3>\n      <p class='information-box-description'>Nos ing\u00e9nieurs d'application travaillent en \u00e9troite collaboration avec nos directeurs commerciaux r\u00e9gionaux pour vous proposer la meilleure solution pour vos besoins d'usinage. Cela comprend \u00e9galement nos recommandations pour l\u2019outillage et les outils de serrage. Am\u00e9liorez l'expertise de votre \u00e9quipe d'ing\u00e9nierie interne gr\u00e2ce \u00e0 nos d\u00e9cennies d'exp\u00e9rience dans de nombreux secteurs. Nous pouvons fournir une analyse du processus et du temps de cycle pour vous aider \u00e0 calculer votre retour sur investissement. Nous avons des machines install\u00e9es dans notre salle d'exposition pour vous fournir des d\u00e9monstrations ou les capacit\u00e9s de notre machine. Ces machines sont \u00e9galement disponibles pour effectuer des tests de coupe sur des pi\u00e8ces sp\u00e9cifiques au client.<\/p>\n    <\/div>\n  [\/vc_column][vc_column width=&#8221;1\/3&#8243;]\n    <div class='information-box-container'>\n      <h3 class='information-box-title'>V\u00c9RIFICATION DES COMPOSANTS ET DES OUTILS<\/h3>\n      <p class='information-box-description'>Notre \u00e9quipe d'ing\u00e9nierie peut fournir des solutions pour l'outillage et la v\u00e9rification des composants. Pour l'outillage, nous pouvons proposer un r\u00e9glage d'outil, un pr\u00e9r\u00e9glage avec retour d'informations ou une surveillance d'outil avec contact, sans contact et via un logiciel. De plus, nous pouvons utiliser le dispositif de mesure int\u00e9gr\u00e9 pour aider \u00e0 r\u00e9duire le temps de pr\u00e9paration, v\u00e9rifier l\u2019usure de l'outillage et faire l'inspection des pi\u00e8ces. Le calibrage post-traitement peut \u00e9galement \u00eatre utilis\u00e9 pour ajuster automatiquement un offset \u00e0 la machine.<\/p>\n    <\/div>\n  [\/vc_column][vc_column width=&#8221;1\/3&#8243;]\n    <div class='information-box-container'>\n      <h3 class='information-box-title'>SURVEILLANCE DU SYST\u00c8ME ET DE LA MACHINE<\/h3>\n      <p class='information-box-description'>Notre \u00e9quipe d'ing\u00e9nieurs peut fournir une assistance avec le syst\u00e8me d\u2019usine intelligente - Connect Plan d'Okuma. Connect Plan est un syst\u00e8me qui fournit des analyses pour une utilisation am\u00e9lior\u00e9e en connectant des machines-outils et un contr\u00f4le visuel des op\u00e9rations de l'usine. Vous ne pouvez pas am\u00e9liorer ce que vous ne pouvez pas mesurer.<\/p>\n    <\/div>\n  [\/vc_column][\/vc_row][vc_row equal_height=&#8221;yes&#8221;][vc_column width=&#8221;2\/3&#8243;]\n    <div class='cta-box-container bg-light-grey'>\n      <span class='cta-box-subtitle'><\/span>\n      <h3 class='cta-box-title'>DEMANDEZ \u00c0 UN ING\u00c9NIEUR<\/h3>\n      <p class='cta-box-body'>Chez EMEC, nous sommes l\u00e0 pour vous aider avec vos besoins de fabrication !Une question sur votre machine-outil ? Aide \u00e0 la programmation ? Recommandation de machine ?<\/p>\n      <a class='cta-box-btn' href='https:\/\/www.emecmt.com\/fr\/pour-nous-joindre\/demande-dingenierie\/' >\n        CONNECTEZ-VOUS AVEC NOUS<i class='fas fa-chevron-right'><\/i>\n      <\/a>\n    <\/div>\n  [\/vc_column][\/vc_row][\/vc_section]<\/p>\n<\/section>","protected":false},"excerpt":{"rendered":"<p>[vc_section][vc_row][vc_column width=&#8221;1\/3&#8243; el_class=&#8221;vc_col-sm-push-8&#8243;][vc_single_image image=&#8221;2967&#8243; img_size=&#8221;full&#8221;][\/vc_column][vc_column width=&#8221;7\/12&#8243; el_class=&#8221;vc_col-sm-pull-4&#8243;][\/vc_column][\/vc_row][vc_row][vc_column width=&#8221;1\/3&#8243;][vc_single_image image=&#8221;3317&#8243; img_size=&#8221;full&#8221;][\/vc_column][vc_column width=&#8221;2\/3&#8243;][vc_btn title=&#8221;APPRENDRE ENCORE PLUS&#8221; color=&#8221;blue_button&#8221; i_align=&#8221;right&#8221; i_icon_fontawesome=&#8221;fas fa-chevron-right&#8221; add_icon=&#8221;true&#8221; link=&#8221;url:https%3A%2F%2Fwww.emecmt.com%2Ffr%2Fpour-nous-joindre%2Fdemande-dingenierie%2F|title:Engineering%20Inquiry%20(FR)&#8221;][\/vc_column][\/vc_row][vc_row][vc_column][vc_separator color=&#8221;border_grey&#8221;][\/vc_column][\/vc_row][vc_row][vc_column width=&#8221;1\/3&#8243;][vc_single_image image=&#8221;3319&#8243; img_size=&#8221;full&#8221;][\/vc_column][vc_column width=&#8221;2\/3&#8243;][vc_btn title=&#8221;APPRENDRE ENCORE PLUS&#8221; color=&#8221;blue_button&#8221; i_align=&#8221;right&#8221; i_icon_fontawesome=&#8221;fas fa-chevron-right&#8221; add_icon=&#8221;true&#8221; link=&#8221;url:https%3A%2F%2Fwww.emecmt.com%2Ffr%2Fpour-nous-joindre%2Fdemande-dingenierie%2F&#8221;][\/vc_column][\/vc_row][vc_row][vc_column][vc_separator color=&#8221;border_grey&#8221;][\/vc_column][\/vc_row][vc_row][vc_column width=&#8221;1\/3&#8243;][vc_single_image image=&#8221;2965&#8243; img_size=&#8221;full&#8221;][\/vc_column][vc_column width=&#8221;2\/3&#8243;][vc_btn title=&#8221;APPRENDRE ENCORE PLUS&#8221; color=&#8221;blue_button&#8221; i_align=&#8221;right&#8221; [&hellip;]<\/p>\n","protected":false},"author":1,"featured_media":0,"parent":646,"menu_order":0,"comment_status":"closed","ping_status":"closed","template":"","meta":{"footnotes":""},"class_list":["post-650","page","type-page","status-publish","hentry"],"acf":[],"aioseo_notices":[],"_links":{"self":[{"href":"https:\/\/www.emecmt.com\/fr\/wp-json\/wp\/v2\/pages\/650","targetHints":{"allow":["GET"]}}],"collection":[{"href":"https:\/\/www.emecmt.com\/fr\/wp-json\/wp\/v2\/pages"}],"about":[{"href":"https:\/\/www.emecmt.com\/fr\/wp-json\/wp\/v2\/types\/page"}],"author":[{"embeddable":true,"href":"https:\/\/www.emecmt.com\/fr\/wp-json\/wp\/v2\/users\/1"}],"replies":[{"embeddable":true,"href":"https:\/\/www.emecmt.com\/fr\/wp-json\/wp\/v2\/comments?post=650"}],"version-history":[{"count":0,"href":"https:\/\/www.emecmt.com\/fr\/wp-json\/wp\/v2\/pages\/650\/revisions"}],"up":[{"embeddable":true,"href":"https:\/\/www.emecmt.com\/fr\/wp-json\/wp\/v2\/pages\/646"}],"wp:attachment":[{"href":"https:\/\/www.emecmt.com\/fr\/wp-json\/wp\/v2\/media?parent=650"}],"curies":[{"name":"wp","href":"https:\/\/api.w.org\/{rel}","templated":true}]}}