{"id":648,"date":"2021-12-05T16:47:45","date_gmt":"2021-12-05T21:47:45","guid":{"rendered":"https:\/\/www.emecmt.com\/services-solutions\/automation\/"},"modified":"2022-03-28T12:34:09","modified_gmt":"2022-03-28T16:34:09","slug":"automatisation","status":"publish","type":"page","link":"https:\/\/www.emecmt.com\/fr\/services-et-solutions\/automatisation\/","title":{"rendered":"Automation (FR)"},"content":{"rendered":"<section class=\"wpb-content-wrapper\"><p>[vc_section][vc_row][vc_column width=&#8221;1\/3&#8243; el_class=&#8221;vc_col-sm-push-8&#8243;][vc_video link=&#8221;https:\/\/www.youtube.com\/embed\/h9-POAWtFo8&#8243;][\/vc_column][vc_column width=&#8221;7\/12&#8243; el_class=&#8221;vc_col-sm-pull-4&#8243;]<h2 class='section-heading  align-left text-uppercase txt-black  mb-4'>Solutions d'automatisation<\/h2><div class='section-content wpb_text_column wpb_content_element align-left emphasis txt-black  mb-4'><div class='wpb_wrapper'><p><strong>Due \u00e0 la croissance et le manque de main d\u2019\u0153uvre, les ateliers de fabrication demandent l\u2019automatisation simple et accessible. La solution automatis\u00e9e augmente l\u2019efficacit\u00e9, r\u00e9duis les pertes et \u00e9limine les dangers aux op\u00e9rateurs, donnant une meilleure profitabilit\u00e9.<\/strong> <\/p>\n<\/div><\/div><div class='section-content wpb_text_column wpb_content_element align-left Select txt-black  mb-5'><div class='wpb_wrapper'><p>L\u2019offre d\u2019automatisation comprend les technologies tels la s\u00e9rie Roid d\u2019Okuma, les syst\u00e8mes de production en palettes et les chargeurs sur portique (Overhead gantry loaders \u2013 OGL). De plus, nous offrons le Load &amp; Go d\u2019AWR ainsi que des solutions sur mesure avec nos partenaires en automatisation. <\/p>\n<\/div><\/div>[\/vc_column][\/vc_row][vc_row][vc_column width=&#8221;1\/3&#8243;][vc_video link=&#8221;https:\/\/www.youtube.com\/embed\/opzSZiGpG_0&#8243;][\/vc_column][vc_column width=&#8221;2\/3&#8243;]<h3 class='section-heading  align-left  txt-black  mb-4'>Automatisation Okuma<\/h3><div class='section-content wpb_text_column wpb_content_element align-left Select txt-black  mb-4'><div class='wpb_wrapper'><p>Les solutions d\u2019automatisation Okuma sont con\u00e7ues pour augmenter l\u2019efficacit\u00e9 et la profitabilit\u00e9 de votre production gr\u00e2ce aux proc\u00e9d\u00e9s automatis\u00e9s. Avec le changeur automatique de palettes, le chargeur sur portique (Okuma Gantry Loader) et la s\u00e9rie ROID, les solutions d\u2019automatisation prochaine g\u00e9n\u00e9ration d\u2019Okuma apportent une pr\u00e9cision exceptionnelle dans les t\u00e2ches automatiques et changera votre fa\u00e7on de fonctionner. <\/p>\n<\/div><\/div>[vc_btn title=&#8221;APPRENDRE ENCORE PLUS&#8221; color=&#8221;blue_button&#8221; i_align=&#8221;right&#8221; i_icon_fontawesome=&#8221;fas fa-chevron-right&#8221; add_icon=&#8221;true&#8221; link=&#8221;url:https%3A%2F%2Fwww.okuma.com%2Fautomation-systems%20|title:APPRENDRE%20ENCORE%20PLUS|target:_blank&#8221;][\/vc_column][\/vc_row][vc_row][vc_column][vc_separator color=&#8221;border_grey&#8221;][\/vc_column][\/vc_row][vc_row][vc_column width=&#8221;1\/3&#8243;][vc_video link=&#8221;https:\/\/www.youtube.com\/embed\/aV10U96meEE&#8221;][\/vc_column][vc_column width=&#8221;2\/3&#8243;]<h3 class='section-heading  align-left  txt-black  mb-4'>Automatisation Soraluce<\/h3><div class='section-content wpb_text_column wpb_content_element align-left Select txt-black  mb-4'><div class='wpb_wrapper'><p>Que ce soit une seule machine avec un transfert de palette int\u00e9gr\u00e9 ou bien une cellule compos\u00e9e de multiple machines capables de g\u00e9rer des pi\u00e8ces de 7m x 2m avec syst\u00e8me de gestion des outils conduit par un PC industriel pouvant supporter les logiciels d\u2019haute complexit\u00e9. Soraluce est en mesure de s\u2019attaquer aux projets d\u2019automatisation \u00e0 tous ces niveaux.<\/p>\n<\/div><\/div>[vc_btn title=&#8221;APPRENDRE ENCORE PLUS&#8221; color=&#8221;blue_button&#8221; i_align=&#8221;right&#8221; i_icon_fontawesome=&#8221;fas fa-chevron-right&#8221; add_icon=&#8221;true&#8221; link=&#8221;url:https%3A%2F%2Fwww.soraluce.com%2Fen%2Fautomated-systems%20|title:APPRENDRE%20ENCORE%20PLUS|target:_blank&#8221;][\/vc_column][\/vc_row][\/vc_section][vc_section full_width=&#8221;stretch_row&#8221; css=&#8221;.vc_custom_1643604901736{background-image: url(https:\/\/www.emecmt.com\/wp-content\/uploads\/2022\/01\/blue-background.jpg?id=1644) !important;background-position: center !important;background-repeat: no-repeat !important;background-size: cover !important;}&#8221;][vc_row][vc_column]<h2 class='section-heading  align-center  txt-white  mb-5'>Solutions d'automatisation suppl\u00e9mentaires<\/h2>[vc_empty_space][\/vc_column][\/vc_row][vc_row equal_height=&#8221;yes&#8221;][vc_column width=&#8221;1\/3&#8243;]\n    <div class='information-box-container'>\n      <h3 class='information-box-title'>ARMROID<\/h3>\n      <p class='information-box-description'>Robot int\u00e9gr\u00e9 \u00e0 la machine-outil. Avec un seul panneau de commande pour contr\u00f4ler \u00e0 la fois la machine et le robot, le fonctionnement de l'ARMROID est transparent et efficace, avec des commandes faciles \u00e0 utiliser pour r\u00e9pondre au mieux \u00e0 vos besoins.<\/p>\n    <\/div>\n  [\/vc_column][vc_column width=&#8221;1\/3&#8243;]\n    <div class='information-box-container'>\n      <h3 class='information-box-title'>STANDROID<\/h3>\n      <p class='information-box-description'>Le robot autonome qui fournit une automatisation dans la production \u00e0 haut volume et \u00e0 volume faible \u00e0 moyen. STANDROID est compact et facile \u00e0 utiliser avec son panneau de commande unique<\/p>\n    <\/div>\n  [\/vc_column][vc_column width=&#8221;1\/3&#8243;]\n    <div class='information-box-container'>\n      <h3 class='information-box-title'>Palettisation<\/h3>\n      <p class='information-box-description'>L'ajout d'un syst\u00e8me palettis\u00e9 \u00e0 une machine peut r\u00e9duire consid\u00e9rablement le temps de configuration et les rebuts. Il permet \u00e9galement un fonctionnement hors lumi\u00e8re\/sans pilote.<\/p>\n    <\/div>\n  [\/vc_column][\/vc_row][vc_row equal_height=&#8221;yes&#8221;][vc_column width=&#8221;1\/3&#8243;]\n    <div class='information-box-container'>\n      <h3 class='information-box-title'>GANTRY<\/h3>\n      <p class='information-box-description'>L'OGL d'Okuma est disponible en plusieurs combinaisons qui peuvent \u00eatre adapt\u00e9es \u00e0 vos exigences de processus, des charges simples et doubles aux empileurs simples et doubles. Avec ou sans stations de retournement int\u00e9gr\u00e9es. Okumas OGL peut \u00e9galement \u00eatre personnalisable pour inclure des jauges ou des convoyeurs.<\/p>\n    <\/div>\n  [\/vc_column][vc_column width=&#8221;1\/3&#8243;]\n    <div class='information-box-container'>\n      <h3 class='information-box-title'>RAVITAILLEURS DE BARRES<\/h3>\n      <p class='information-box-description'>Les ravitailleurs de barres sont disponibles dans une large gamme de tailles et se connectent de mani\u00e8re transparente \u00e0 nos tours CNC. Le fonctionnement sans personnel est courant avec les installations d'alimentation de barres<\/p>\n    <\/div>\n  [\/vc_column][vc_column width=&#8221;1\/3&#8243; el_class=&#8221;d-flex align-items-center&#8221;]\n    <div class='information-box-container'>\n      <h3 class='information-box-title'>SURVEILLANCE DES MACHINES<\/h3>\n      <p class='information-box-description'>La surveillance des machines est un syst\u00e8me logiciel qui collecte les donn\u00e9es des machines-outils et fournit des informations d\u00e9taill\u00e9es pouvant \u00eatre utilis\u00e9es pour affiner les processus et am\u00e9liorer la productivit\u00e9. Gr\u00e2ce aux donn\u00e9es collect\u00e9es, l'utilisation de la machine peut \u00eatre augment\u00e9e ou des mesures correctives peuvent \u00eatre mises en place pour les \u00e9quipements de sous-pr\u00e9formage. La plupart des logiciels fourniront des informations visuelles sur les op\u00e9rations de l'usine, accessibles n'importe o\u00f9 : atelier, bureau, smartphone, etc. ``Si vous ne pouvez pas mesurer, vous ne pouvez pas vous am\u00e9liorer !``<\/p>\n    <\/div>\n  [\/vc_column][\/vc_row][vc_row equal_height=&#8221;yes&#8221;][vc_column width=&#8221;5\/6&#8243;]\n    <div class='cta-box-container bg-light-grey'>\n      <span class='cta-box-subtitle'><\/span>\n      <h3 class='cta-box-title'>INT\u00c9RESS\u00c9 PAR L'AUTOMATISATION DE VOTRE FLUX DE TRAVAIL?<\/h3>\n      <p class='cta-box-body'>Chez EMEC, nous sommes l\u00e0 pour vous aider avec vos besoins de fabrication ! Une question sur votre machine-outil ? Aide \u00e0 la programmation ? Recommandation de machine?<\/p>\n      <a class='cta-box-btn' href='https:\/\/www.emecmt.com\/fr\/pour-nous-joindre\/demande-dautomatisation\/' >\n        CONNECTEZ-VOUS AVEC NOUS<i class='fas fa-chevron-right'><\/i>\n      <\/a>\n    <\/div>\n  [\/vc_column][vc_column width=&#8221;1\/6&#8243;][\/vc_column][\/vc_row][\/vc_section]<\/p>\n<\/section>","protected":false},"excerpt":{"rendered":"<p>[vc_section][vc_row][vc_column width=&#8221;1\/3&#8243; el_class=&#8221;vc_col-sm-push-8&#8243;][vc_video link=&#8221;https:\/\/www.youtube.com\/embed\/h9-POAWtFo8&#8243;][\/vc_column][vc_column width=&#8221;7\/12&#8243; el_class=&#8221;vc_col-sm-pull-4&#8243;][\/vc_column][\/vc_row][vc_row][vc_column width=&#8221;1\/3&#8243;][vc_video link=&#8221;https:\/\/www.youtube.com\/embed\/opzSZiGpG_0&#8243;][\/vc_column][vc_column width=&#8221;2\/3&#8243;][vc_btn title=&#8221;APPRENDRE ENCORE PLUS&#8221; color=&#8221;blue_button&#8221; i_align=&#8221;right&#8221; i_icon_fontawesome=&#8221;fas fa-chevron-right&#8221; add_icon=&#8221;true&#8221; link=&#8221;url:https%3A%2F%2Fwww.okuma.com%2Fautomation-systems%20|title:APPRENDRE%20ENCORE%20PLUS|target:_blank&#8221;][\/vc_column][\/vc_row][vc_row][vc_column][vc_separator color=&#8221;border_grey&#8221;][\/vc_column][\/vc_row][vc_row][vc_column width=&#8221;1\/3&#8243;][vc_video link=&#8221;https:\/\/www.youtube.com\/embed\/aV10U96meEE&#8221;][\/vc_column][vc_column width=&#8221;2\/3&#8243;][vc_btn title=&#8221;APPRENDRE ENCORE PLUS&#8221; color=&#8221;blue_button&#8221; i_align=&#8221;right&#8221; i_icon_fontawesome=&#8221;fas fa-chevron-right&#8221; add_icon=&#8221;true&#8221; link=&#8221;url:https%3A%2F%2Fwww.soraluce.com%2Fen%2Fautomated-systems%20|title:APPRENDRE%20ENCORE%20PLUS|target:_blank&#8221;][\/vc_column][\/vc_row][\/vc_section][vc_section full_width=&#8221;stretch_row&#8221; css=&#8221;.vc_custom_1643604901736{background-image: url(https:\/\/www.emecmt.com\/wp-content\/uploads\/2022\/01\/blue-background.jpg?id=1644) !important;background-position: center !important;background-repeat: no-repeat !important;background-size: cover !important;}&#8221;][vc_row][vc_column][vc_empty_space][\/vc_column][\/vc_row][vc_row equal_height=&#8221;yes&#8221;][vc_column width=&#8221;1\/3&#8243;][\/vc_column][vc_column width=&#8221;1\/3&#8243;][\/vc_column][vc_column [&hellip;]<\/p>\n","protected":false},"author":1,"featured_media":0,"parent":646,"menu_order":0,"comment_status":"closed","ping_status":"closed","template":"","meta":{"footnotes":""},"class_list":["post-648","page","type-page","status-publish","hentry"],"acf":[],"aioseo_notices":[],"_links":{"self":[{"href":"https:\/\/www.emecmt.com\/fr\/wp-json\/wp\/v2\/pages\/648","targetHints":{"allow":["GET"]}}],"collection":[{"href":"https:\/\/www.emecmt.com\/fr\/wp-json\/wp\/v2\/pages"}],"about":[{"href":"https:\/\/www.emecmt.com\/fr\/wp-json\/wp\/v2\/types\/page"}],"author":[{"embeddable":true,"href":"https:\/\/www.emecmt.com\/fr\/wp-json\/wp\/v2\/users\/1"}],"replies":[{"embeddable":true,"href":"https:\/\/www.emecmt.com\/fr\/wp-json\/wp\/v2\/comments?post=648"}],"version-history":[{"count":0,"href":"https:\/\/www.emecmt.com\/fr\/wp-json\/wp\/v2\/pages\/648\/revisions"}],"up":[{"embeddable":true,"href":"https:\/\/www.emecmt.com\/fr\/wp-json\/wp\/v2\/pages\/646"}],"wp:attachment":[{"href":"https:\/\/www.emecmt.com\/fr\/wp-json\/wp\/v2\/media?parent=648"}],"curies":[{"name":"wp","href":"https:\/\/api.w.org\/{rel}","templated":true}]}}