{"id":640,"date":"2021-12-05T16:45:46","date_gmt":"2021-12-05T21:45:46","guid":{"rendered":"https:\/\/www.emecmt.com\/products\/"},"modified":"2025-07-27T22:39:11","modified_gmt":"2025-07-28T02:39:11","slug":"produits","status":"publish","type":"page","link":"https:\/\/www.emecmt.com\/fr\/produits\/","title":{"rendered":"Products (FR)"},"content":{"rendered":"<section class=\"wpb-content-wrapper\"><p>[vc_section][vc_row equal_height=&#8221;yes&#8221;][vc_column width=&#8221;1\/2&#8243;]\n    <div class='page-cta-container'>\n      <img class='page-cta-logo' src='https:\/\/www.emecmt.com\/wp-content\/uploads\/2022\/01\/okuma-logo-colour.png' alt=''>\n      <img class='page-cta-background' src='https:\/\/www.emecmt.com\/wp-content\/uploads\/2022\/02\/OKUMA-PROUCT-OVERVIEW-JACOB-EAVES-APPS-ENGINEER-AT-HOUSTON-TECH-CENTER-1.jpeg' alt=''>\n      <div class='page-cta-content'>\n        <h2 class='page-cta-title'><\/h2>\n        <p class='page-cta-description'>Okuma est un leader mondial dans le d\u00e9veloppement de la technologie d'usinage en commande num\u00e9rique par ordinateur (CNC). Fond\u00e9e en 1898 \u00e0 Nagoya, au Japon. Okuma est connue pour sa technologie de pointe, sa fabrication de classe mondiale, la qualit\u00e9 de ses produits et pour son d\u00e9vouement au service \u00e0 la client\u00e8le. Les produits Okuma sont utilis\u00e9s dans une multitude d'industries, notamment l'automobile, moule et matrices, l'a\u00e9rospatiale, la d\u00e9fense, le p\u00e9trole et l'\u00e9nergie, et bien d'autres, et sont pris en charge par le r\u00e9seau vaste de distribution dans les Am\u00e9riques<\/p>\n      <\/div>\n      <div class='page-cta-links'><a class='page-cta-link btn btn-blue btn-icon-right btn-full-width' href='https:\/\/www.emecmt.com\/fr\/produits\/okuma\/' >VOIR LES PRODUITS OKUMA <i class='fas fa-chevron-right'><\/i><\/a><\/div>\n    <\/div>\n  [\/vc_column][vc_column width=&#8221;1\/2&#8243;]\n    <div class='page-cta-container'>\n      <img class='page-cta-logo' src='https:\/\/www.emecmt.com\/wp-content\/uploads\/2022\/09\/Products-Page-Tsugami-America-horizontal-e1664560317950.png' alt=''>\n      <img class='page-cta-background' src='https:\/\/www.emecmt.com\/wp-content\/uploads\/2022\/01\/TSUGAMI-PRODUCT-IMAGE.png' alt='TSUGAMI\/REM SALES - PRODUCT IMAGE'>\n      <div class='page-cta-content'>\n        <h2 class='page-cta-title'><\/h2>\n        <p class='page-cta-description'>Les machines-outils Tsugami sont reconnues dans le monde entier pour leur pr\u00e9cision, leur r\u00e9p\u00e9tabilit\u00e9 et leur fiabilit\u00e9 exceptionnelle. Class\u00e9 n \u00ba 1 mondial parmi les constructeurs de machines-outils qui se sp\u00e9cialisent dans l\u2019usinage de petites pi\u00e8ces. La large gamme de tours CNC de type suisse, de centres de tournage, de machines multi-t\u00e2ches et de centres d\u2019usinage CNC verticaux et horizontaux, font de Tsugami le premier choix pour de nombreuses industries qui fabriquent des petites pi\u00e8ces complexes jusqu\u2019\u00e0 38 mm de diam\u00e8tre. On retrouve des machines-outils Tsugami dans diverses industries telle que le domaine m\u00e9dicale, l\u2019a\u00e9rospatiale, la d\u00e9fense,ainsi que l\u2019automobile.<\/p>\n      <\/div>\n      <div class='page-cta-links'><a class='page-cta-link btn btn-blue btn-icon-right btn-full-width' href='https:\/\/www.emecmt.com\/fr\/produits\/tsugami\/' >VOIR LES PRODUITS TSUGAMI <i class='fas fa-chevron-right'><\/i><\/a><\/div>\n    <\/div>\n  [\/vc_column][\/vc_row][vc_row equal_height=&#8221;yes&#8221;][vc_column width=&#8221;1\/2&#8243;]\n    <div class='page-cta-container'>\n      <img class='page-cta-logo' src='https:\/\/www.emecmt.com\/wp-content\/uploads\/2021\/12\/product-soralluce-logo.png' alt='Soralluce logo'>\n      <img class='page-cta-background' src='https:\/\/www.emecmt.com\/wp-content\/uploads\/2022\/03\/DSCN1223_ret-scaled.jpg' alt=''>\n      <div class='page-cta-content'>\n        <h2 class='page-cta-title'><\/h2>\n        <p class='page-cta-description'>Soraluce est un leader mondial dans la production de machines-outils CNC de grands formats hautement personnalisables. Il propose une large gamme de fraiseuses, al\u00e9seuses, tour vertical, machines multit\u00e2ches ainsi que des solutions d\u2019automatisation. Avec une gamme de produits de haute qualit\u00e9, des technologies innovatrices, un support technique et un service exceptionnel, Soraluce r\u00e9pond aux d\u00e9fis d\u2019usinage les plus exigeants avec une efficacit\u00e9 qui vous feront atteindre des niveaux productivit\u00e9s \u00e9lev\u00e9s. Soraluce \u00e9tabli de nouveaux standards dans le fraisage, l\u2019al\u00e9sage et tournage de grandes pi\u00e8ces.<\/p>\n      <\/div>\n      <div class='page-cta-links'><a class='page-cta-link btn btn-blue btn-icon-right btn-full-width' href='https:\/\/www.emecmt.com\/fr\/produits\/soraluce\/' >VOIR LES PRODUITS SORALUCE <i class='fas fa-chevron-right'><\/i><\/a><\/div>\n    <\/div>\n  [\/vc_column][vc_column width=&#8221;1\/2&#8243;]\n    <div class='page-cta-container'>\n      <img class='page-cta-logo' src='https:\/\/www.emecmt.com\/wp-content\/uploads\/2021\/12\/product-geminis-landing.png' alt=''>\n      <img class='page-cta-background' src='https:\/\/www.emecmt.com\/wp-content\/uploads\/2022\/03\/GT5i.png' alt=''>\n      <div class='page-cta-content'>\n        <h2 class='page-cta-title'><\/h2>\n        <p class='page-cta-description'>Geminis est bas\u00e9 \u00e0 Elgoibar, en Espagne et est un leader dans les solutions de tournage \u00e0 grande capacit\u00e9 et \u00e0 usage intensif qui sont personnalisables pour des applications simples \u00e0 complexes. La gamme de produits Geminis comprend de grands tours CNC \u00e0 banc plat pour des diam\u00e8tres de pi\u00e8ce jusqu'\u00e0 138`` et des longueurs de pi\u00e8ce jusqu'\u00e0 945``. Les configurations de machine incluent ; tournage seul, tournage avec outillage entra\u00een\u00e9 + axe C, axe Y et colonnes de fraisage \u00e0 usage intensif. Les options multit\u00e2ches incluent le tournage, le fraisage et la rectification sur une seule plate-forme avec des syst\u00e8mes de changement d'outils<\/p>\n      <\/div>\n      <div class='page-cta-links'><a class='page-cta-link btn btn-blue btn-icon-right btn-full-width' href='https:\/\/www.emecmt.com\/fr\/produits\/geminis\/' >VOIR LES PRODUITS GEMINIS <i class='fas fa-chevron-right'><\/i><\/a><\/div>\n    <\/div>\n  [\/vc_column][\/vc_row][vc_row equal_height=&#8221;yes&#8221; disable_element=&#8221;yes&#8221;][vc_column width=&#8221;1\/2&#8243;][\/vc_column][\/vc_row][\/vc_section]<\/p>\n<\/section>","protected":false},"excerpt":{"rendered":"<p>[vc_section][vc_row equal_height=&#8221;yes&#8221;][vc_column width=&#8221;1\/2&#8243;][\/vc_column][vc_column width=&#8221;1\/2&#8243;][\/vc_column][\/vc_row][vc_row equal_height=&#8221;yes&#8221;][vc_column width=&#8221;1\/2&#8243;][\/vc_column][vc_column width=&#8221;1\/2&#8243;][\/vc_column][\/vc_row][vc_row equal_height=&#8221;yes&#8221; disable_element=&#8221;yes&#8221;][vc_column width=&#8221;1\/2&#8243;][\/vc_column][\/vc_row][\/vc_section]<\/p>\n","protected":false},"author":1,"featured_media":0,"parent":0,"menu_order":7,"comment_status":"closed","ping_status":"closed","template":"","meta":{"footnotes":""},"class_list":["post-640","page","type-page","status-publish","hentry"],"acf":[],"aioseo_notices":[],"_links":{"self":[{"href":"https:\/\/www.emecmt.com\/fr\/wp-json\/wp\/v2\/pages\/640","targetHints":{"allow":["GET"]}}],"collection":[{"href":"https:\/\/www.emecmt.com\/fr\/wp-json\/wp\/v2\/pages"}],"about":[{"href":"https:\/\/www.emecmt.com\/fr\/wp-json\/wp\/v2\/types\/page"}],"author":[{"embeddable":true,"href":"https:\/\/www.emecmt.com\/fr\/wp-json\/wp\/v2\/users\/1"}],"replies":[{"embeddable":true,"href":"https:\/\/www.emecmt.com\/fr\/wp-json\/wp\/v2\/comments?post=640"}],"version-history":[{"count":0,"href":"https:\/\/www.emecmt.com\/fr\/wp-json\/wp\/v2\/pages\/640\/revisions"}],"wp:attachment":[{"href":"https:\/\/www.emecmt.com\/fr\/wp-json\/wp\/v2\/media?parent=640"}],"curies":[{"name":"wp","href":"https:\/\/api.w.org\/{rel}","templated":true}]}}