{"id":630,"date":"2021-12-05T17:27:39","date_gmt":"2021-12-05T22:27:39","guid":{"rendered":"https:\/\/www.emecmt.com\/about-us\/"},"modified":"2025-05-23T11:12:22","modified_gmt":"2025-05-23T15:12:22","slug":"a-propos-de-nous","status":"publish","type":"page","link":"https:\/\/www.emecmt.com\/fr\/a-propos-de-nous\/","title":{"rendered":"About Us (FR)"},"content":{"rendered":"<section class=\"wpb-content-wrapper\"><p>[vc_section][vc_row][vc_column width=&#8221;1\/2&#8243; el_class=&#8221;vc_col-sm-push-6&#8243;]<h2 class='section-heading  align-left text-uppercase txt-black  '>MESSAGE DU PR\u00c9SIDENT<\/h2><h3 class='section-heading h6 align-left text-uppercase txt-blue  '>Bill Mara, Pr\u00e9sident<\/h3><div class='section-content wpb_text_column wpb_content_element align-left Select txt-black  '><div class='wpb_wrapper'><p>En navigant sur notre site Web, j&#8217;esp\u00e8re que vous en apprendrez davantage sur les produits et les qualit\u00e9s qui font de notre entreprise un fournisseur exceptionnel de solutions de pointe pour les secteurs manufacturier canadiens.<\/p>\n<p>EMEC est au service des fabricants canadiens depuis plus de 28 ans et nous avons gagn\u00e9 le respect de nos clients et partenaires fournisseurs gr\u00e2ce \u00e0 notre excellente \u00e9quipe de professionnels d\u00e9vou\u00e9s. Ce sont tous des experts dans leur domaine et ils sont tous fiers de fournir \u00e0 nos clients le plus haut niveau de service possible.<\/p>\n<blockquote><p>\nComme l&#8217;indique notre \u00e9nonc\u00e9 de mission, &#8220;Nous soutiendrons et servirons nos clients d&#8217;une mani\u00e8re synonyme des produits de haute qualit\u00e9 que nous avons le privil\u00e8ge de repr\u00e9senter, en tant que partenaire pour l&#8217;avenir.&#8221;\n<\/p><\/blockquote>\n<p>La culture d&#8217;entreprise d&#8217;EMEC est d\u00e9finie par un ensemble simple de valeurs d&#8217;entreprise &#8211; confiance, attention, innovation et fiert\u00e9. Celles-ci refl\u00e8tent la fa\u00e7on dont nous interagissons avec nos clients, fournisseurs et coll\u00e8gues au quotidien.<\/p>\n<p>J&#8217;esp\u00e8re que ce message vous fournira quelques raisons de mieux conna\u00eetre EMEC. Que vous soyez un client potentiel, un nouveau partenaire fournisseur ou un futur employ\u00e9, nous sommes impatients de trouver un moyen de travailler ensemble pour vous fournir aujourd&#8217;hui les solutions de fabrication de demain.<\/p>\n<p>Sinc\u00e8rement,<\/p>\n<p>Bill Mara<\/p>\n<\/div><\/div>[\/vc_column][vc_column width=&#8221;1\/2&#8243; el_class=&#8221;vc_col-sm-pull-6&#8243; offset=&#8221;vc_col-lg-5 vc_col-md-5&#8243;][vc_single_image image=&#8221;2727&#8243; img_size=&#8221;full&#8221;][\/vc_column][\/vc_row][\/vc_section][vc_section css=&#8221;.vc_custom_1640571586648{padding-top: 0px !important;padding-bottom: 0px !important;}&#8221;][vc_row][vc_column][vc_separator color=&#8221;border_grey&#8221;][\/vc_column][\/vc_row][\/vc_section][vc_section][vc_row][vc_column width=&#8221;1\/2&#8243; offset=&#8221;vc_col-lg-5 vc_col-md-5&#8243;]<h2 class='section-heading  align-left text-uppercase txt-black  '>CONTEXTE D'EMEC<\/h2><div class='section-content wpb_text_column wpb_content_element align-left Select txt-black  '><div class='wpb_wrapper'><p>Depuis plus de trente ans maintenant, EMEC Machine Tools a le privil\u00e8ge de repr\u00e9senter certains des meilleurs constructeurs de machines-outils au monde sur une base exclusive dans nos territoires de l&#8217;Est du Canada. Depuis le premier jour, le pilier de notre entreprise a \u00e9t\u00e9 la gamme de machines-outils Okuma et au fil des ans, nous avons pu am\u00e9liorer nos offres de produits avec l&#8217;ajout de Tsugami. Soraluce, Milltronics et Geminis.<\/p>\n<p>Afin de fournir les plus hauts niveaux d&#8217;assistance \u00e0 nos clients, EMEC a constitu\u00e9 une excellente \u00e9quipe de professionnels d\u00e9vou\u00e9s qui repr\u00e9sentent collectivement des centaines d&#8217;ann\u00e9es d&#8217;exp\u00e9rience au service de l&#8217;industrie manufacturi\u00e8re et comprennent \u00e0 quel point un excellent service est essentiel dans le monde ultra concurrentiel d&#8217;aujourd&#8217;hui.<\/p>\n<p>Avec tant d&#8217;ann\u00e9es d&#8217;activit\u00e9 et plus de 3 000 installations sur nos territoires, nous en sommes venus \u00e0 reconna\u00eetre que les clients cherchent \u00e0 \u00e9tablir des relations avec des fournisseurs en qui ils peuvent avoir confiance et qui peuvent les aider \u00e0 obtenir les r\u00e9sultats dont ils ont besoin pour \u00eatre comp\u00e9titifs.<\/p>\n<p>Chez EMEC, nous continuons \u00e0 nous efforcer d&#8217;am\u00e9liorer et d&#8217;investir dans l&#8217;expertise pour aider nos clients \u00e0 chaque \u00e9tape du processus et nous sommes impatients de partager le succ\u00e8s de nos clients au cours des 25 prochaines ann\u00e9es.<\/p>\n<\/div><\/div>[\/vc_column][vc_column width=&#8221;1\/2&#8243; offset=&#8221;vc_col-lg-offset-1 vc_col-lg-6 vc_col-md-offset-1 vc_col-md-6&#8243;][vc_single_image image=&#8221;429&#8243; img_size=&#8221;full&#8221;][\/vc_column][\/vc_row][\/vc_section][vc_section full_width=&#8221;stretch_row&#8221; css=&#8221;.vc_custom_1643605145470{background-image: url(https:\/\/www.emecmt.com\/wp-content\/uploads\/2022\/01\/blue-background.jpg?id=1643) !important;background-position: center !important;background-repeat: no-repeat !important;background-size: cover !important;}&#8221;][vc_row][vc_column width=&#8221;7\/12&#8243;]<h2 class='section-heading  align-left text-uppercase txt-white  '>L\u2019\u00c9QUIPE EMEC<\/h2><div class='section-content wpb_text_column wpb_content_element align-left Select txt-white  '><div class='wpb_wrapper'><p>Depuis plus de vingt-cinq ans, EMEC Machine Outils aide les fabricants Canadiens \u00e0 maintenir un avantage concurrentiel dans une \u00e9conomie mondiale en fournissant des solutions de fabrication de pointe \u00e0 l\u2019industrie du travail des m\u00e9taux.<\/p>\n<p>En plus des meilleures machines-outils CNC de l\u2019industrie, nous offrons un support et des services de pointe avec notre \u00e9quipe d\u2019ing\u00e9nieurs d\u2019application et de service form\u00e9s en usine. Cette approche alli\u00e9e \u00e0 notre approche ax\u00e9e sur le client nous a permis de nous diff\u00e9rencier de la concurrence et de vous fournir le meilleur support disponible pour l\u2019enti\u00e8ret\u00e9 de la vie utiles de votre machines-outils.<\/p>\n<\/div><\/div>[\/vc_column][\/vc_row][vc_row equal_height=&#8221;yes&#8221;][vc_column width=&#8221;1\/3&#8243;]\n    <div class='information-box-container'>\n      <h3 class='information-box-title'>Le groupe de service d\u2019EMEC<\/h3>\n      <p class='information-box-description'>Avec une exp\u00e9rience combin\u00e9e de plus de 95 ans, notre \u00e9quipe de dix techniciens pleinement qualifi\u00e9s, y compris nos quatre techniciens bilingues au Qu\u00e9bec et dans les environs, est pr\u00eate \u00e0 servir nos clients. Plusieurs d\u2019entre eux s\u2019occupent exclusivement de la maintenance des machines-outils CNC et des produits connexes depuis leur arriv\u00e9e au Canada en 1979.<\/p>\n    <\/div>\n  [\/vc_column][vc_column width=&#8221;1\/3&#8243;]\n    <div class='information-box-container'>\n      <h3 class='information-box-title'>Les Applications chez EMEC<\/h3>\n      <p class='information-box-description'>Les cinq membres de notre \u00e9quipe d\u2019Ing\u00e9nierie d\u2019applications poss\u00e8dent 100 ans d\u2019exp\u00e9rience combin\u00e9e dans le domaine de l\u2019usinage qu\u2019ils peuvent mettre \u00e0 profit dans la r\u00e9alisation de tout projet. Ces ing\u00e9nieurs hautement qualifi\u00e9s sont d\u00e9vou\u00e9s et ax\u00e9s sur le client.<\/p>\n    <\/div>\n  [\/vc_column][vc_column width=&#8221;1\/3&#8243;]\n    <div class='information-box-container'>\n      <h3 class='information-box-title'>Les Pi\u00e8ces chez EMEC<\/h3>\n      <p class='information-box-description'>Notre \u00e9quipe d\u00e9di\u00e9e aux pi\u00e8ces de rechange comprend notre Directeur des pi\u00e8ces et deux Administrateurs de pi\u00e8ces, tous des v\u00e9t\u00e9rans de l\u2019industrie des machines-outils mobilisant une richesse de connaissances pour chaque transaction et une vaste exp\u00e9rience et expertise dans l\u2019exp\u00e9dition avec un \u0153il attentif \u00e0 tout d\u00e9tail.<\/p>\n    <\/div>\n  [\/vc_column][\/vc_row][vc_row equal_height=&#8221;yes&#8221;][vc_column width=&#8221;1\/3&#8243;]\n    <div class='information-box-container'>\n      <h3 class='information-box-title'>Les Ventes chez EMEC<\/h3>\n      <p class='information-box-description'>Notre \u00e9quipe hautement qualifi\u00e9e et d\u00e9vou\u00e9e de sept professionnels de la vente est \u00e0 votre service pour vous apporter le meilleur soutien commercial que notre industrie puisse offrir. Avec une moyenne de plus de 25 ans d\u2019appui \u00e0 la fabrication, ils mettent \u00e0 votre disposition leur grande exp\u00e9rience afin de vous proposer les meilleures solutions pour vos besoins en machines-outils.<\/p>\n    <\/div>\n  [\/vc_column][vc_column width=&#8221;1\/3&#8243;]\n    <div class='information-box-container'>\n      <h3 class='information-box-title'>L\u2019Administration d\u2019EMEC<\/h3>\n      <p class='information-box-description'>Notre personnel administrative, une \u00e9quipe dynamique de huit professionnels exp\u00e9riment\u00e9s, sont les \u00e9l\u00e9ments cl\u00e9s pour la provision du soutien li\u00e9 \u00e0 la comptabilit\u00e9, au service et aux ventes. C\u2019est cette \u00e9quipe qui assure le bon d\u00e9roulement des op\u00e9rations en plus de r\u00e9aliser des gains d\u2019efficacit\u00e9 gr\u00e2ce aux meilleures pratiques.<\/p>\n    <\/div>\n  [\/vc_column][vc_column width=&#8221;1\/3&#8243;]\n    <div class='cta-box-container bg-light-grey'>\n      <span class='cta-box-subtitle'><\/span>\n      <h3 class='cta-box-title'>JOIGNEZ-VOUS \u00c0 NOTRE \u00c9QUIPE<\/h3>\n      <p class='cta-box-body'>EMEC Machines-Outils est \u00e0 la recherche de candidats qui se d\u00e9marquent et qui accueillent la chance d\u2019atteindre les exigences manufacturi\u00e8res de nos clients avec la meilleur technologie CNC qui soit.<\/p>\n      <a class='cta-box-btn' href='https:\/\/www.emecmt.com\/en\/about-us\/careers\/' >\n        VOIR LES POSTES DISPONIBLES<i class='fas fa-chevron-right'><\/i>\n      <\/a>\n    <\/div>\n  [\/vc_column][\/vc_row][\/vc_section]<\/p>\n<\/section>","protected":false},"excerpt":{"rendered":"<p>[vc_section][vc_row][vc_column width=&#8221;1\/2&#8243; el_class=&#8221;vc_col-sm-push-6&#8243;][\/vc_column][vc_column width=&#8221;1\/2&#8243; el_class=&#8221;vc_col-sm-pull-6&#8243; offset=&#8221;vc_col-lg-5 vc_col-md-5&#8243;][vc_single_image image=&#8221;2727&#8243; img_size=&#8221;full&#8221;][\/vc_column][\/vc_row][\/vc_section][vc_section css=&#8221;.vc_custom_1640571586648{padding-top: 0px !important;padding-bottom: 0px !important;}&#8221;][vc_row][vc_column][vc_separator color=&#8221;border_grey&#8221;][\/vc_column][\/vc_row][\/vc_section][vc_section][vc_row][vc_column width=&#8221;1\/2&#8243; offset=&#8221;vc_col-lg-5 vc_col-md-5&#8243;][\/vc_column][vc_column width=&#8221;1\/2&#8243; offset=&#8221;vc_col-lg-offset-1 vc_col-lg-6 vc_col-md-offset-1 vc_col-md-6&#8243;][vc_single_image image=&#8221;429&#8243; img_size=&#8221;full&#8221;][\/vc_column][\/vc_row][\/vc_section][vc_section full_width=&#8221;stretch_row&#8221; css=&#8221;.vc_custom_1643605145470{background-image: url(https:\/\/www.emecmt.com\/wp-content\/uploads\/2022\/01\/blue-background.jpg?id=1643) !important;background-position: center !important;background-repeat: no-repeat !important;background-size: cover !important;}&#8221;][vc_row][vc_column width=&#8221;7\/12&#8243;][\/vc_column][\/vc_row][vc_row equal_height=&#8221;yes&#8221;][vc_column width=&#8221;1\/3&#8243;][\/vc_column][vc_column width=&#8221;1\/3&#8243;][\/vc_column][vc_column width=&#8221;1\/3&#8243;][\/vc_column][\/vc_row][vc_row equal_height=&#8221;yes&#8221;][vc_column width=&#8221;1\/3&#8243;][\/vc_column][vc_column width=&#8221;1\/3&#8243;][\/vc_column][vc_column width=&#8221;1\/3&#8243;][\/vc_column][\/vc_row][\/vc_section]<\/p>\n","protected":false},"author":1,"featured_media":0,"parent":0,"menu_order":5,"comment_status":"closed","ping_status":"closed","template":"","meta":{"footnotes":""},"class_list":["post-630","page","type-page","status-publish","hentry"],"acf":[],"aioseo_notices":[],"_links":{"self":[{"href":"https:\/\/www.emecmt.com\/fr\/wp-json\/wp\/v2\/pages\/630","targetHints":{"allow":["GET"]}}],"collection":[{"href":"https:\/\/www.emecmt.com\/fr\/wp-json\/wp\/v2\/pages"}],"about":[{"href":"https:\/\/www.emecmt.com\/fr\/wp-json\/wp\/v2\/types\/page"}],"author":[{"embeddable":true,"href":"https:\/\/www.emecmt.com\/fr\/wp-json\/wp\/v2\/users\/1"}],"replies":[{"embeddable":true,"href":"https:\/\/www.emecmt.com\/fr\/wp-json\/wp\/v2\/comments?post=630"}],"version-history":[{"count":0,"href":"https:\/\/www.emecmt.com\/fr\/wp-json\/wp\/v2\/pages\/630\/revisions"}],"wp:attachment":[{"href":"https:\/\/www.emecmt.com\/fr\/wp-json\/wp\/v2\/media?parent=630"}],"curies":[{"name":"wp","href":"https:\/\/api.w.org\/{rel}","templated":true}]}}