{"id":4459,"date":"2023-10-06T12:52:37","date_gmt":"2023-10-06T16:52:37","guid":{"rendered":"https:\/\/www.emecmt.com\/?page_id=4459"},"modified":"2023-10-11T15:08:50","modified_gmt":"2023-10-11T19:08:50","slug":"journee-portes-ouvertes-a-montreal-08-et-09-novembre-fr","status":"publish","type":"page","link":"https:\/\/www.emecmt.com\/fr\/evenements-et-actualites\/journee-portes-ouvertes-a-montreal-08-et-09-novembre-fr\/","title":{"rendered":"Montreal Open House- November 08 &#038; 09 (FR)"},"content":{"rendered":"<section class=\"wpb-content-wrapper\"><p>[vc_section][vc_row el_id=&#8221;montreal&#8221;][vc_column width=&#8221;7\/12&#8243;]<h2 class='section-heading  align-left text-uppercase txt-black  mb-4'>Vivez la diff\u00e9rence EMEC!<\/h2><div class='section-content wpb_text_column wpb_content_element align-left Select txt-black  mb-5'><div class='wpb_wrapper'><p><span style=\"text-decoration: underline;\"><strong>Th\u00e8mes de cet \u00e9v\u00e9nement:<\/strong><\/span><\/p>\n<ul>\n<li>D\u00e9monstrations de coupe sur trois de nos machines en place.<\/li>\n<li>Explorez nos solutions innovatifs et abordables de nos syst\u00e8mes d\u2019automatisations, \u00e0 fin d\u2019am\u00e9liorer votre efficacit\u00e9 et productivit\u00e9.<\/li>\n<li>Venez rencontrer nos partenaires d\u2019outillages et d\u2019automatisations, ensemble avec l&#8217;\u00e9quipe EMEC et afin de profiter ne notre r\u00e9seau de technologie.<\/li>\n<li>Rafra\u00eechissements et repas l\u00e9gers seront servis.<\/li>\n<li>Solutions de 3 mois sans paiement sur nos machines en d\u00e9monstrations.<\/li>\n<li>Garantie exclusive de CINQ (5) ans sur les machines OKUMA<\/li>\n<li>Nos partenaires sur place:\n<ul>\n<li>Automation Within Reach<\/li>\n<li>ISCAR- Norvic<\/li>\n<li>Mittman Inc. \u2013 WTO<\/li>\n<li>Renishaw Canada Ltd.<\/li>\n<\/ul>\n<\/li>\n<\/ul>\n<\/div><\/div>[vc_btn title=&#8221;Enregistrement&#8221; color=&#8221;outline_blue_button&#8221; i_align=&#8221;right&#8221; i_icon_fontawesome=&#8221;fas fa-arrow-down&#8221; add_icon=&#8221;true&#8221; link=&#8221;url:%23ENREGISTREMENT&#8221; css=&#8221;.vc_custom_1696612010228{margin-left: 0px !important;}&#8221; el_class=&#8221;btn-mobile-block mb-5&#8243;][\/vc_column][vc_column width=&#8221;1\/3&#8243; offset=&#8221;vc_col-lg-offset-1 vc_col-md-offset-1 vc_col-sm-offset-1&#8243;][vc_single_image image=&#8221;4526&#8243; img_size=&#8221;full&#8221; onclick=&#8221;zoom&#8221;][vc_btn title=&#8221;Brochure de l\u2019\u00e9v\u00e8nement&#8221; color=&#8221;outline_blue_button&#8221; i_align=&#8221;right&#8221; i_icon_fontawesome=&#8221;fas fa-arrow-down&#8221; add_icon=&#8221;true&#8221; link=&#8221;url:https%3A%2F%2Fwww.emecmt.com%2Fwp-content%2Fuploads%2F2021%2F12%2FEMEC-MONTREAL-OPEN-HOUSE-NOVEMBER-2023-FR-1.pdf|target:_blank&#8221; css=&#8221;.vc_custom_1696974883370{margin-left: 0px !important;}&#8221; el_class=&#8221;btn-mobile-block mb-5&#8243;][\/vc_column][\/vc_row][vc_row][vc_column][vc_separator color=&#8221;border_grey&#8221;][\/vc_column][\/vc_row][vc_row][vc_column offset=&#8221;vc_col-lg-7 vc_col-md-7&#8243;]<h2 class='section-heading  align-left text-uppercase txt-black  '>MACHINES EXPOS\u00c9ES<\/h2>[\/vc_column][\/vc_row][vc_row equal_height=&#8221;yes&#8221;][vc_column width=&#8221;1\/3&#8243;]\n        <div class='product-container'>\n          <div class='product-ribbon'>Pr\u00eate pour la demonstration<\/div>\n          <img class='product-logo' src='https:\/\/www.emecmt.com\/wp-content\/uploads\/2022\/01\/okuma-logo-colour-2.png' alt=''>\n          <div class='product-image'><img loading=\"lazy\" decoding=\"async\" width=\"1470\" height=\"1436\" src=\"https:\/\/www.emecmt.com\/wp-content\/uploads\/2022\/01\/PRODUCT-TILE-1-OKUMA-GENOS-M560-V-OPEN.jpg\" class=\"attachment-post-thumbnail size-post-thumbnail wp-post-image\" alt=\"\" srcset=\"https:\/\/www.emecmt.com\/wp-content\/uploads\/2022\/01\/PRODUCT-TILE-1-OKUMA-GENOS-M560-V-OPEN.jpg 1470w, https:\/\/www.emecmt.com\/wp-content\/uploads\/2022\/01\/PRODUCT-TILE-1-OKUMA-GENOS-M560-V-OPEN-300x293.jpg 300w, https:\/\/www.emecmt.com\/wp-content\/uploads\/2022\/01\/PRODUCT-TILE-1-OKUMA-GENOS-M560-V-OPEN-1024x1000.jpg 1024w, https:\/\/www.emecmt.com\/wp-content\/uploads\/2022\/01\/PRODUCT-TILE-1-OKUMA-GENOS-M560-V-OPEN-768x750.jpg 768w\" sizes=\"auto, (max-width: 1470px) 100vw, 1470px\" \/><\/div>\n          <div class='product-content'>\n            <h3 class='product-title'>GENOS M560-V (Montreal)<\/h3>\n            <div class='product-description'><div class='product-subtitle'>Centre d'usinage vertical 3 axes<\/div><div><p>La construction tr\u00e8s rigide et thermiquement stable permet \u00e0 ce centre d\u2019usinage vertical de r\u00e9sister \u00e0 la d\u00e9formation thermique, ce qui r\u00e9duit la croissance thermique et am\u00e9liore les performances d\u2019usinage. Il peut traiter une vari\u00e9t\u00e9 de mat\u00e9riaux, du titane \u00e0 l\u2019aluminium, et le fait sans sacrifier la qualit\u00e9 de finition ou la productivit\u00e9.<\/p>\n<\/div><\/div>\n          <\/div>\n          <div class='product-links'>\n            <a class='btn btn-blue' href='https:\/\/www.okuma.com\/products\/genos-m560-v' target='_blank'>Plus de d\u00e9tails<\/a>\n            <a class='btn btn-blue-outline' href='#ref3425' data-toggle='modal' data-target='#ref3425'><i class='fab fa-youtube'><\/i> VOIR LA D\u00c9MO<\/a>\n            \n          <\/div>\n        <\/div>        \n        <div class='modal fade modal-youtube' id='ref3425' tabindex='-1' role='dialog' aria-labelledby='ref3425' aria-hidden='true'>\n        <div class='modal-dialog modal-dialog-centered'>\n          <div class='modal-content'>\n            <div class='modal-header justify-content-end'>\n              <div class='modal-close-btn'><button type='button' class='btn btn-blue' data-dismiss='modal'>Ferm\u00e9e<\/button><\/div>\n              <\/div>\n              <iframe id='3425' width='450' height='450' src='https:\/\/www.youtube.com\/embed\/DisGJzDob-U' title='YouTube video player' frameborder='0' allow='accelerometer; clipboard-write; encrypted-media; gyroscope; picture-in-picture' allowfullscreen><\/iframe>\n          <\/div>\n        <\/div>\n      <\/div>\n      [\/vc_column][vc_column width=&#8221;1\/3&#8243;]\n        <div class='product-container'>\n          <div class='product-ribbon'>Soutien en automatisation<\/div>\n          <img class='product-logo' src='https:\/\/www.emecmt.com\/wp-content\/uploads\/2022\/01\/okuma-logo-colour-2.png' alt=''>\n          <div class='product-image'><img loading=\"lazy\" decoding=\"async\" width=\"480\" height=\"316\" src=\"https:\/\/www.emecmt.com\/wp-content\/uploads\/2021\/12\/product-tile-okuma-horizontal-lathes-LB3000-EXII.jpg\" class=\"attachment-post-thumbnail size-post-thumbnail wp-post-image\" alt=\"Okuma LB3000 EX II\" srcset=\"https:\/\/www.emecmt.com\/wp-content\/uploads\/2021\/12\/product-tile-okuma-horizontal-lathes-LB3000-EXII.jpg 480w, https:\/\/www.emecmt.com\/wp-content\/uploads\/2021\/12\/product-tile-okuma-horizontal-lathes-LB3000-EXII-300x198.jpg 300w\" sizes=\"auto, (max-width: 480px) 100vw, 480px\" \/><\/div>\n          <div class='product-content'>\n            <h3 class='product-title'>LB3000 EX II<\/h3>\n            <div class='product-description'><div class='product-subtitle'>Tour<\/div><div><p>Le plus grand tour horizontal de la collection \u00ab Affordable Excellence \u00bb, le LB3000 EX II est construit sur le concept \u201cThermo-Friendly d&#8217;Okuma. Ceci garanti une croissance thermique minimale, et la construction du banc inclin\u00e9 se traduit par une qualit\u00e9 et une rigidit\u00e9 in\u00e9gal\u00e9e.<\/p>\n<\/div><\/div>\n          <\/div>\n          <div class='product-links'>\n            <a class='btn btn-blue' href='https:\/\/www.okuma.com\/products\/lb3000-exii' target='_blank'>Plus de d\u00e9tails<\/a>\n            <a class='btn btn-blue-outline' href='#ref835' data-toggle='modal' data-target='#ref835'><i class='fab fa-youtube'><\/i> Voir la d\u00e9mo<\/a>\n            \n          <\/div>\n        <\/div>        \n        <div class='modal fade modal-youtube' id='ref835' tabindex='-1' role='dialog' aria-labelledby='ref835' aria-hidden='true'>\n        <div class='modal-dialog modal-dialog-centered'>\n          <div class='modal-content'>\n            <div class='modal-header justify-content-end'>\n              <div class='modal-close-btn'><button type='button' class='btn btn-blue' data-dismiss='modal'>Ferm\u00e9e<\/button><\/div>\n              <\/div>\n              <iframe id='835' width='450' height='450' src='https:\/\/www.youtube.com\/embed\/JsSUl2Q85cQ' title='YouTube video player' frameborder='0' allow='accelerometer; clipboard-write; encrypted-media; gyroscope; picture-in-picture' allowfullscreen><\/iframe>\n          <\/div>\n        <\/div>\n      <\/div>\n      [\/vc_column][vc_column width=&#8221;1\/3&#8243;]\n        <div class='product-container'>\n          <div class='product-ribbon'>Sp\u00e9cial de l\u2019exposition<\/div>\n          <img class='product-logo' src='https:\/\/www.emecmt.com\/wp-content\/uploads\/2022\/09\/Products-Page-Tsugami-America-horizontal-e1664560317950.png' alt=''>\n          <div class='product-image'><img loading=\"lazy\" decoding=\"async\" width=\"3671\" height=\"3259\" src=\"https:\/\/www.emecmt.com\/wp-content\/uploads\/2023\/09\/BW129Z.png\" class=\"attachment-post-thumbnail size-post-thumbnail wp-post-image\" alt=\"\" srcset=\"https:\/\/www.emecmt.com\/wp-content\/uploads\/2023\/09\/BW129Z.png 3671w, https:\/\/www.emecmt.com\/wp-content\/uploads\/2023\/09\/BW129Z-300x266.png 300w, https:\/\/www.emecmt.com\/wp-content\/uploads\/2023\/09\/BW129Z-1024x909.png 1024w, https:\/\/www.emecmt.com\/wp-content\/uploads\/2023\/09\/BW129Z-768x682.png 768w, https:\/\/www.emecmt.com\/wp-content\/uploads\/2023\/09\/BW129Z-1536x1364.png 1536w, https:\/\/www.emecmt.com\/wp-content\/uploads\/2023\/09\/BW129Z-2048x1818.png 2048w\" sizes=\"auto, (max-width: 3671px) 100vw, 3671px\" \/><\/div>\n          <div class='product-content'>\n            <h3 class='product-title'>BW129Z<\/h3>\n            <div class='product-description'><div class='product-subtitle'>Tours de type suisse<\/div><div><p>La BW129Z Swiss Type Lathe utilise son syst\u00e8me de contr\u00f4le \u00e0 trois voies et ses glissi\u00e8res de gang ind\u00e9pendantes doubles pour r\u00e9duire le temps de cycle et produire rapidement des pi\u00e8ces complexes. Des outils \u00e0 entra\u00eenement multiples sur la broche principale et la broche secondaire combin\u00e9s avec des poteaux d&#8217;outils coulissants avant et arri\u00e8re permettent de multiples op\u00e9rations de tournage suisses simultan\u00e9es et\/ou se chevauchant.<\/p>\n<ul>\n<li>Le contr\u00f4le simultan\u00e9 du syst\u00e8me \u00e0 3 voies permet un usinage simultan\u00e9 superpos\u00e9<\/li>\n<li>R\u00e9duction du temps de cycle dramatique \u2013 Le contr\u00f4le \u00e0 trois syst\u00e8mes permet de pr\u00e9-positionner l\u2019outil suivant<\/li>\n<li>Fanuc 31i-B CNC<\/li>\n<\/ul>\n<\/div><\/div>\n          <\/div>\n          <div class='product-links'>\n            <a class='btn btn-blue' href='https:\/\/www.tsugamiamerica.com\/machine\/tsugami-bw129z-12-mm-9-axis-swiss-type-cnc-lathe\/' target='_blank'>Plus de d\u00e9tails<\/a>\n            \n            \n          <\/div>\n        <\/div>        \n        \n      [\/vc_column][\/vc_row][vc_row][vc_column][vc_separator color=&#8221;border_grey&#8221;][\/vc_column][\/vc_row][vc_row][vc_column offset=&#8221;vc_col-lg-7 vc_col-md-7&#8243;]<h2 class='section-heading  align-left text-uppercase txt-black  '>LA TECHNOLOGIE \u00c0 L'AFFICHE<\/h2>[\/vc_column][\/vc_row][vc_row equal_height=&#8221;yes&#8221;][vc_column width=&#8221;1\/3&#8243;]\n        <div class='product-container'>\n          <div class='product-ribbon'>Nouveau Produit<\/div>\n          <img class='product-logo' src='https:\/\/www.emecmt.com\/wp-content\/uploads\/2021\/12\/AWRLOGO_Green_2021.png' alt=''>\n          <div class='product-image'><img loading=\"lazy\" decoding=\"async\" width=\"600\" height=\"459\" src=\"https:\/\/www.emecmt.com\/wp-content\/uploads\/2022\/04\/AWR_DC_LB3000_EMAIL.png\" class=\"attachment-post-thumbnail size-post-thumbnail wp-post-image\" alt=\"\" srcset=\"https:\/\/www.emecmt.com\/wp-content\/uploads\/2022\/04\/AWR_DC_LB3000_EMAIL.png 600w, https:\/\/www.emecmt.com\/wp-content\/uploads\/2022\/04\/AWR_DC_LB3000_EMAIL-300x230.png 300w\" sizes=\"auto, (max-width: 600px) 100vw, 600px\" \/><\/div>\n          <div class='product-content'>\n            <h3 class='product-title'>LOAD &#038; GO DC-1 DRAWER CELL<\/h3>\n            <div class='product-description'><div class='product-subtitle'>Tour LB3000 EXII avec robotization<\/div><div><p>Un syst\u00e8me d&#8217;automatisation automatique pour votre tour CNC avec une empreinte compacte et des gabarits flexibles pour s&#8217;adapter aux petites ou grandes pi\u00e8ces. \u00c9quip\u00e9 d&#8217;instructions vid\u00e9o faciles \u00e0 comprendre dans n&#8217;importe quelle langue, aucune exp\u00e9rience ou programmation de robot n&#8217;est n\u00e9cessaire.<\/p>\n<\/div><\/div>\n          <\/div>\n          <div class='product-links'>\n            <a class='btn btn-blue' href='https:\/\/www.automationwithinreach.com\/dc-series' target='_blank'>Plus de d\u00e9tails<\/a>\n            <a class='btn btn-blue-outline' href='#ref3766' data-toggle='modal' data-target='#ref3766'><i class='fab fa-youtube'><\/i> VOIR LA D\u00c9MO<\/a>\n            \n          <\/div>\n        <\/div>        \n        <div class='modal fade modal-youtube' id='ref3766' tabindex='-1' role='dialog' aria-labelledby='ref3766' aria-hidden='true'>\n        <div class='modal-dialog modal-dialog-centered'>\n          <div class='modal-content'>\n            <div class='modal-header justify-content-end'>\n              <div class='modal-close-btn'><button type='button' class='btn btn-blue' data-dismiss='modal'>Ferm\u00e9e<\/button><\/div>\n              <\/div>\n              <iframe id='3766' width='450' height='450' src='https:\/\/www.youtube.com\/embed\/2EkTv8v7gA8' title='YouTube video player' frameborder='0' allow='accelerometer; clipboard-write; encrypted-media; gyroscope; picture-in-picture' allowfullscreen><\/iframe>\n          <\/div>\n        <\/div>\n      <\/div>\n      [\/vc_column][vc_column width=&#8221;1\/3&#8243;]\n        <div class='product-container'>\n          \n          <img class='product-logo' src='https:\/\/www.emecmt.com\/wp-content\/uploads\/2022\/01\/okuma-logo-colour-2.png' alt=''>\n          <div class='product-image'><img loading=\"lazy\" decoding=\"async\" width=\"1680\" height=\"888\" src=\"https:\/\/www.emecmt.com\/wp-content\/uploads\/2022\/04\/FULL.jpg\" class=\"attachment-post-thumbnail size-post-thumbnail wp-post-image\" alt=\"\" srcset=\"https:\/\/www.emecmt.com\/wp-content\/uploads\/2022\/04\/FULL.jpg 1680w, https:\/\/www.emecmt.com\/wp-content\/uploads\/2022\/04\/FULL-300x159.jpg 300w, https:\/\/www.emecmt.com\/wp-content\/uploads\/2022\/04\/FULL-1024x541.jpg 1024w, https:\/\/www.emecmt.com\/wp-content\/uploads\/2022\/04\/FULL-768x406.jpg 768w, https:\/\/www.emecmt.com\/wp-content\/uploads\/2022\/04\/FULL-1536x812.jpg 1536w\" sizes=\"auto, (max-width: 1680px) 100vw, 1680px\" \/><\/div>\n          <div class='product-content'>\n            <h3 class='product-title'>Connect Plan<\/h3>\n            <div class='product-description'><div class='product-subtitle'>Industrie 4.0 monitoring<\/div><div><p>&#8220;Connect Plan&#8221; fournit des analyses pour une meilleure utilisation des machines-outils et en fournissant des informations visuelles sur les op\u00e9rations et l&#8217;usinage de chaque machine dans l&#8217;usine. Connectez simplement le contr\u00f4leur CNC OSP \u00e0 un serveur et installez la suite &#8220;Factory Monitor&#8221; sur le serveur pour voir l&#8217;\u00e9tat de fonctionnement de la machines-outils, \u00e0 partir d&#8217;un bureau, smartphone ou virtuellement partout.<\/p>\n<\/div><\/div>\n          <\/div>\n          <div class='product-links'>\n            <a class='btn btn-blue' href='https:\/\/www.okuma.com\/connect-plan' target='_blank'>Plus de d\u00e9tails<\/a>\n            <a class='btn btn-blue-outline' href='#ref3761' data-toggle='modal' data-target='#ref3761'><i class='fab fa-youtube'><\/i> VOIR LA D\u00c9MO<\/a>\n            \n          <\/div>\n        <\/div>        \n        <div class='modal fade modal-youtube' id='ref3761' tabindex='-1' role='dialog' aria-labelledby='ref3761' aria-hidden='true'>\n        <div class='modal-dialog modal-dialog-centered'>\n          <div class='modal-content'>\n            <div class='modal-header justify-content-end'>\n              <div class='modal-close-btn'><button type='button' class='btn btn-blue' data-dismiss='modal'>Ferm\u00e9e<\/button><\/div>\n              <\/div>\n              <iframe id='3761' width='450' height='450' src='https:\/\/www.youtube.com\/embed\/Aw6t7Sy4wiE' title='YouTube video player' frameborder='0' allow='accelerometer; clipboard-write; encrypted-media; gyroscope; picture-in-picture' allowfullscreen><\/iframe>\n          <\/div>\n        <\/div>\n      <\/div>\n      [\/vc_column][vc_column width=&#8221;1\/3&#8243;]\n        <div class='product-container'>\n          \n          <img class='product-logo' src='https:\/\/www.emecmt.com\/wp-content\/uploads\/2021\/12\/RENISHAW-LOGO.png' alt=''>\n          <div class='product-image'><img loading=\"lazy\" decoding=\"async\" width=\"1911\" height=\"2560\" src=\"https:\/\/www.emecmt.com\/wp-content\/uploads\/2021\/12\/RENISHAW-EQUATOR-scaled.jpg\" class=\"attachment-post-thumbnail size-post-thumbnail wp-post-image\" alt=\"\" srcset=\"https:\/\/www.emecmt.com\/wp-content\/uploads\/2021\/12\/RENISHAW-EQUATOR-scaled.jpg 1911w, https:\/\/www.emecmt.com\/wp-content\/uploads\/2021\/12\/RENISHAW-EQUATOR-224x300.jpg 224w, https:\/\/www.emecmt.com\/wp-content\/uploads\/2021\/12\/RENISHAW-EQUATOR-764x1024.jpg 764w, https:\/\/www.emecmt.com\/wp-content\/uploads\/2021\/12\/RENISHAW-EQUATOR-768x1029.jpg 768w, https:\/\/www.emecmt.com\/wp-content\/uploads\/2021\/12\/RENISHAW-EQUATOR-1147x1536.jpg 1147w, https:\/\/www.emecmt.com\/wp-content\/uploads\/2021\/12\/RENISHAW-EQUATOR-1529x2048.jpg 1529w\" sizes=\"auto, (max-width: 1911px) 100vw, 1911px\" \/><\/div>\n          <div class='product-content'>\n            <h3 class='product-title'>EQUATOR \u2122 300 GAUGING SYSTEM<\/h3>\n            <div class='product-description'><div class='product-subtitle'>Syst\u00e8me de m\u00e9trologie, EQUATOR 300<\/div><div><p>Les syst\u00e8mes de jaugeage \u201cEquator\u201d de Renishaw constituent une technologie de jaugeage innovante et hautement reproductible, bas\u00e9e sur la comparaison traditionnelle des pi\u00e8ces de production \u00e0 une pi\u00e8ce ma\u00eetresse de r\u00e9f\u00e9rence. La remasterisation est aussi rapide que la mesure d&#8217;une pi\u00e8ce de production et compense imm\u00e9diatement tout changement dans les conditions thermiques d&#8217;un environnement d&#8217;atelier. Les syst\u00e8mes \u201cEquator\u201d peuvent \u00eatre utilis\u00e9s dans des usines pr\u00e9sentant de larges variations de temp\u00e9rature : il suffit de les remasteriser et le syst\u00e8me est \u00ab remis \u00e0 z\u00e9ro \u00bb, pr\u00eat pour une comparaison reproductible avec la pi\u00e8ce ma\u00eetresse de r\u00e9f\u00e9rence.<\/p>\n<\/div><\/div>\n          <\/div>\n          <div class='product-links'>\n            <a class='btn btn-blue' href='https:\/\/www.renishaw.com\/en\/equator-gauging-explained--13465' target='_blank'>Plus de d\u00e9tails<\/a>\n            <a class='btn btn-blue-outline' href='#ref4549' data-toggle='modal' data-target='#ref4549'><i class='fab fa-youtube'><\/i> VOIR LA D\u00c9MO<\/a>\n            \n          <\/div>\n        <\/div>        \n        <div class='modal fade modal-youtube' id='ref4549' tabindex='-1' role='dialog' aria-labelledby='ref4549' aria-hidden='true'>\n        <div class='modal-dialog modal-dialog-centered'>\n          <div class='modal-content'>\n            <div class='modal-header justify-content-end'>\n              <div class='modal-close-btn'><button type='button' class='btn btn-blue' data-dismiss='modal'>Ferm\u00e9e<\/button><\/div>\n              <\/div>\n              <iframe id='4549' width='450' height='450' src='https:\/\/www.youtube.com\/watch?v=5VG4v6umss8' title='YouTube video player' frameborder='0' allow='accelerometer; clipboard-write; encrypted-media; gyroscope; picture-in-picture' allowfullscreen><\/iframe>\n          <\/div>\n        <\/div>\n      <\/div>\n      [\/vc_column][\/vc_row][vc_row el_id=&#8221;ENREGISTREMENT&#8221;][vc_column][vc_empty_space][vc_separator color=&#8221;border_grey&#8221;][vc_row_inner][vc_column_inner width=&#8221;1\/6&#8243;][\/vc_column_inner][vc_column_inner width=&#8221;2\/3&#8243;]<h2 class='section-heading  align-center  txt-black  '>ENREGISTREMENT<\/h2>[vc_empty_space height=&#8221;20px&#8221;]<h2 class='section-heading h5 align-center text-uppercase txt-blue  mb-3'>Journ\u00e9e portes ouvertes \u00e0 Montr\u00e9al \u2013 08 et 09 novembre<\/h2>[\/vc_column_inner][vc_column_inner width=&#8221;1\/6&#8243;][\/vc_column_inner][\/vc_row_inner][\/vc_column][\/vc_row][vc_row el_id=&#8221;montreal-location-hours&#8221;][vc_column][vc_empty_space][vc_separator color=&#8221;border_grey&#8221;][\/vc_column][\/vc_row][vc_row][vc_column width=&#8221;5\/12&#8243;]<h2 class='section-heading  align-left text-uppercase txt-black  '>LIEUX ET HEURES<\/h2>[vc_empty_space height=&#8221;20px&#8221;]<h3 class='section-heading h5 align-left text-uppercase txt-blue  mb-3'>montreal<\/h3>[vc_row_inner][vc_column_inner width=&#8221;1\/2&#8243; offset=&#8221;vc_col-xs-6&#8243;]<div class='section-content wpb_text_column wpb_content_element align-left Select txt-black  '><div class='wpb_wrapper'><p><strong>7939 Blvd<br \/>\nHenri-Bourassa Ouest.<\/strong><\/p>\n<p>T. 514-735-6888<br \/>\nF. 514-735-6845<\/p>\n<\/div><\/div>[\/vc_column_inner][vc_column_inner width=&#8221;1\/2&#8243; offset=&#8221;vc_col-xs-6&#8243;]<div class='section-content wpb_text_column wpb_content_element align-left Select txt-black  '><div class='wpb_wrapper'><p><strong>Horaires d&#8217;ouvertures:<br \/>\n<\/strong>Du lundi au vendredi<br \/>\n8h00 \u2013 17h00<\/p>\n<\/div><\/div>[\/vc_column_inner][\/vc_row_inner]<h3 class='section-heading h5 align-left text-uppercase txt-black  mb-3'>\u00caTES-VOUS INTERESSEZ DE NOUS VISITER?<\/h3><div class='section-content wpb_text_column wpb_content_element align-left Select txt-black  mb-5'><div class='wpb_wrapper'><p>Veuillez nous faire parvenir une demande de rendez-vous, afin que nous puissions prendre des dispositions pour qu&#8217;un employ\u00e9 d&#8217;EMEC vous accueille et r\u00e9ponde \u00e0 toutes vos questions. Nous avons h\u00e2te de vous rencontrer!<\/p>\n<\/div><\/div>[vc_btn title=&#8221;DEMANDER UN RENDEZ-VOUS&#8221; color=&#8221;blue_button&#8221; link=&#8221;url:https%3A%2F%2Fwww.emecmt.com%2Ffr%2Fpour-nous-joindre%2Frendez-vous-au-centre-technique%2F|title:Tech%20Centre%20Appointment%20Request%20(FR)&#8221; css=&#8221;.vc_custom_1647461238390{margin-left: 0px !important;}&#8221; el_class=&#8221;btn-mobile-block mb-5&#8243;][\/vc_column][vc_column width=&#8221;1\/2&#8243; offset=&#8221;vc_col-lg-offset-1 vc_col-md-offset-1 vc_col-sm-offset-1&#8243;][vc_gmaps link=&#8221;#E-8_JTNDaWZyYW1lJTIwc3JjJTNEJTIyaHR0cHMlM0ElMkYlMkZ3d3cuZ29vZ2xlLmNvbSUyRm1hcHMlMkZlbWJlZCUzRnBiJTNEJTIxMW0xOCUyMTFtMTIlMjExbTMlMjExZDI3OTYuMjgyOTAxMjQ5OTkzOCUyMTJkLTczLjc0NTU0NTgyMzI2ODM5JTIxM2Q0NS41MDQzODM0MzA3NTYwMyUyMTJtMyUyMTFmMCUyMTJmMCUyMTNmMCUyMTNtMiUyMTFpMTAyNCUyMTJpNzY4JTIxNGYxMy4xJTIxM20zJTIxMW0yJTIxMXMweDRjYzkxNzk0NWVhOTljYWIlMjUzQTB4MzE5M2Q3ZjI1MDA2MzhjNCUyMTJzRU1FQyUyNTIwTWFjaGluZXMtT3V0aWxzJTI1MjBJbmMlMjE1ZTAlMjEzbTIlMjExc2VuJTIxMnNjYSUyMTR2MTY5NjYxMjI0MzA3NiUyMTVtMiUyMTFzZW4lMjEyc2NhJTIyJTIwd2lkdGglM0QlMjI2MDAlMjIlMjBoZWlnaHQlM0QlMjI0NTAlMjIlMjBzdHlsZSUzRCUyMmJvcmRlciUzQTAlM0IlMjIlMjBhbGxvd2Z1bGxzY3JlZW4lM0QlMjIlMjIlMjBsb2FkaW5nJTNEJTIybGF6eSUyMiUyMHJlZmVycmVycG9saWN5JTNEJTIybm8tcmVmZXJyZXItd2hlbi1kb3duZ3JhZGUlMjIlM0UlM0MlMkZpZnJhbWUlM0U=&#8221; size=&#8221;429px&#8221;][\/vc_column][\/vc_row][\/vc_section]<\/p>\n<\/section>","protected":false},"excerpt":{"rendered":"<p>[vc_section][vc_row el_id=&#8221;montreal&#8221;][vc_column width=&#8221;7\/12&#8243;][vc_btn title=&#8221;Enregistrement&#8221; color=&#8221;outline_blue_button&#8221; i_align=&#8221;right&#8221; i_icon_fontawesome=&#8221;fas fa-arrow-down&#8221; add_icon=&#8221;true&#8221; link=&#8221;url:%23ENREGISTREMENT&#8221; css=&#8221;.vc_custom_1696612010228{margin-left: 0px !important;}&#8221; el_class=&#8221;btn-mobile-block mb-5&#8243;][\/vc_column][vc_column width=&#8221;1\/3&#8243; offset=&#8221;vc_col-lg-offset-1 vc_col-md-offset-1 vc_col-sm-offset-1&#8243;][vc_single_image image=&#8221;4526&#8243; img_size=&#8221;full&#8221; onclick=&#8221;zoom&#8221;][vc_btn title=&#8221;Brochure de l\u2019\u00e9v\u00e8nement&#8221; color=&#8221;outline_blue_button&#8221; i_align=&#8221;right&#8221; i_icon_fontawesome=&#8221;fas fa-arrow-down&#8221; add_icon=&#8221;true&#8221; link=&#8221;url:https%3A%2F%2Fwww.emecmt.com%2Fwp-content%2Fuploads%2F2021%2F12%2FEMEC-MONTREAL-OPEN-HOUSE-NOVEMBER-2023-FR-1.pdf|target:_blank&#8221; css=&#8221;.vc_custom_1696974883370{margin-left: 0px !important;}&#8221; el_class=&#8221;btn-mobile-block mb-5&#8243;][\/vc_column][\/vc_row][vc_row][vc_column][vc_separator color=&#8221;border_grey&#8221;][\/vc_column][\/vc_row][vc_row][vc_column offset=&#8221;vc_col-lg-7 vc_col-md-7&#8243;][\/vc_column][\/vc_row][vc_row equal_height=&#8221;yes&#8221;][vc_column width=&#8221;1\/3&#8243;][\/vc_column][vc_column width=&#8221;1\/3&#8243;][\/vc_column][vc_column width=&#8221;1\/3&#8243;][\/vc_column][\/vc_row][vc_row][vc_column][vc_separator color=&#8221;border_grey&#8221;][\/vc_column][\/vc_row][vc_row][vc_column [&hellip;]<\/p>\n","protected":false},"author":6,"featured_media":0,"parent":367,"menu_order":1,"comment_status":"closed","ping_status":"closed","template":"","meta":{"footnotes":""},"class_list":["post-4459","page","type-page","status-publish","hentry"],"acf":[],"aioseo_notices":[],"_links":{"self":[{"href":"https:\/\/www.emecmt.com\/fr\/wp-json\/wp\/v2\/pages\/4459","targetHints":{"allow":["GET"]}}],"collection":[{"href":"https:\/\/www.emecmt.com\/fr\/wp-json\/wp\/v2\/pages"}],"about":[{"href":"https:\/\/www.emecmt.com\/fr\/wp-json\/wp\/v2\/types\/page"}],"author":[{"embeddable":true,"href":"https:\/\/www.emecmt.com\/fr\/wp-json\/wp\/v2\/users\/6"}],"replies":[{"embeddable":true,"href":"https:\/\/www.emecmt.com\/fr\/wp-json\/wp\/v2\/comments?post=4459"}],"version-history":[{"count":0,"href":"https:\/\/www.emecmt.com\/fr\/wp-json\/wp\/v2\/pages\/4459\/revisions"}],"up":[{"embeddable":true,"href":"https:\/\/www.emecmt.com\/fr\/wp-json\/wp\/v2\/pages\/367"}],"wp:attachment":[{"href":"https:\/\/www.emecmt.com\/fr\/wp-json\/wp\/v2\/media?parent=4459"}],"curies":[{"name":"wp","href":"https:\/\/api.w.org\/{rel}","templated":true}]}}