{"id":3545,"date":"2022-03-30T17:10:00","date_gmt":"2022-03-30T21:10:00","guid":{"rendered":"https:\/\/www.emecmt.com\/?page_id=3545"},"modified":"2022-03-30T17:24:44","modified_gmt":"2022-03-30T21:24:44","slug":"geminis","status":"publish","type":"page","link":"https:\/\/www.emecmt.com\/fr\/produits\/geminis\/","title":{"rendered":"GEMINIS (FR)"},"content":{"rendered":"<section class=\"wpb-content-wrapper\"><p>[vc_row full_width=&#8221;stretch_row&#8221;][vc_column]\n    <div class='tabs-container ' id=''>\n      <div class='tabs-nav'>\n        <div class='tabs-list d-none' id='nav-tab' role='tablist'>\n          <a href='#tabid-Tours-Horizontaux' class='tab-link' id='tab-Tours-Horizontaux' aria-controls='tabid-Tours-Horizontaux' data-toggle='tab' role='tab' aria-selected='false'>Tours horizontaux<\/a>\n        <\/div>\n        <div class='tabs-list tabs-list-mobile position-relative d-block'>\n          <span class='tab-label'>Machine Types<\/span>\n          <button class='nav-link dropdown-toggle' id='tab-dropdown' role='button' data-toggle='dropdown' aria-haspopup='true' aria-expanded='false'>\n          <\/button>\n          <div class='dropdown-menu' aria-labelledby='tab-dropdown'>\n            <a href='#tabid-Tours-Horizontaux' class='tab-link' id='tab-Tours-Horizontaux' aria-controls='tabid-Tours-Horizontaux' data-toggle='tab' role='tab' aria-selected='false'>Tours horizontaux<\/a>\n          <\/div>\n        <\/div>\n      <\/div>\n\n      <div class='tab-content tabs-inner-container' id='nav-tabContent'>\n      <div class='tab-pane fade ' id='tabid-Tours-Horizontaux' aria-labelledby='tab-Tours-Horizontaux' role='tabpanel'>\n      <p>[vc_row_inner el_class=&#8221;mb-5&#8243; el_id=&#8221;Tours Horizontaux&#8221;][vc_column_inner width=&#8221;7\/12&#8243;]<h2 class='section-heading  align-left text-uppercase txt-black  '>TOURS HORIZONTAUX<\/h2><div class='section-content wpb_text_column wpb_content_element align-left Select txt-black  mb-5'><div class='wpb_wrapper'><h4>Avantages de la gamme GTI<\/h4>\n<\/div><\/div><div class='section-content wpb_text_column wpb_content_element align-left Select txt-black  mb-5'><div class='wpb_wrapper'><p>Une gamme avec une plus grande rigidit\u00e9 et une meilleure ergonomie, et des options de personnalisation des machines. L&#8217;ing\u00e9nierie d&#8217;application permet de nouvelles fonctionnalit\u00e9s telles que la poup\u00e9e mobile intelligente, les mod\u00e8les de compensation thermique de l&#8217;option d&#8217;application SMART MANUFACTURING.<\/p>\n<\/div><\/div><div class='section-content wpb_text_column wpb_content_element align-left Select txt-mid-grey  mb-3'><div class='wpb_wrapper'><p>RESSOURCES<\/p>\n<\/div><\/div>[vc_btn title=&#8221;Profil de l&#8217;entreprise Geminis&#8221; color=&#8221;grey_text_button&#8221; align=&#8221;left&#8221; i_icon_fontawesome=&#8221;fab fa-youtube&#8221; add_icon=&#8221;true&#8221; link=&#8221;url:https%3A%2F%2Fwww.youtube.com%2Fembed%2F4P1f3dOIorU|title:GEMINIS%20CORPORATE%20PROFILE|target:_blank&#8221; el_class=&#8221;mb-5&#8243;][vc_btn title=&#8221;DEMANDER UN DEVIS MACHINE&#8221; color=&#8221;blue_button&#8221; link=&#8221;url:https%3A%2F%2Fwww.emecmt.com%2Ffr%2Fpour-nous-joindre%2Fdemander-un-devis-de-machine%2F|title:DEMANDER%20UN%20DEVIS%20MACHINE&#8221; el_class=&#8221;mb-5&#8243;][\/vc_column_inner][vc_column_inner width=&#8221;1\/3&#8243; offset=&#8221;vc_col-lg-offset-1 vc_col-md-offset-1 vc_col-sm-offset-1&#8243;][vc_video link=&#8221;https:\/\/www.youtube.com\/embed\/NTo1DkDr-Yk&#8221;][\/vc_column_inner][\/vc_row_inner][vc_row_inner equal_height=&#8221;yes&#8221;][vc_column_inner width=&#8221;1\/3&#8243;][\/vc_column_inner][vc_column_inner width=&#8221;1\/3&#8243;]\n        <div class='product-container'>\n          \n          <img class='product-logo' src='https:\/\/www.emecmt.com\/wp-content\/uploads\/2021\/12\/geminis-logo-colour.png' alt=''>\n          <div class='product-image'><img loading=\"lazy\" decoding=\"async\" width=\"2500\" height=\"1768\" src=\"https:\/\/www.emecmt.com\/wp-content\/uploads\/2022\/03\/GT5i.png\" class=\"attachment-post-thumbnail size-post-thumbnail wp-post-image\" alt=\"\" srcset=\"https:\/\/www.emecmt.com\/wp-content\/uploads\/2022\/03\/GT5i.png 2500w, https:\/\/www.emecmt.com\/wp-content\/uploads\/2022\/03\/GT5i-300x212.png 300w, https:\/\/www.emecmt.com\/wp-content\/uploads\/2022\/03\/GT5i-1024x724.png 1024w, https:\/\/www.emecmt.com\/wp-content\/uploads\/2022\/03\/GT5i-768x543.png 768w, https:\/\/www.emecmt.com\/wp-content\/uploads\/2022\/03\/GT5i-1536x1086.png 1536w, https:\/\/www.emecmt.com\/wp-content\/uploads\/2022\/03\/GT5i-2048x1448.png 2048w\" sizes=\"auto, (max-width: 2500px) 100vw, 2500px\" \/><\/div>\n          <div class='product-content'>\n            <h3 class='product-title'>GT5I<\/h3>\n            <div class='product-description'><div class='product-subtitle'>Tour Horizontal<\/div><div><ul>\n<li>Banc rabattable: 1200\/1400 (mm)<\/li>\n<li>Longueur : 1\u202624 (m)<\/li>\n<li>Poids maximum entre pointes\u00a0: 6\u00a0000-12\u00a0000 (kg)<\/li>\n<li>Puissance de t\u00eate : 30\/45 &#8211; 51\/78 (kw)<\/li>\n<li>Couple (S1-100 %\/S6-40 %) : 6 400\/9 500 \u2013 14 000\/21 600 (Nm)<\/li>\n<\/ul>\n<\/div><\/div>\n          <\/div>\n          <div class='product-links'>\n            <a class='btn btn-blue' href='https:\/\/www.geminislathes.com\/es\/tornos-horizontales\/gt5#download' target='_blank'>Plus de d\u00e9tails<\/a>\n            <a class='btn btn-blue-outline' href='#ref3546' data-toggle='modal' data-target='#ref3546'><i class='fab fa-youtube'><\/i> VOIR LA D\u00c9MO<\/a>\n            \n          <\/div>\n        <\/div>        \n        <div class='modal fade modal-youtube' id='ref3546' tabindex='-1' role='dialog' aria-labelledby='ref3546' aria-hidden='true'>\n        <div class='modal-dialog modal-dialog-centered'>\n          <div class='modal-content'>\n            <div class='modal-header justify-content-end'>\n              <div class='modal-close-btn'><button type='button' class='btn btn-blue' data-dismiss='modal'>Ferm\u00e9e<\/button><\/div>\n              <\/div>\n              <iframe id='3546' width='450' height='450' src='https:\/\/www.youtube.com\/embed\/ClLpAl86Q9w' title='YouTube video player' frameborder='0' allow='accelerometer; clipboard-write; encrypted-media; gyroscope; picture-in-picture' allowfullscreen><\/iframe>\n          <\/div>\n        <\/div>\n      <\/div>\n      [\/vc_column_inner][vc_column_inner width=&#8221;1\/3&#8243;][\/vc_column_inner][\/vc_row_inner]<\/p>\n\n    <\/div>\n  \n    <div class='tab-pane fade ' id='tabid-' aria-labelledby='tab-' role='tabpanel'>\n      <p>[vc_row_inner disable_element=&#8221;yes&#8221; el_class=&#8221;mb-5&#8243; el_id=&#8221;MULTI-PROCESS LATHES&#8221;][vc_column_inner width=&#8221;7\/12&#8243;]<h2 class='section-heading  align-left text-uppercase txt-black  '>MULTI-PROCESS LATHES<\/h2><div class='section-content wpb_text_column wpb_content_element align-left Select txt-black  mb-5'><div class='wpb_wrapper'><h4>ONE MACHINE, ALL PROCESSES<\/h4>\n<\/div><\/div><div class='section-content wpb_text_column wpb_content_element align-left Select txt-black  mb-5'><div class='wpb_wrapper'><p>Turning, milling, boring, OD\/ID grinding, burning and fine machining, deep hole drilling, CNC facing, hobbing, others under request.<\/p>\n<\/div><\/div>[vc_btn title=&#8221;REQUEST A MACHINE QUOTE&#8221; color=&#8221;blue_button&#8221; link=&#8221;url:https%3A%2F%2Fwww.emecmt.com%2Fen%2Fcontact-us%2Fmachine-quote-inquiry%2F|title:Get%20a%20quote&#8221; el_class=&#8221;mb-5&#8243;][\/vc_column_inner][vc_column_inner width=&#8221;1\/3&#8243; offset=&#8221;vc_col-lg-offset-1 vc_col-md-offset-1 vc_col-sm-offset-1&#8243;][vc_video link=&#8221;https:\/\/www.youtube.com\/embed\/4P1f3dOIorU&#8221;][\/vc_column_inner][\/vc_row_inner][vc_row_inner equal_height=&#8221;yes&#8221; disable_element=&#8221;yes&#8221;][vc_column_inner width=&#8221;1\/3&#8243;][\/vc_column_inner][vc_column_inner width=&#8221;1\/3&#8243;][\/vc_column_inner][vc_column_inner width=&#8221;1\/3&#8243;][\/vc_column_inner][\/vc_row_inner]<\/p>\n\n    <\/div>\n\n      <\/div>\n    <\/div>\n\n    <script>\n    jQuery(document).ready(function ($) {\n      $('.tab-pane').first().addClass('active show ');\n      $('.tab-link').first().addClass('active show ');\n      $('.tab-link').first().attr('aria-selected', 'true');\n\n      const firstId = $('.tabs-list .dropdown-menu a').first().attr('id');\n      const firstText = $('.tabs-list .dropdown-menu a').first().text();\n\n      $('#tab-dropdown').attr('dataid', firstId);\n      $('#tab-dropdown').text(firstText);\n      $('.tabs-list .dropdown-menu a').first().addClass('active');\n\n      \/\/ Desktop tab menu handler\n      $('#nav-tab a').click(function() {\n        $('.tabs-list a').removeClass('active show');\n        $('.tab-pane').removeClass('active show');\n        $('.tab-link').attr('aria-selected', 'false');\n\n        \/\/ $(this).addClass('active show'); \/\/ Remove this line if tab content fade functionality is required\n        $(this).attr('aria-selected', 'true');\n\n        \/\/ Desktop content pane\n        $('[aria-labelledby=' + $(this).attr('id') + ']').addClass('active show');\n\n        \/\/ Targets mobile dropdown\n        $('#tab-dropdown').attr('dataid', $(this).attr('id'));\n        $('#tab-dropdown').text($(this).text());\n        $('.tabs-list .dropdown-menu a#' + $(this).attr('id')).addClass('active');\n      });\n\n      \/\/ Mobile dropdown menu handler\n      $('.tabs-list .dropdown-menu a').click(function() {\n        $('.tabs-list .dropdown-menu a').removeClass('active');\n        $('#nav-tab a').removeClass('active');\n        $('#nav-tab a#' + $(this).attr('id')).addClass('active');\n        $('#tab-dropdown').attr('dataid', $(this).attr('id'));\n        $('#tab-dropdown').text($(this).text());\n      });\n    });\n    <\/script>    \n  [\/vc_column][\/vc_row][vc_section el_class=&#8221;pt-5&#8243;][vc_row][vc_column width=&#8221;2\/3&#8243;]\n    <div class='cta-box-container bg-white'>\n      <span class='cta-box-subtitle'><\/span>\n      <h3 class='cta-box-title'>INT\u00c9RESS\u00c9 PAR UNE MACHINE OU VOUS AVEZ UNE QUESTION?<\/h3>\n      <p class='cta-box-body'>Que vous ayez un besoin sp\u00e9cifique en t\u00eate ou que vous soyez encore en phase de planification, parlons-en. Nous pouvons travailler ensemble pour trouver une solution pour aider votre entreprise \u00e0 atteindre ses objectifs.<\/p>\n      <a class='cta-box-btn' href='https:\/\/www.emecmt.com\/fr\/pour-nous-joindre\/demander-un-devis-de-machine\/' >\n        CONNECTEZ-VOUS AVEC NOUS<i class='fas fa-chevron-right'><\/i>\n      <\/a>\n    <\/div>\n  [\/vc_column][\/vc_row][vc_row][vc_column][vc_separator color=&#8221;border_grey&#8221; el_class=&#8221;mb-5&#8243;][\/vc_column][\/vc_row][vc_row disable_element=&#8221;yes&#8221;][vc_column]<h3 class='section-heading  align-left text-uppercase txt-black mb-5 '>Technology Board<\/h3>[\/vc_column][\/vc_row][vc_row disable_element=&#8221;yes&#8221;][vc_column width=&#8221;1\/3&#8243;][\/vc_column][vc_column width=&#8221;1\/3&#8243;][\/vc_column][vc_column width=&#8221;1\/3&#8243;][\/vc_column][\/vc_row][\/vc_section][vc_section full_width=&#8221;stretch_row&#8221; disable_element=&#8221;yes&#8221; el_class=&#8221;bg-light-grey&#8221;][vc_row][vc_column width=&#8221;7\/12&#8243;]<h3 class='section-heading  align-left text-uppercase txt-black pb-2 mb-4'>Okuma Preventative Maintenance Program<\/h3><div class='section-content wpb_text_column wpb_content_element align-left Select txt-black  mb-5'><div class='wpb_wrapper'><p>With Okuma\u2019s successful acquisition of Okuma Howa machine tools, EMEC now services both brands and would like to offer the same quality Preventative Maintenance programs to our Okuma Howa customers that our Okuma customers have successfully utilized in the past.<br \/>\nWe offer a comprehensive multi-point inspection and a custom report with recommendations on how to keep your valuable assets productive and efficient for years to come. Many \u201cdown time\u201d hours can be avoided by early detection of problems, and our Inspection helps to expose potential issues before they become critical; a benefit, both in extended production time and avoidance of premature machine component failure.<\/p>\n<\/div><\/div>[vc_btn title=&#8221;contact us for more information&#8221; color=&#8221;outline_blue_button&#8221; i_align=&#8221;right&#8221; i_icon_fontawesome=&#8221;fas fa-chevron-right&#8221; add_icon=&#8221;true&#8221; link=&#8221;url:%23&#8243;][\/vc_column][vc_column width=&#8221;1\/4&#8243; offset=&#8221;vc_col-lg-offset-2 vc_col-md-offset-2 vc_col-sm-offset-2&#8243;]<div class='section-content wpb_text_column wpb_content_element align-left Select txt-black  mb-3'><div class='wpb_wrapper'><p>RESOURCES<\/p>\n<\/div><\/div>[vc_btn title=&#8221;Okuma Lathe PM Checklist&#8221; color=&#8221;blue_text_button&#8221; align=&#8221;left&#8221; i_icon_fontawesome=&#8221;fas fa-download&#8221; add_icon=&#8221;true&#8221; link=&#8221;url:%23&#8243;][vc_btn title=&#8221;Okuma Machining Centre PM Checklist&#8221; color=&#8221;blue_text_button&#8221; align=&#8221;left&#8221; i_icon_fontawesome=&#8221;fas fa-download&#8221; add_icon=&#8221;true&#8221; link=&#8221;url:%23&#8243;][\/vc_column][\/vc_row][\/vc_section][vc_section][vc_row][vc_column]<div class='section-content wpb_text_column wpb_content_element align-center emphasis txt-mid-grey  mb-3'><div class='wpb_wrapper'><p>D\u00e9couvrez les produits d\u2019autres constructeurs:<\/p>\n<\/div><\/div>[\/vc_column][\/vc_row][vc_row][vc_column width=&#8221;5\/6&#8243; offset=&#8221;vc_col-lg-offset-1 vc_col-md-offset-1 vc_col-sm-offset-1&#8243; el_class=&#8221;d-flex text-center&#8221;][vc_btn title=&#8221;tsugami&#8221; color=&#8221;stylized_button&#8221; i_align=&#8221;right&#8221; i_icon_fontawesome=&#8221;fas fa-chevron-right&#8221; add_icon=&#8221;true&#8221; link=&#8221;url:https%3A%2F%2Fwww.emecmt.com%2Ffr%2Fproduits%2Ftsugami%2F|title:Tsugami&#8221; el_class=&#8221;btn-mobile-block&#8221;][vc_btn title=&#8221;Okuma&#8221; color=&#8221;stylized_button&#8221; i_align=&#8221;right&#8221; i_icon_fontawesome=&#8221;fas fa-chevron-right&#8221; add_icon=&#8221;true&#8221; link=&#8221;url:https%3A%2F%2Fwww.emecmt.com%2Ffr%2Fproduits%2Fokuma%2F|title:Soraluce&#8221; el_class=&#8221;btn-mobile-block&#8221;][vc_btn title=&#8221;milltronics&#8221; color=&#8221;stylized_button&#8221; i_align=&#8221;right&#8221; i_icon_fontawesome=&#8221;fas fa-chevron-right&#8221; add_icon=&#8221;true&#8221; link=&#8221;url:https%3A%2F%2Fwww.emecmt.com%2Ffr%2Fproduits%2Fmilltronics%2F|title:Milltronics&#8221; el_class=&#8221;btn-mobile-block&#8221;][vc_btn title=&#8221;soraluce&#8221; color=&#8221;stylized_button&#8221; i_align=&#8221;right&#8221; i_icon_fontawesome=&#8221;fas fa-chevron-right&#8221; add_icon=&#8221;true&#8221; link=&#8221;url:https%3A%2F%2Fwww.emecmt.com%2Ffr%2Fproduits%2Fsoraluce-fr%2F|title:Milltronics&#8221; el_class=&#8221;btn-mobile-block&#8221;][\/vc_column][\/vc_row][\/vc_section]<\/p>\n<\/section>","protected":false},"excerpt":{"rendered":"<p>[vc_row full_width=&#8221;stretch_row&#8221;][vc_column][\/vc_column][\/vc_row][vc_section el_class=&#8221;pt-5&#8243;][vc_row][vc_column width=&#8221;2\/3&#8243;][\/vc_column][\/vc_row][vc_row][vc_column][vc_separator color=&#8221;border_grey&#8221; el_class=&#8221;mb-5&#8243;][\/vc_column][\/vc_row][vc_row disable_element=&#8221;yes&#8221;][vc_column][\/vc_column][\/vc_row][vc_row disable_element=&#8221;yes&#8221;][vc_column width=&#8221;1\/3&#8243;][\/vc_column][vc_column width=&#8221;1\/3&#8243;][\/vc_column][vc_column width=&#8221;1\/3&#8243;][\/vc_column][\/vc_row][\/vc_section][vc_section full_width=&#8221;stretch_row&#8221; disable_element=&#8221;yes&#8221; el_class=&#8221;bg-light-grey&#8221;][vc_row][vc_column width=&#8221;7\/12&#8243;][vc_btn title=&#8221;contact us for more information&#8221; color=&#8221;outline_blue_button&#8221; i_align=&#8221;right&#8221; i_icon_fontawesome=&#8221;fas fa-chevron-right&#8221; add_icon=&#8221;true&#8221; link=&#8221;url:%23&#8243;][\/vc_column][vc_column width=&#8221;1\/4&#8243; offset=&#8221;vc_col-lg-offset-2 vc_col-md-offset-2 vc_col-sm-offset-2&#8243;][vc_btn title=&#8221;Okuma Lathe PM Checklist&#8221; color=&#8221;blue_text_button&#8221; align=&#8221;left&#8221; i_icon_fontawesome=&#8221;fas fa-download&#8221; add_icon=&#8221;true&#8221; link=&#8221;url:%23&#8243;][vc_btn title=&#8221;Okuma Machining Centre PM [&hellip;]<\/p>\n","protected":false},"author":6,"featured_media":0,"parent":640,"menu_order":0,"comment_status":"closed","ping_status":"closed","template":"","meta":{"footnotes":""},"class_list":["post-3545","page","type-page","status-publish","hentry"],"acf":[],"aioseo_notices":[],"_links":{"self":[{"href":"https:\/\/www.emecmt.com\/fr\/wp-json\/wp\/v2\/pages\/3545","targetHints":{"allow":["GET"]}}],"collection":[{"href":"https:\/\/www.emecmt.com\/fr\/wp-json\/wp\/v2\/pages"}],"about":[{"href":"https:\/\/www.emecmt.com\/fr\/wp-json\/wp\/v2\/types\/page"}],"author":[{"embeddable":true,"href":"https:\/\/www.emecmt.com\/fr\/wp-json\/wp\/v2\/users\/6"}],"replies":[{"embeddable":true,"href":"https:\/\/www.emecmt.com\/fr\/wp-json\/wp\/v2\/comments?post=3545"}],"version-history":[{"count":0,"href":"https:\/\/www.emecmt.com\/fr\/wp-json\/wp\/v2\/pages\/3545\/revisions"}],"up":[{"embeddable":true,"href":"https:\/\/www.emecmt.com\/fr\/wp-json\/wp\/v2\/pages\/640"}],"wp:attachment":[{"href":"https:\/\/www.emecmt.com\/fr\/wp-json\/wp\/v2\/media?parent=3545"}],"curies":[{"name":"wp","href":"https:\/\/api.w.org\/{rel}","templated":true}]}}