{"id":3236,"date":"2022-03-15T16:24:50","date_gmt":"2022-03-15T20:24:50","guid":{"rendered":"https:\/\/www.emecmt.com\/?page_id=3236"},"modified":"2025-07-22T12:18:35","modified_gmt":"2025-07-22T16:18:35","slug":"centre-technique-vip-emec-montreal","status":"publish","type":"page","link":"https:\/\/www.emecmt.com\/fr\/centres-techniques\/centre-technique-vip-emec-montreal\/","title":{"rendered":"EMEC VIP Tech Centre &#8211; Montreal (FR)"},"content":{"rendered":"<section class=\"wpb-content-wrapper\"><p>[vc_section][vc_row el_id=&#8221;mississauga&#8221;][vc_column width=&#8221;7\/12&#8243;]<h2 class='section-heading  align-left text-uppercase txt-black  mb-4'>CENTRE TECHNIQUE DE MONTREAL<\/h2><div class='section-content wpb_text_column wpb_content_element align-left Select txt-black  mb-5'><div class='wpb_wrapper'><p>Le centre technique EMEC permet \u00e0 nos clients de faire l&#8217;exp\u00e9rience des d\u00e9monstrations de machines de d\u00e9coupage en direct et de rencontrer nos ing\u00e9nieurs de service et d&#8217;application internes.<\/p>\n<p><strong><u>CARACT\u00c9RISTIQUES DU CENTRE TECHNIQUE VIP EMEC:<\/u><\/strong><\/p>\n<ul>\n<li>2 machines CNC expos\u00e9es<\/li>\n<li>Ing\u00e9nieurs de service et d&#8217;application internes<\/li>\n<li>Installations de formation en salle de r\u00e9union<\/li>\n<li>Simulateurs de contr\u00f4le CNC<\/li>\n<\/ul>\n<\/div><\/div>[vc_btn title=&#8221;LIEU ET HEURES D&#8217;OUVERTURE&#8221; color=&#8221;outline_blue_button&#8221; i_align=&#8221;right&#8221; i_icon_fontawesome=&#8221;fas fa-arrow-down&#8221; add_icon=&#8221;true&#8221; link=&#8221;url:%23mississauga-location-hours&#8221; css=&#8221;.vc_custom_1647461130877{margin-left: 0px !important;}&#8221; el_class=&#8221;btn-mobile-block mb-5&#8243;][\/vc_column][vc_column width=&#8221;1\/3&#8243; offset=&#8221;vc_col-lg-offset-1 vc_col-md-offset-1 vc_col-sm-offset-1&#8243;][vc_single_image image=&#8221;2639&#8243; img_size=&#8221;full&#8221;][\/vc_column][\/vc_row][vc_row][vc_column][vc_separator color=&#8221;border_grey&#8221;][\/vc_column][\/vc_row][vc_row][vc_column offset=&#8221;vc_col-lg-7 vc_col-md-7&#8243;]<h2 class='section-heading  align-left text-uppercase txt-black  '>MACHINES EXPOS\u00c9ES<\/h2>[\/vc_column][\/vc_row][vc_row equal_height=&#8221;yes&#8221;][vc_column width=&#8221;1\/3&#8243;]\n        <div class='product-container'>\n          <div class='product-ribbon'>Soutien en automatisation<\/div>\n          <img class='product-logo' src='https:\/\/www.emecmt.com\/wp-content\/uploads\/2022\/01\/okuma-logo-colour-2.png' alt=''>\n          <div class='product-image'><img loading=\"lazy\" decoding=\"async\" width=\"480\" height=\"316\" src=\"https:\/\/www.emecmt.com\/wp-content\/uploads\/2021\/12\/product-tile-okuma-horizontal-lathes-LB3000-EXII.jpg\" class=\"attachment-post-thumbnail size-post-thumbnail wp-post-image\" alt=\"Okuma LB3000 EX II\" srcset=\"https:\/\/www.emecmt.com\/wp-content\/uploads\/2021\/12\/product-tile-okuma-horizontal-lathes-LB3000-EXII.jpg 480w, https:\/\/www.emecmt.com\/wp-content\/uploads\/2021\/12\/product-tile-okuma-horizontal-lathes-LB3000-EXII-300x198.jpg 300w\" sizes=\"auto, (max-width: 480px) 100vw, 480px\" \/><\/div>\n          <div class='product-content'>\n            <h3 class='product-title'>LB3000 EX II<\/h3>\n            <div class='product-description'><div class='product-subtitle'>Tour<\/div><div><p>Le plus grand tour horizontal de la collection \u00ab Affordable Excellence \u00bb, le LB3000 EX II est construit sur le concept \u201cThermo-Friendly d&#8217;Okuma. Ceci garanti une croissance thermique minimale, et la construction du banc inclin\u00e9 se traduit par une qualit\u00e9 et une rigidit\u00e9 in\u00e9gal\u00e9e.<\/p>\n<\/div><\/div>\n          <\/div>\n          <div class='product-links'>\n            <a class='btn btn-blue' href='https:\/\/www.okuma.com\/products\/lb3000-exii' target='_blank'>Plus de d\u00e9tails<\/a>\n            <a class='btn btn-blue-outline' href='#ref835' data-toggle='modal' data-target='#ref835'><i class='fab fa-youtube'><\/i> Voir la d\u00e9mo<\/a>\n            \n          <\/div>\n        <\/div>        \n        <div class='modal fade modal-youtube' id='ref835' tabindex='-1' role='dialog' aria-labelledby='ref835' aria-hidden='true'>\n        <div class='modal-dialog modal-dialog-centered'>\n          <div class='modal-content'>\n            <div class='modal-header justify-content-end'>\n              <div class='modal-close-btn'><button type='button' class='btn btn-blue' data-dismiss='modal'>Ferm\u00e9e<\/button><\/div>\n              <\/div>\n              <iframe id='835' width='450' height='450' src='https:\/\/www.youtube.com\/embed\/JsSUl2Q85cQ' title='YouTube video player' frameborder='0' allow='accelerometer; clipboard-write; encrypted-media; gyroscope; picture-in-picture' allowfullscreen><\/iframe>\n          <\/div>\n        <\/div>\n      <\/div>\n      [\/vc_column][vc_column width=&#8221;1\/3&#8243;][\/vc_column][vc_column width=&#8221;1\/3&#8243;][\/vc_column][\/vc_row][vc_row disable_element=&#8221;yes&#8221;][vc_column][vc_separator color=&#8221;border_grey&#8221;][\/vc_column][\/vc_row][vc_row disable_element=&#8221;yes&#8221;][vc_column offset=&#8221;vc_col-lg-7 vc_col-md-7&#8243;]<h2 class='section-heading  align-left text-uppercase txt-black  '>TECHNOLOGY ON DISPLAY<\/h2>[\/vc_column][\/vc_row][vc_row equal_height=&#8221;yes&#8221; disable_element=&#8221;yes&#8221;][vc_column width=&#8221;1\/3&#8243;]\n        <div class='product-container'>\n          <div class='product-ribbon'>Nouveau Produit<\/div>\n          <img class='product-logo' src='https:\/\/www.emecmt.com\/wp-content\/uploads\/2021\/12\/AWRLOGO_Green_2021.png' alt=''>\n          <div class='product-image'><img loading=\"lazy\" decoding=\"async\" width=\"600\" height=\"459\" src=\"https:\/\/www.emecmt.com\/wp-content\/uploads\/2022\/04\/AWR_DC_LB3000_EMAIL.png\" class=\"attachment-post-thumbnail size-post-thumbnail wp-post-image\" alt=\"\" srcset=\"https:\/\/www.emecmt.com\/wp-content\/uploads\/2022\/04\/AWR_DC_LB3000_EMAIL.png 600w, https:\/\/www.emecmt.com\/wp-content\/uploads\/2022\/04\/AWR_DC_LB3000_EMAIL-300x230.png 300w\" sizes=\"auto, (max-width: 600px) 100vw, 600px\" \/><\/div>\n          <div class='product-content'>\n            <h3 class='product-title'>LOAD &#038; GO DC-1 DRAWER CELL<\/h3>\n            <div class='product-description'><div class='product-subtitle'>Tour LB3000 EXII avec robotization<\/div><div><p>Un syst\u00e8me d&#8217;automatisation automatique pour votre tour CNC avec une empreinte compacte et des gabarits flexibles pour s&#8217;adapter aux petites ou grandes pi\u00e8ces. \u00c9quip\u00e9 d&#8217;instructions vid\u00e9o faciles \u00e0 comprendre dans n&#8217;importe quelle langue, aucune exp\u00e9rience ou programmation de robot n&#8217;est n\u00e9cessaire.<\/p>\n<\/div><\/div>\n          <\/div>\n          <div class='product-links'>\n            <a class='btn btn-blue' href='https:\/\/www.automationwithinreach.com\/dc-series' target='_blank'>Plus de d\u00e9tails<\/a>\n            <a class='btn btn-blue-outline' href='#ref3766' data-toggle='modal' data-target='#ref3766'><i class='fab fa-youtube'><\/i> VOIR LA D\u00c9MO<\/a>\n            \n          <\/div>\n        <\/div>        \n        <div class='modal fade modal-youtube' id='ref3766' tabindex='-1' role='dialog' aria-labelledby='ref3766' aria-hidden='true'>\n        <div class='modal-dialog modal-dialog-centered'>\n          <div class='modal-content'>\n            <div class='modal-header justify-content-end'>\n              <div class='modal-close-btn'><button type='button' class='btn btn-blue' data-dismiss='modal'>Ferm\u00e9e<\/button><\/div>\n              <\/div>\n              <iframe id='3766' width='450' height='450' src='https:\/\/www.youtube.com\/embed\/2EkTv8v7gA8' title='YouTube video player' frameborder='0' allow='accelerometer; clipboard-write; encrypted-media; gyroscope; picture-in-picture' allowfullscreen><\/iframe>\n          <\/div>\n        <\/div>\n      <\/div>\n      [\/vc_column][vc_column width=&#8221;1\/3&#8243;][\/vc_column][vc_column width=&#8221;1\/3&#8243;][\/vc_column][\/vc_row][vc_row el_id=&#8221;mississauga-location-hours&#8221;][vc_column][vc_empty_space][vc_separator color=&#8221;border_grey&#8221;][\/vc_column][\/vc_row][vc_row][vc_column width=&#8221;5\/12&#8243;]<h2 class='section-heading  align-left text-uppercase txt-black  '>LIEUX ET HEURES<\/h2>[vc_empty_space height=&#8221;20px&#8221;]<h3 class='section-heading h5 align-left text-uppercase txt-blue  mb-3'>montreal<\/h3>[vc_row_inner][vc_column_inner width=&#8221;1\/2&#8243; offset=&#8221;vc_col-xs-6&#8243;]<div class='section-content wpb_text_column wpb_content_element align-left Select txt-black  '><div class='wpb_wrapper'><p><strong>7939 Blvd<br \/>\nHenri-Bourassa Ouest.<\/strong><\/p>\n<p>T. 514-735-6888<br \/>\nF. 514-735-6845<\/p>\n<\/div><\/div>[\/vc_column_inner][vc_column_inner width=&#8221;1\/2&#8243; offset=&#8221;vc_col-xs-6&#8243;]<div class='section-content wpb_text_column wpb_content_element align-left Select txt-black  '><div class='wpb_wrapper'><p><strong>Horaires d&#8217;ouvertures:<br \/>\n<\/strong>Du lundi au vendredi<br \/>\n8h00 \u2013 17h00<\/p>\n<\/div><\/div>[\/vc_column_inner][\/vc_row_inner]<h3 class='section-heading h5 align-left text-uppercase txt-black  mb-3'>\u00caTES-VOUS INTERESSEZ DE NOUS VISITER?<\/h3><div class='section-content wpb_text_column wpb_content_element align-left Select txt-black  mb-5'><div class='wpb_wrapper'><p>Veuillez nous faire parvenir une demande de rendez-vous, afin que nous puissions prendre des dispositions pour qu&#8217;un employ\u00e9 d&#8217;EMEC vous accueille et r\u00e9ponde \u00e0 toutes vos questions. Nous avons h\u00e2te de vous rencontrer!<\/p>\n<\/div><\/div>[vc_btn title=&#8221;DEMANDER UN RENDEZ-VOUS&#8221; color=&#8221;blue_button&#8221; link=&#8221;url:https%3A%2F%2Fwww.emecmt.com%2Ffr%2Fpour-nous-joindre%2Frendez-vous-au-centre-technique%2F|title:Tech%20Centre%20Appointment%20Request%20(FR)&#8221; css=&#8221;.vc_custom_1647461238390{margin-left: 0px !important;}&#8221; el_class=&#8221;btn-mobile-block mb-5&#8243;][\/vc_column][vc_column width=&#8221;1\/2&#8243; offset=&#8221;vc_col-lg-offset-1 vc_col-md-offset-1 vc_col-sm-offset-1&#8243;][vc_gmaps link=&#8221;#E-8_JTNDaWZyYW1lJTIwc3JjJTNEJTIyaHR0cHMlM0ElMkYlMkZ3d3cuZ29vZ2xlLmNvbSUyRm1hcHMlMkZlbWJlZCUzRnBiJTNEJTIxMW0xNCUyMTFtOCUyMTFtMyUyMTFkMjg4Ny4wMzEyMjU1MDM4MjkzJTIxMmQtNzkuNjk2MDI1MzU1MDE3MDglMjEzZDQzLjY0NzUxODY3NzY0MzIlMjEzbTIlMjExaTEwMjQlMjEyaTc2OCUyMTRmMTMuMSUyMTNtMyUyMTFtMiUyMTFzMHgwJTI1M0EweDkzZGZjYzExNjQwMjUwJTIxMnNFTUVDJTI1MjBNYWNoaW5lJTI1MjBUb29scyUyNTIwSW5jJTIxNWUwJTIxM20yJTIxMXNlbiUyMTJzY2ElMjE0djE2NDA2NDAxNDg0OTElMjE1bTIlMjExc2VuJTIxMnNjYSUyMiUyMHdpZHRoJTNEJTIyNjAwJTIyJTIwaGVpZ2h0JTNEJTIyNDUwJTIyJTIwc3R5bGUlM0QlMjJib3JkZXIlM0EwJTNCJTIyJTIwYWxsb3dmdWxsc2NyZWVuJTNEJTIyJTIyJTIwbG9hZGluZyUzRCUyMmxhenklMjIlM0UlM0MlMkZpZnJhbWUlM0U=&#8221; size=&#8221;429px&#8221;][\/vc_column][\/vc_row][\/vc_section]<\/p>\n<\/section>","protected":false},"excerpt":{"rendered":"<p>[vc_section][vc_row el_id=&#8221;mississauga&#8221;][vc_column width=&#8221;7\/12&#8243;][vc_btn title=&#8221;LIEU ET HEURES D&#8217;OUVERTURE&#8221; color=&#8221;outline_blue_button&#8221; i_align=&#8221;right&#8221; i_icon_fontawesome=&#8221;fas fa-arrow-down&#8221; add_icon=&#8221;true&#8221; link=&#8221;url:%23mississauga-location-hours&#8221; css=&#8221;.vc_custom_1647461130877{margin-left: 0px !important;}&#8221; el_class=&#8221;btn-mobile-block mb-5&#8243;][\/vc_column][vc_column width=&#8221;1\/3&#8243; offset=&#8221;vc_col-lg-offset-1 vc_col-md-offset-1 vc_col-sm-offset-1&#8243;][vc_single_image image=&#8221;2639&#8243; img_size=&#8221;full&#8221;][\/vc_column][\/vc_row][vc_row][vc_column][vc_separator color=&#8221;border_grey&#8221;][\/vc_column][\/vc_row][vc_row][vc_column offset=&#8221;vc_col-lg-7 vc_col-md-7&#8243;][\/vc_column][\/vc_row][vc_row equal_height=&#8221;yes&#8221;][vc_column width=&#8221;1\/3&#8243;][\/vc_column][vc_column width=&#8221;1\/3&#8243;][\/vc_column][vc_column width=&#8221;1\/3&#8243;][\/vc_column][\/vc_row][vc_row disable_element=&#8221;yes&#8221;][vc_column][vc_separator color=&#8221;border_grey&#8221;][\/vc_column][\/vc_row][vc_row disable_element=&#8221;yes&#8221;][vc_column offset=&#8221;vc_col-lg-7 vc_col-md-7&#8243;][\/vc_column][\/vc_row][vc_row equal_height=&#8221;yes&#8221; disable_element=&#8221;yes&#8221;][vc_column width=&#8221;1\/3&#8243;][\/vc_column][vc_column width=&#8221;1\/3&#8243;][\/vc_column][vc_column width=&#8221;1\/3&#8243;][\/vc_column][\/vc_row][vc_row el_id=&#8221;mississauga-location-hours&#8221;][vc_column][vc_empty_space][vc_separator color=&#8221;border_grey&#8221;][\/vc_column][\/vc_row][vc_row][vc_column width=&#8221;5\/12&#8243;][vc_empty_space [&hellip;]<\/p>\n","protected":false},"author":6,"featured_media":0,"parent":671,"menu_order":1,"comment_status":"closed","ping_status":"closed","template":"","meta":{"footnotes":""},"class_list":["post-3236","page","type-page","status-publish","hentry"],"acf":[],"aioseo_notices":[],"_links":{"self":[{"href":"https:\/\/www.emecmt.com\/fr\/wp-json\/wp\/v2\/pages\/3236","targetHints":{"allow":["GET"]}}],"collection":[{"href":"https:\/\/www.emecmt.com\/fr\/wp-json\/wp\/v2\/pages"}],"about":[{"href":"https:\/\/www.emecmt.com\/fr\/wp-json\/wp\/v2\/types\/page"}],"author":[{"embeddable":true,"href":"https:\/\/www.emecmt.com\/fr\/wp-json\/wp\/v2\/users\/6"}],"replies":[{"embeddable":true,"href":"https:\/\/www.emecmt.com\/fr\/wp-json\/wp\/v2\/comments?post=3236"}],"version-history":[{"count":0,"href":"https:\/\/www.emecmt.com\/fr\/wp-json\/wp\/v2\/pages\/3236\/revisions"}],"up":[{"embeddable":true,"href":"https:\/\/www.emecmt.com\/fr\/wp-json\/wp\/v2\/pages\/671"}],"wp:attachment":[{"href":"https:\/\/www.emecmt.com\/fr\/wp-json\/wp\/v2\/media?parent=3236"}],"curies":[{"name":"wp","href":"https:\/\/api.w.org\/{rel}","templated":true}]}}